{"id":3441,"date":"2024-09-14T23:08:08","date_gmt":"2024-09-14T21:08:08","guid":{"rendered":"https:\/\/matka.ai\/equipo\/"},"modified":"2025-03-25T15:29:32","modified_gmt":"2025-03-25T14:29:32","slug":"equipo","status":"publish","type":"page","link":"https:\/\/matka.ai\/es\/equipo\/","title":{"rendered":"Equipo"},"content":{"rendered":"\n<div style=\"height:25px\" aria-hidden=\"true\" class=\"wp-block-spacer\"><\/div>\n\n<div class=\"wp-block-uagb-container uagb-block-9495bb42 alignfull uagb-is-root-container\"><div class=\"uagb-container-inner-blocks-wrap\">\n<h1 class=\"wp-block-heading\">Equipo<\/h1>\n\n\n\n<p class=\"has-large-font-size\">Matka naci\u00f3 cuando Jer\u00f3nimo y Miguel, dos ingenieros de IA <strong>amantes de la aventura<\/strong>, se hartaron del interminable desplazamiento para encontrar planes chulos. Imaginaron una aplicaci\u00f3n que <strong> <em>se adaptara a<\/em> ti, ofreci\u00e9ndote<\/strong>sugerencias extravagantes, oportunas y personalizadas que, adem\u00e1s, te inspiraran a explorar <strong>nuevos horizontes<\/strong>, todo ello sin complicaciones. <\/p>\n\n\n\n<p class=\"has-large-font-size\">Tamara, con su habilidad para el dise\u00f1o <strong>intuitivo <\/strong>, se asegura de que la aplicaci\u00f3n sea muy f\u00e1cil de usar. \u00bfY Luis? Es el <strong>mago de los datos<\/strong> que se asegura de que Matka siempre sepa lo que ocurre a tu alrededor.  <\/p>\n\n\n\n<p class=\"has-large-font-size\">Juntos, te ayudan a convertir el tiempo libre en planes inolvidables..<\/p>\n<\/div><\/div>\n\n<div style=\"height:25px\" aria-hidden=\"true\" class=\"wp-block-spacer\"><\/div>\n\n<div class=\"wp-block-uagb-container uagb-layout-grid uagb-block-ad547dd1 alignfull uagb-is-root-container\"><div class=\"uagb-container-inner-blocks-wrap\">\n<figure class=\"wp-block-image aligncenter size-full has-custom-border is-style-rounded\" style=\"margin-top:0;margin-right:0;margin-bottom:0;margin-left:0\"><img decoding=\"async\" src=\"https:\/\/matka.ai\/wp-content\/uploads\/2025\/03\/jero.webp\" alt=\"\" class=\"wp-image-3252\" style=\"border-radius:30px;aspect-ratio:1;object-fit:cover\"\/><\/figure>\n\n\n\n<div class=\"wp-block-uagb-container uagb-block-8ad9bc01\">\n<div class=\"wp-block-uagb-team uagb-team__image-position-above uagb-team__align-left uagb-team__stack-tablet uagb-block-d33d7e2b\"><div class=\"uagb-team__content\"><h2 class=\"uagb-team__title\">Jer\u00f3nimo Gaband\u00e9<\/h2><span class=\"uagb-team__prefix\">HUSTLER<\/span><p class=\"uagb-team__desc\">Como jefe de producto de Matka, Jer\u00f3nimo impulsa la innovaci\u00f3n centr\u00e1ndose en la creaci\u00f3n de los productos adecuados y la selecci\u00f3n de las mejores actividades. Aprovechando su experiencia en el an\u00e1lisis de datos y el aprendizaje autom\u00e1tico, garantiza una experiencia de usuario personalizada. Su pasi\u00f3n por la colaboraci\u00f3n y la creatividad desempe\u00f1a un papel clave en la transformaci\u00f3n de Matka en una plataforma l\u00edder para la planificaci\u00f3n del ocio.  <\/p><ul class=\"uagb-team__social-list\"><li class=\"uagb-team__social-icon\"><a href=\"https:\/\/www.linkedin.com\/in\/jgabande\/\" aria-label=\"linkedin-in\" target=\"_self\" title=\"\" rel=\"noopener noreferrer\"><svg xmlns=\"https:\/\/www.w3.org\/2000\/svg\" viewbox=\"0 0 448 512\"><path d=\"M100.3 448H7.4V148.9h92.88zM53.79 108.1C24.09 108.1 0 83.5 0 53.8a53.79 53.79 0 0 1 107.6 0c0 29.7-24.1 54.3-53.79 54.3zM447.9 448h-92.68V302.4c0-34.7-.7-79.2-48.29-79.2-48.29 0-55.69 37.7-55.69 76.7V448h-92.78V148.9h89.08v40.8h1.3c12.4-23.5 42.69-48.3 87.88-48.3 94 0 111.3 61.9 111.3 142.3V448z\"><\/path><\/svg><\/a><\/li><li class=\"uagb-team__social-icon\"><a href=\"https:\/\/www.instagram.com\/go.fly.now\/\" aria-label=\"instagram\" target=\"_self\" title=\"\" rel=\"noopener noreferrer\"><svg xmlns=\"https:\/\/www.w3.org\/2000\/svg\" viewbox=\"0 0 448 512\"><path d=\"M224.1 141c-63.6 0-114.9 51.3-114.9 114.9s51.3 114.9 114.9 114.9S339 319.5 339 255.9 287.7 141 224.1 141zm0 189.6c-41.1 0-74.7-33.5-74.7-74.7s33.5-74.7 74.7-74.7 74.7 33.5 74.7 74.7-33.6 74.7-74.7 74.7zm146.4-194.3c0 14.9-12 26.8-26.8 26.8-14.9 0-26.8-12-26.8-26.8s12-26.8 26.8-26.8 26.8 12 26.8 26.8zm76.1 27.2c-1.7-35.9-9.9-67.7-36.2-93.9-26.2-26.2-58-34.4-93.9-36.2-37-2.1-147.9-2.1-184.9 0-35.8 1.7-67.6 9.9-93.9 36.1s-34.4 58-36.2 93.9c-2.1 37-2.1 147.9 0 184.9 1.7 35.9 9.9 67.7 36.2 93.9s58 34.4 93.9 36.2c37 2.1 147.9 2.1 184.9 0 35.9-1.7 67.7-9.9 93.9-36.2 26.2-26.2 34.4-58 36.2-93.9 2.1-37 2.1-147.8 0-184.8zM398.8 388c-7.8 19.6-22.9 34.7-42.6 42.6-29.5 11.7-99.5 9-132.1 9s-102.7 2.6-132.1-9c-19.6-7.8-34.7-22.9-42.6-42.6-11.7-29.5-9-99.5-9-132.1s-2.6-102.7 9-132.1c7.8-19.6 22.9-34.7 42.6-42.6 29.5-11.7 99.5-9 132.1-9s102.7-2.6 132.1 9c19.6 7.8 34.7 22.9 42.6 42.6 11.7 29.5 9 99.5 9 132.1s2.7 102.7-9 132.1z\"><\/path><\/svg><\/a><\/li><\/ul><\/div><\/div>\n<\/div>\n<\/div><\/div>\n\n<div class=\"wp-block-uagb-container uagb-layout-grid uagb-block-ebf44cad alignfull uagb-is-root-container\"><div class=\"uagb-container-inner-blocks-wrap\"><figure class=\"wp-block-image aligncenter size-full has-custom-border is-style-rounded swt-hide-desktop\"><img decoding=\"async\" src=\"https:\/\/matka.ai\/wp-content\/uploads\/2025\/03\/miguel.webp\" alt=\"\" class=\"wp-image-3258\" style=\"border-radius:30px;aspect-ratio:1;object-fit:cover\"><\/figure>\n\n\n\n<div class=\"wp-block-uagb-container uagb-block-89e00917\">\n<div class=\"wp-block-uagb-team uagb-team__image-position-above uagb-team__align-left uagb-team__stack-tablet uagb-block-65e2f477\"><div class=\"uagb-team__content\"><h3 class=\"uagb-team__title\">Miguel Reyes<\/h3><span class=\"uagb-team__prefix\">HACKER<\/span><p class=\"uagb-team__desc\">Como experto en aprendizaje autom\u00e1tico de Matka, Miguel est\u00e1 especializado en utilizar la IA para recomendar las mejores actividades a los usuarios. Con un doctorado en Matem\u00e1ticas Aplicadas y una amplia experiencia en aprendizaje autom\u00e1tico, traduce datos complejos en sugerencias de ocio personalizadas. Su liderazgo en soluciones basadas en IA garantiza que Matka ofrezca recomendaciones de primer nivel, mejorando las experiencias de ocio de los usuarios.  <\/p><ul class=\"uagb-team__social-list\"><li class=\"uagb-team__social-icon\"><a href=\"https:\/\/www.linkedin.com\/in\/miguel-reyes-estany-a731b8a6\/\" aria-label=\"linkedin-in\" target=\"_self\" title=\"\" rel=\"noopener noreferrer\"><svg xmlns=\"https:\/\/www.w3.org\/2000\/svg\" viewbox=\"0 0 448 512\"><path d=\"M100.3 448H7.4V148.9h92.88zM53.79 108.1C24.09 108.1 0 83.5 0 53.8a53.79 53.79 0 0 1 107.6 0c0 29.7-24.1 54.3-53.79 54.3zM447.9 448h-92.68V302.4c0-34.7-.7-79.2-48.29-79.2-48.29 0-55.69 37.7-55.69 76.7V448h-92.78V148.9h89.08v40.8h1.3c12.4-23.5 42.69-48.3 87.88-48.3 94 0 111.3 61.9 111.3 142.3V448z\"><\/path><\/svg><\/a><\/li><li class=\"uagb-team__social-icon\"><a href=\"https:\/\/scholar.google.es\/citations?user=2u6zAdgAAAAJ&amp;hl=en\" aria-label=\"google\" target=\"_self\" title=\"\" rel=\"noopener noreferrer\"><svg xmlns=\"https:\/\/www.w3.org\/2000\/svg\" viewbox=\"0 0 488 512\"><path d=\"M488 261.8C488 403.3 391.1 504 248 504 110.8 504 0 393.2 0 256S110.8 8 248 8c66.8 0 123 24.5 166.3 64.9l-67.5 64.9C258.5 52.6 94.3 116.6 94.3 256c0 86.5 69.1 156.6 153.7 156.6 98.2 0 135-70.4 140.8-106.9H248v-85.3h236.1c2.3 12.7 3.9 24.9 3.9 41.4z\"><\/path><\/svg><\/a><\/li><li class=\"uagb-team__social-icon\"><a href=\"https:\/\/www.crunchbase.com\/person\/miguel-reyes-estany\" aria-label=\"money-bill-trend-up\" target=\"_self\" title=\"\" rel=\"noopener noreferrer\"><svg xmlns=\"https:\/\/www.w3.org\/2000\/svg\" viewbox=\"0 0 512 512\"><path d=\"M470.7 9.441C473.7 12.49 476 16 477.6 19.75C479.1 23.5 479.1 27.6 480 31.9V32V128C480 145.7 465.7 160 448 160C430.3 160 416 145.7 416 128V109.3L310.6 214.6C298.8 226.5 279.9 227.2 267.2 216.3L175.1 138.1L84.82 216.3C71.41 227.8 51.2 226.2 39.7 212.8C28.2 199.4 29.76 179.2 43.17 167.7L155.2 71.7C167.2 61.43 184.8 61.43 196.8 71.7L286.3 148.4L370.7 64H352C334.3 64 320 49.67 320 32C320 14.33 334.3 0 352 0H447.1C456.8 0 464.8 3.554 470.6 9.305L470.7 9.441zM0 304C0 277.5 21.49 256 48 256H464C490.5 256 512 277.5 512 304V464C512 490.5 490.5 512 464 512H48C21.49 512 0 490.5 0 464V304zM48 464H96C96 437.5 74.51 416 48 416V464zM48 304V352C74.51 352 96 330.5 96 304H48zM464 416C437.5 416 416 437.5 416 464H464V416zM416 304C416 330.5 437.5 352 464 352V304H416zM256 320C220.7 320 192 348.7 192 384C192 419.3 220.7 448 256 448C291.3 448 320 419.3 320 384C320 348.7 291.3 320 256 320z\"><\/path><\/svg><\/a><\/li><\/ul><\/div><\/div>\n<\/div>\n\n\n<figure class=\"wp-block-image aligncenter size-full has-custom-border is-style-rounded swt-hide-tablet swt-hide-mobile\"><img decoding=\"async\" src=\"https:\/\/matka.ai\/wp-content\/uploads\/2025\/03\/miguel.webp\" alt=\"\" class=\"wp-image-3258\" style=\"border-radius:30px;aspect-ratio:1;object-fit:cover\"><\/figure>\n<\/div><\/div>\n\n<div class=\"wp-block-uagb-container uagb-layout-grid uagb-block-60601f21 alignfull uagb-is-root-container\"><div class=\"uagb-container-inner-blocks-wrap\">\n<figure class=\"wp-block-image aligncenter size-full has-custom-border is-style-rounded\"><img decoding=\"async\" src=\"https:\/\/matka.ai\/wp-content\/uploads\/2025\/03\/luis.webp\" alt=\"\" class=\"wp-image-3255\" style=\"border-radius:30px;aspect-ratio:1;object-fit:cover\"\/><\/figure>\n\n\n\n<div class=\"wp-block-uagb-container uagb-block-f52a91a6\">\n<div class=\"wp-block-uagb-team uagb-team__image-position-above uagb-team__align-left uagb-team__stack-tablet uagb-block-9040f567\"><div class=\"uagb-team__content\"><h3 class=\"uagb-team__title\">Luis Sieira<\/h3><span class=\"uagb-team__prefix\">MAESTRO DE DATOS<\/span><p class=\"uagb-team__desc\">Como Director de Datos de Matka, Luis crea los s\u00f3lidos canales de datos que impulsan nuestras recomendaciones personalizadas. Con casi una d\u00e9cada de experiencia en SAP SuccessFactors y profundos conocimientos en ciberseguridad, garantiza que nuestra infraestructura de datos sea segura, escalable y est\u00e9 preparada para ofrecer informaci\u00f3n en tiempo real. Su pasi\u00f3n por la integridad de los datos y las soluciones innovadoras ayuda a Matka a mantenerse a la vanguardia, sin dejar de estar a salvo.  <\/p><ul class=\"uagb-team__social-list\"><li class=\"uagb-team__social-icon\"><a href=\"https:\/\/www.linkedin.com\/in\/luis-sieira-572a0a102\/\" aria-label=\"linkedin-in\" target=\"_self\" title=\"\" rel=\"noopener noreferrer\"><svg xmlns=\"https:\/\/www.w3.org\/2000\/svg\" viewbox=\"0 0 448 512\"><path d=\"M100.3 448H7.4V148.9h92.88zM53.79 108.1C24.09 108.1 0 83.5 0 53.8a53.79 53.79 0 0 1 107.6 0c0 29.7-24.1 54.3-53.79 54.3zM447.9 448h-92.68V302.4c0-34.7-.7-79.2-48.29-79.2-48.29 0-55.69 37.7-55.69 76.7V448h-92.78V148.9h89.08v40.8h1.3c12.4-23.5 42.69-48.3 87.88-48.3 94 0 111.3 61.9 111.3 142.3V448z\"><\/path><\/svg><\/a><\/li><li class=\"uagb-team__social-icon\"><a href=\"https:\/\/github.com\/sieira\" aria-label=\"github-alt\" target=\"_self\" title=\"\" rel=\"noopener noreferrer\"><svg xmlns=\"https:\/\/www.w3.org\/2000\/svg\" viewbox=\"0 0 480 512\"><path d=\"M186.1 328.7c0 20.9-10.9 55.1-36.7 55.1s-36.7-34.2-36.7-55.1 10.9-55.1 36.7-55.1 36.7 34.2 36.7 55.1zM480 278.2c0 31.9-3.2 65.7-17.5 95-37.9 76.6-142.1 74.8-216.7 74.8-75.8 0-186.2 2.7-225.6-74.8-14.6-29-20.2-63.1-20.2-95 0-41.9 13.9-81.5 41.5-113.6-5.2-15.8-7.7-32.4-7.7-48.8 0-21.5 4.9-32.3 14.6-51.8 45.3 0 74.3 9 108.8 36 29-6.9 58.8-10 88.7-10 27 0 54.2 2.9 80.4 9.2 34-26.7 63-35.2 107.8-35.2 9.8 19.5 14.6 30.3 14.6 51.8 0 16.4-2.6 32.7-7.7 48.2 27.5 32.4 39 72.3 39 114.2zm-64.3 50.5c0-43.9-26.7-82.6-73.5-82.6-18.9 0-37 3.4-56 6-14.9 2.3-29.8 3.2-45.1 3.2-15.2 0-30.1-.9-45.1-3.2-18.7-2.6-37-6-56-6-46.8 0-73.5 38.7-73.5 82.6 0 87.8 80.4 101.3 150.4 101.3h48.2c70.3 0 150.6-13.4 150.6-101.3zm-82.6-55.1c-25.8 0-36.7 34.2-36.7 55.1s10.9 55.1 36.7 55.1 36.7-34.2 36.7-55.1-10.9-55.1-36.7-55.1z\"><\/path><\/svg><\/a><\/li><\/ul><\/div><\/div>\n<\/div>\n<\/div><\/div>\n\n<div class=\"wp-block-uagb-container uagb-layout-grid uagb-block-541856ed alignfull uagb-is-root-container\"><div class=\"uagb-container-inner-blocks-wrap\"><figure class=\"wp-block-image aligncenter size-full has-custom-border is-style-rounded swt-hide-desktop swt-hide-tablet\"><img decoding=\"async\" src=\"https:\/\/matka.ai\/wp-content\/uploads\/2025\/03\/tamara.webp\" alt=\"\" class=\"wp-image-3261\" style=\"border-radius:30px;aspect-ratio:1;object-fit:cover\"><\/figure>\n\n\n\n<div class=\"wp-block-uagb-container uagb-block-ccbfac86\">\n<div class=\"wp-block-uagb-team uagb-team__image-position-above uagb-team__align-left uagb-team__stack-tablet uagb-block-4082decf\"><div class=\"uagb-team__content\"><h3 class=\"uagb-team__title\">Tamara Romero<\/h3><span class=\"uagb-team__prefix\">HIPSTER<\/span><p class=\"uagb-team__desc\">Como dise\u00f1adora UX\/UI de Matka, Tam crea experiencias intuitivas y atractivas que hacen que incluso los planes m\u00e1s complejos sean f\u00e1ciles de navegar. Con una d\u00e9cada de experiencia combinando el dise\u00f1o gr\u00e1fico, la realizaci\u00f3n de pel\u00edculas y el dise\u00f1o de productos, aporta una perspectiva \u00fanica y centrada en el usuario a cada interacci\u00f3n. Su pasi\u00f3n por la comunicaci\u00f3n clara y los flujos fluidos garantiza que Matka no suponga ning\u00fan esfuerzo, tanto si los usuarios simplemente buscan un sitio para comer como si planean un d\u00eda entero de aventuras.  <\/p><ul class=\"uagb-team__social-list\"><li class=\"uagb-team__social-icon\"><a href=\"https:\/\/www.linkedin.com\/in\/tamararomero\/\" aria-label=\"linkedin-in\" target=\"_self\" title=\"\" rel=\"noopener noreferrer\"><svg xmlns=\"https:\/\/www.w3.org\/2000\/svg\" viewbox=\"0 0 448 512\"><path d=\"M100.3 448H7.4V148.9h92.88zM53.79 108.1C24.09 108.1 0 83.5 0 53.8a53.79 53.79 0 0 1 107.6 0c0 29.7-24.1 54.3-53.79 54.3zM447.9 448h-92.68V302.4c0-34.7-.7-79.2-48.29-79.2-48.29 0-55.69 37.7-55.69 76.7V448h-92.78V148.9h89.08v40.8h1.3c12.4-23.5 42.69-48.3 87.88-48.3 94 0 111.3 61.9 111.3 142.3V448z\"><\/path><\/svg><\/a><\/li><li class=\"uagb-team__social-icon\"><a href=\"https:\/\/www.instagram.com\/sipi_nopi\/\" aria-label=\"instagram\" target=\"_self\" title=\"\" rel=\"noopener noreferrer\"><svg xmlns=\"https:\/\/www.w3.org\/2000\/svg\" viewbox=\"0 0 448 512\"><path d=\"M224.1 141c-63.6 0-114.9 51.3-114.9 114.9s51.3 114.9 114.9 114.9S339 319.5 339 255.9 287.7 141 224.1 141zm0 189.6c-41.1 0-74.7-33.5-74.7-74.7s33.5-74.7 74.7-74.7 74.7 33.5 74.7 74.7-33.6 74.7-74.7 74.7zm146.4-194.3c0 14.9-12 26.8-26.8 26.8-14.9 0-26.8-12-26.8-26.8s12-26.8 26.8-26.8 26.8 12 26.8 26.8zm76.1 27.2c-1.7-35.9-9.9-67.7-36.2-93.9-26.2-26.2-58-34.4-93.9-36.2-37-2.1-147.9-2.1-184.9 0-35.8 1.7-67.6 9.9-93.9 36.1s-34.4 58-36.2 93.9c-2.1 37-2.1 147.9 0 184.9 1.7 35.9 9.9 67.7 36.2 93.9s58 34.4 93.9 36.2c37 2.1 147.9 2.1 184.9 0 35.9-1.7 67.7-9.9 93.9-36.2 26.2-26.2 34.4-58 36.2-93.9 2.1-37 2.1-147.8 0-184.8zM398.8 388c-7.8 19.6-22.9 34.7-42.6 42.6-29.5 11.7-99.5 9-132.1 9s-102.7 2.6-132.1-9c-19.6-7.8-34.7-22.9-42.6-42.6-11.7-29.5-9-99.5-9-132.1s-2.6-102.7 9-132.1c7.8-19.6 22.9-34.7 42.6-42.6 29.5-11.7 99.5-9 132.1-9s102.7-2.6 132.1 9c19.6 7.8 34.7 22.9 42.6 42.6 11.7 29.5 9 99.5 9 132.1s2.7 102.7-9 132.1z\"><\/path><\/svg><\/a><\/li><\/ul><\/div><\/div>\n<\/div>\n\n\n<figure class=\"wp-block-image aligncenter size-full has-custom-border is-style-rounded swt-hide-mobile\"><img decoding=\"async\" src=\"https:\/\/matka.ai\/wp-content\/uploads\/2025\/03\/tamara.webp\" alt=\"\" class=\"wp-image-3261\" style=\"border-radius:30px;aspect-ratio:1;object-fit:cover\"><\/figure>\n<\/div><\/div>\n\n<div style=\"height:25px\" aria-hidden=\"true\" class=\"wp-block-spacer\"><\/div>\n","protected":false},"excerpt":{"rendered":"<p>Equipo Matka naci\u00f3 cuando Jer\u00f3nimo y Miguel, dos ingenieros de IA amantes de la aventura, se hartaron del interminable desplazamiento para encontrar planes chulos. Imaginaron una aplicaci\u00f3n que se adaptara a ti, ofreci\u00e9ndotesugerencias extravagantes, oportunas y personalizadas que, adem\u00e1s, te inspiraran a explorar nuevos horizontes, todo ello sin complicaciones. Tamara, con su habilidad para el [&hellip;]<\/p>\n","protected":false},"author":3,"featured_media":0,"parent":0,"menu_order":0,"comment_status":"closed","ping_status":"closed","template":"","meta":{"_uag_custom_page_level_css":"","_swt_meta_header_display":false,"_swt_meta_footer_display":false,"_swt_meta_site_title_display":false,"_swt_meta_sticky_header":false,"_swt_meta_transparent_header":false,"footnotes":""},"class_list":["post-3441","page","type-page","status-publish","hentry"],"yoast_head":"<!-- This site is optimized with the Yoast SEO plugin v27.5 - https:\/\/yoast.com\/product\/yoast-seo-wordpress\/ -->\n<title>Equipo - matka<\/title>\n<meta name=\"robots\" content=\"index, follow, max-snippet:-1, max-image-preview:large, max-video-preview:-1\" \/>\n<link rel=\"canonical\" href=\"https:\/\/matka.ai\/es\/equipo\/\" \/>\n<meta property=\"og:locale\" content=\"es_ES\" \/>\n<meta property=\"og:type\" content=\"article\" \/>\n<meta property=\"og:title\" content=\"Equipo - matka\" \/>\n<meta property=\"og:description\" content=\"Equipo Matka naci\u00f3 cuando Jer\u00f3nimo y Miguel, dos ingenieros de IA amantes de la aventura, se hartaron del interminable desplazamiento para encontrar planes chulos. Imaginaron una aplicaci\u00f3n que se adaptara a ti, ofreci\u00e9ndotesugerencias extravagantes, oportunas y personalizadas que, adem\u00e1s, te inspiraran a explorar nuevos horizontes, todo ello sin complicaciones. Tamara, con su habilidad para el [&hellip;]\" \/>\n<meta property=\"og:url\" content=\"https:\/\/matka.ai\/es\/equipo\/\" \/>\n<meta property=\"og:site_name\" content=\"matka\" \/>\n<meta property=\"article:publisher\" content=\"https:\/\/www.instagram.com\/matka.experiences\/\" \/>\n<meta property=\"article:modified_time\" content=\"2025-03-25T14:29:32+00:00\" \/>\n<meta name=\"twitter:card\" content=\"summary_large_image\" \/>\n<meta name=\"twitter:label1\" content=\"Tiempo de lectura\" \/>\n\t<meta name=\"twitter:data1\" content=\"2 minutos\" \/>\n<script type=\"application\/ld+json\" class=\"yoast-schema-graph\">{\"@context\":\"https:\\\/\\\/schema.org\",\"@graph\":[{\"@type\":\"WebPage\",\"@id\":\"https:\\\/\\\/matka.ai\\\/es\\\/equipo\\\/\",\"url\":\"https:\\\/\\\/matka.ai\\\/es\\\/equipo\\\/\",\"name\":\"Equipo - matka\",\"isPartOf\":{\"@id\":\"https:\\\/\\\/matka.ai\\\/es\\\/#website\"},\"primaryImageOfPage\":{\"@id\":\"https:\\\/\\\/matka.ai\\\/es\\\/equipo\\\/#primaryimage\"},\"image\":{\"@id\":\"https:\\\/\\\/matka.ai\\\/es\\\/equipo\\\/#primaryimage\"},\"thumbnailUrl\":\"https:\\\/\\\/matka.ai\\\/wp-content\\\/uploads\\\/2025\\\/03\\\/jero.webp\",\"datePublished\":\"2024-09-14T21:08:08+00:00\",\"dateModified\":\"2025-03-25T14:29:32+00:00\",\"breadcrumb\":{\"@id\":\"https:\\\/\\\/matka.ai\\\/es\\\/equipo\\\/#breadcrumb\"},\"inLanguage\":\"es\",\"potentialAction\":[{\"@type\":\"ReadAction\",\"target\":[\"https:\\\/\\\/matka.ai\\\/es\\\/equipo\\\/\"]}]},{\"@type\":\"ImageObject\",\"inLanguage\":\"es\",\"@id\":\"https:\\\/\\\/matka.ai\\\/es\\\/equipo\\\/#primaryimage\",\"url\":\"https:\\\/\\\/matka.ai\\\/wp-content\\\/uploads\\\/2025\\\/03\\\/jero.webp\",\"contentUrl\":\"https:\\\/\\\/matka.ai\\\/wp-content\\\/uploads\\\/2025\\\/03\\\/jero.webp\"},{\"@type\":\"BreadcrumbList\",\"@id\":\"https:\\\/\\\/matka.ai\\\/es\\\/equipo\\\/#breadcrumb\",\"itemListElement\":[{\"@type\":\"ListItem\",\"position\":1,\"name\":\"Home\",\"item\":\"https:\\\/\\\/matka.ai\\\/es\\\/\"},{\"@type\":\"ListItem\",\"position\":2,\"name\":\"Equipo\"}]},{\"@type\":\"WebSite\",\"@id\":\"https:\\\/\\\/matka.ai\\\/es\\\/#website\",\"url\":\"https:\\\/\\\/matka.ai\\\/es\\\/\",\"name\":\"matka.ai\",\"description\":\"Your plans, effortless\",\"publisher\":{\"@id\":\"https:\\\/\\\/matka.ai\\\/es\\\/#organization\"},\"alternateName\":\"Experiences\",\"potentialAction\":[{\"@type\":\"SearchAction\",\"target\":{\"@type\":\"EntryPoint\",\"urlTemplate\":\"https:\\\/\\\/matka.ai\\\/es\\\/?s={search_term_string}\"},\"query-input\":{\"@type\":\"PropertyValueSpecification\",\"valueRequired\":true,\"valueName\":\"search_term_string\"}}],\"inLanguage\":\"es\"},{\"@type\":\"Organization\",\"@id\":\"https:\\\/\\\/matka.ai\\\/es\\\/#organization\",\"name\":\"Matka\",\"alternateName\":\"matka.experiences\",\"url\":\"https:\\\/\\\/matka.ai\\\/es\\\/\",\"logo\":{\"@type\":\"ImageObject\",\"inLanguage\":\"es\",\"@id\":\"https:\\\/\\\/matka.ai\\\/es\\\/#\\\/schema\\\/logo\\\/image\\\/\",\"url\":\"https:\\\/\\\/matka.ai\\\/wp-content\\\/uploads\\\/2025\\\/03\\\/matka_logo-1.svg\",\"contentUrl\":\"https:\\\/\\\/matka.ai\\\/wp-content\\\/uploads\\\/2025\\\/03\\\/matka_logo-1.svg\",\"width\":1,\"height\":1,\"caption\":\"Matka\"},\"image\":{\"@id\":\"https:\\\/\\\/matka.ai\\\/es\\\/#\\\/schema\\\/logo\\\/image\\\/\"},\"sameAs\":[\"https:\\\/\\\/www.instagram.com\\\/matka.experiences\\\/\"]}]}<\/script>\n<!-- \/ Yoast SEO plugin. -->","yoast_head_json":{"title":"Equipo - matka","robots":{"index":"index","follow":"follow","max-snippet":"max-snippet:-1","max-image-preview":"max-image-preview:large","max-video-preview":"max-video-preview:-1"},"canonical":"https:\/\/matka.ai\/es\/equipo\/","og_locale":"es_ES","og_type":"article","og_title":"Equipo - matka","og_description":"Equipo Matka naci\u00f3 cuando Jer\u00f3nimo y Miguel, dos ingenieros de IA amantes de la aventura, se hartaron del interminable desplazamiento para encontrar planes chulos. Imaginaron una aplicaci\u00f3n que se adaptara a ti, ofreci\u00e9ndotesugerencias extravagantes, oportunas y personalizadas que, adem\u00e1s, te inspiraran a explorar nuevos horizontes, todo ello sin complicaciones. Tamara, con su habilidad para el [&hellip;]","og_url":"https:\/\/matka.ai\/es\/equipo\/","og_site_name":"matka","article_publisher":"https:\/\/www.instagram.com\/matka.experiences\/","article_modified_time":"2025-03-25T14:29:32+00:00","twitter_card":"summary_large_image","twitter_misc":{"Tiempo de lectura":"2 minutos"},"schema":{"@context":"https:\/\/schema.org","@graph":[{"@type":"WebPage","@id":"https:\/\/matka.ai\/es\/equipo\/","url":"https:\/\/matka.ai\/es\/equipo\/","name":"Equipo - matka","isPartOf":{"@id":"https:\/\/matka.ai\/es\/#website"},"primaryImageOfPage":{"@id":"https:\/\/matka.ai\/es\/equipo\/#primaryimage"},"image":{"@id":"https:\/\/matka.ai\/es\/equipo\/#primaryimage"},"thumbnailUrl":"https:\/\/matka.ai\/wp-content\/uploads\/2025\/03\/jero.webp","datePublished":"2024-09-14T21:08:08+00:00","dateModified":"2025-03-25T14:29:32+00:00","breadcrumb":{"@id":"https:\/\/matka.ai\/es\/equipo\/#breadcrumb"},"inLanguage":"es","potentialAction":[{"@type":"ReadAction","target":["https:\/\/matka.ai\/es\/equipo\/"]}]},{"@type":"ImageObject","inLanguage":"es","@id":"https:\/\/matka.ai\/es\/equipo\/#primaryimage","url":"https:\/\/matka.ai\/wp-content\/uploads\/2025\/03\/jero.webp","contentUrl":"https:\/\/matka.ai\/wp-content\/uploads\/2025\/03\/jero.webp"},{"@type":"BreadcrumbList","@id":"https:\/\/matka.ai\/es\/equipo\/#breadcrumb","itemListElement":[{"@type":"ListItem","position":1,"name":"Home","item":"https:\/\/matka.ai\/es\/"},{"@type":"ListItem","position":2,"name":"Equipo"}]},{"@type":"WebSite","@id":"https:\/\/matka.ai\/es\/#website","url":"https:\/\/matka.ai\/es\/","name":"matka.ai","description":"Your plans, effortless","publisher":{"@id":"https:\/\/matka.ai\/es\/#organization"},"alternateName":"Experiences","potentialAction":[{"@type":"SearchAction","target":{"@type":"EntryPoint","urlTemplate":"https:\/\/matka.ai\/es\/?s={search_term_string}"},"query-input":{"@type":"PropertyValueSpecification","valueRequired":true,"valueName":"search_term_string"}}],"inLanguage":"es"},{"@type":"Organization","@id":"https:\/\/matka.ai\/es\/#organization","name":"Matka","alternateName":"matka.experiences","url":"https:\/\/matka.ai\/es\/","logo":{"@type":"ImageObject","inLanguage":"es","@id":"https:\/\/matka.ai\/es\/#\/schema\/logo\/image\/","url":"https:\/\/matka.ai\/wp-content\/uploads\/2025\/03\/matka_logo-1.svg","contentUrl":"https:\/\/matka.ai\/wp-content\/uploads\/2025\/03\/matka_logo-1.svg","width":1,"height":1,"caption":"Matka"},"image":{"@id":"https:\/\/matka.ai\/es\/#\/schema\/logo\/image\/"},"sameAs":["https:\/\/www.instagram.com\/matka.experiences\/"]}]}},"uagb_featured_image_src":{"full":false,"thumbnail":false,"medium":false,"medium_large":false,"large":false,"1536x1536":false,"2048x2048":false},"uagb_author_info":{"display_name":"Jeronimo Gabande","author_link":"https:\/\/matka.ai\/es\/author\/jeronimo\/"},"uagb_comment_info":0,"uagb_excerpt":"Equipo Matka naci\u00f3 cuando Jer\u00f3nimo y Miguel, dos ingenieros de IA amantes de la aventura, se hartaron del interminable desplazamiento para encontrar planes chulos. Imaginaron una aplicaci\u00f3n que se adaptara a ti, ofreci\u00e9ndotesugerencias extravagantes, oportunas y personalizadas que, adem\u00e1s, te inspiraran a explorar nuevos horizontes, todo ello sin complicaciones. Tamara, con su habilidad para el&hellip;","_links":{"self":[{"href":"https:\/\/matka.ai\/es\/wp-json\/wp\/v2\/pages\/3441","targetHints":{"allow":["GET"]}}],"collection":[{"href":"https:\/\/matka.ai\/es\/wp-json\/wp\/v2\/pages"}],"about":[{"href":"https:\/\/matka.ai\/es\/wp-json\/wp\/v2\/types\/page"}],"author":[{"embeddable":true,"href":"https:\/\/matka.ai\/es\/wp-json\/wp\/v2\/users\/3"}],"replies":[{"embeddable":true,"href":"https:\/\/matka.ai\/es\/wp-json\/wp\/v2\/comments?post=3441"}],"version-history":[{"count":5,"href":"https:\/\/matka.ai\/es\/wp-json\/wp\/v2\/pages\/3441\/revisions"}],"predecessor-version":[{"id":3767,"href":"https:\/\/matka.ai\/es\/wp-json\/wp\/v2\/pages\/3441\/revisions\/3767"}],"wp:attachment":[{"href":"https:\/\/matka.ai\/es\/wp-json\/wp\/v2\/media?parent=3441"}],"curies":[{"name":"wp","href":"https:\/\/api.w.org\/{rel}","templated":true}]}}