{"id":3439,"date":"2024-09-11T17:07:00","date_gmt":"2024-09-11T15:07:00","guid":{"rendered":"https:\/\/matka.ai\/blog\/"},"modified":"2025-03-18T21:21:39","modified_gmt":"2025-03-18T20:21:39","slug":"blog","status":"publish","type":"page","link":"https:\/\/matka.ai\/es\/blog\/","title":{"rendered":"Blog"},"content":{"rendered":"\n<div class=\"wp-block-group has-global-padding is-layout-constrained wp-container-core-group-is-layout-86fefda5 wp-block-group-is-layout-constrained\" style=\"padding-top:var(--wp--preset--spacing--x-large);padding-bottom:var(--wp--preset--spacing--x-large)\">\n<div class=\"wp-block-query has-global-padding is-layout-constrained wp-block-query-is-layout-constrained\"><ul class=\"has-link-color wp-elements-5ce3d63317286bd4b7571770d65dc096 wp-block-post-template has-text-color has-primary-color is-layout-flow wp-block-post-template-is-layout-flow\"><li class=\"wp-block-post post-3472 post type-post status-publish format-standard has-post-thumbnail hentry category-actividades category-bienestar category-investiga category-ocio tag-actividades-de-busqueda tag-descubre tag-organizacion tag-planificacion-del-ocio tag-recomendaciones-personalizadas\">\n<figure style=\"height:400px;\" class=\"wp-block-post-featured-image wp-elements-5ce3d63317286bd4b7571770d65dc096\"><a href=\"https:\/\/matka.ai\/es\/2025\/02\/17\/planificacion-del-tiempo-libre-sin-esfuerzo-con-recomendaciones-personalizadas\/\" target=\"_self\"  style=\"height:400px\"><img decoding=\"async\" width=\"1000\" height=\"561\" src=\"https:\/\/matka.ai\/wp-content\/uploads\/2025\/02\/discover_activities.jpg\" class=\"attachment-post-thumbnail size-post-thumbnail wp-post-image\" alt=\"Planificaci\u00f3n del tiempo libre sin esfuerzo con recomendaciones personalizadas\" style=\"border-radius:8px;height:400px;object-fit:cover;\" srcset=\"https:\/\/matka.ai\/wp-content\/uploads\/2025\/02\/discover_activities.jpg 1000w, https:\/\/matka.ai\/wp-content\/uploads\/2025\/02\/discover_activities-300x168.jpg 300w, https:\/\/matka.ai\/wp-content\/uploads\/2025\/02\/discover_activities-768x431.jpg 768w\" sizes=\"(max-width: 1000px) 100vw, 1000px\" \/><\/a><\/figure>\n\n\n<div class=\"wp-block-group has-global-padding is-layout-constrained wp-container-core-group-is-layout-f9af38f5 wp-block-group-is-layout-constrained\" style=\"padding-top:var(--wp--preset--spacing--xx-small);padding-bottom:var(--wp--preset--spacing--large)\"><div style=\"font-style:normal;font-weight:500\" class=\"taxonomy-category is-style-swt-post-terms-pill wp-block-post-terms\"><a href=\"https:\/\/matka.ai\/es\/category\/ocio\/actividades\/\" rel=\"tag\">Actividades<\/a><span class=\"wp-block-post-terms__separator\">, <\/span><a href=\"https:\/\/matka.ai\/es\/category\/bienestar\/\" rel=\"tag\">Bienestar<\/a><span class=\"wp-block-post-terms__separator\">, <\/span><a href=\"https:\/\/matka.ai\/es\/category\/investiga\/\" rel=\"tag\">Investiga<\/a><span class=\"wp-block-post-terms__separator\">, <\/span><a href=\"https:\/\/matka.ai\/es\/category\/ocio\/\" rel=\"tag\">Ocio<\/a><\/div>\n\n<h3 style=\"margin-top:var(--wp--preset--spacing--x-small);\" class=\"wp-block-post-title\"><a href=\"https:\/\/matka.ai\/es\/2025\/02\/17\/planificacion-del-tiempo-libre-sin-esfuerzo-con-recomendaciones-personalizadas\/\" target=\"_self\" >Planificaci\u00f3n del tiempo libre sin esfuerzo con recomendaciones personalizadas<\/a><\/h3>\n\n\n<div class=\"wp-block-group has-neutral-color has-text-color is-nowrap is-layout-flex wp-container-core-group-is-layout-9dcc9912 wp-block-group-is-layout-flex\"><div class=\"wp-block-post-author\"><div class=\"wp-block-post-author__content\"><p class=\"wp-block-post-author__name\">Jeronimo Gabande<\/p><\/div><\/div>\n\n\n<p class=\"has-x-small-font-size\">\u00b7<\/p>\n\n\n<div class=\"wp-block-post-date\"><time datetime=\"2025-02-17T19:49:28+01:00\">Feb 17, 2025<\/time><\/div><\/div>\n\n\n<div class=\"wp-block-post-excerpt\"><p class=\"wp-block-post-excerpt__excerpt\">Encontrar actividades divertidas puede ser abrumador con infinitas opciones en Internet. Descubre c\u00f3mo las recomendaciones personalizadas simplifican la planificaci\u00f3n del ocio, ayud\u00e1ndote a pasar menos tiempo buscando y m\u00e1s disfrutando de lo que te gusta.<\/p><p class=\"wp-block-post-excerpt__more-text\"><a class=\"wp-block-post-excerpt__more-link\" href=\"https:\/\/matka.ai\/es\/2025\/02\/17\/planificacion-del-tiempo-libre-sin-esfuerzo-con-recomendaciones-personalizadas\/\">Sigue leyendo<\/a><\/p><\/div>\n\n\n<hr class=\"wp-block-separator has-text-color has-outline-color has-alpha-channel-opacity has-outline-background-color has-background is-style-wide\" style=\"margin-top:var(--wp--preset--spacing--large)\"\/>\n<\/div>\n\n<\/li><li class=\"wp-block-post post-3463 post type-post status-publish format-standard has-post-thumbnail hentry category-bienestar category-investiga category-ocio category-salud tag-afrontamiento tag-estres tag-ocio tag-resiliencia tag-tecnicas-de-supervivencia\">\n<figure style=\"height:400px;\" class=\"wp-block-post-featured-image wp-elements-5ce3d63317286bd4b7571770d65dc096\"><a href=\"https:\/\/matka.ai\/es\/2024\/09\/15\/ocio-y-alivio-del-estres-encontrar-el-equilibrio-en-la-vida\/\" target=\"_self\"  style=\"height:400px\"><img decoding=\"async\" width=\"1456\" height=\"816\" src=\"https:\/\/matka.ai\/wp-content\/uploads\/2024\/09\/StockCake-Astronaut-Home-Leisure_1726358295.jpg\" class=\"attachment-post-thumbnail size-post-thumbnail wp-post-image\" alt=\"Ocio y Alivio del Estr\u00e9s: Encontrar el equilibrio en la vida\" style=\"border-radius:8px;height:400px;object-fit:cover;\" srcset=\"https:\/\/matka.ai\/wp-content\/uploads\/2024\/09\/StockCake-Astronaut-Home-Leisure_1726358295.jpg 1456w, https:\/\/matka.ai\/wp-content\/uploads\/2024\/09\/StockCake-Astronaut-Home-Leisure_1726358295-300x168.jpg 300w, https:\/\/matka.ai\/wp-content\/uploads\/2024\/09\/StockCake-Astronaut-Home-Leisure_1726358295-1024x574.jpg 1024w, https:\/\/matka.ai\/wp-content\/uploads\/2024\/09\/StockCake-Astronaut-Home-Leisure_1726358295-768x430.jpg 768w\" sizes=\"(max-width: 1456px) 100vw, 1456px\" \/><\/a><\/figure>\n\n\n<div class=\"wp-block-group has-global-padding is-layout-constrained wp-container-core-group-is-layout-f9af38f5 wp-block-group-is-layout-constrained\" style=\"padding-top:var(--wp--preset--spacing--xx-small);padding-bottom:var(--wp--preset--spacing--large)\"><div style=\"font-style:normal;font-weight:500\" class=\"taxonomy-category is-style-swt-post-terms-pill wp-block-post-terms\"><a href=\"https:\/\/matka.ai\/es\/category\/bienestar\/\" rel=\"tag\">Bienestar<\/a><span class=\"wp-block-post-terms__separator\">, <\/span><a href=\"https:\/\/matka.ai\/es\/category\/investiga\/\" rel=\"tag\">Investiga<\/a><span class=\"wp-block-post-terms__separator\">, <\/span><a href=\"https:\/\/matka.ai\/es\/category\/ocio\/\" rel=\"tag\">Ocio<\/a><span class=\"wp-block-post-terms__separator\">, <\/span><a href=\"https:\/\/matka.ai\/es\/category\/salud\/\" rel=\"tag\">Salud<\/a><\/div>\n\n<h3 style=\"margin-top:var(--wp--preset--spacing--x-small);\" class=\"wp-block-post-title\"><a href=\"https:\/\/matka.ai\/es\/2024\/09\/15\/ocio-y-alivio-del-estres-encontrar-el-equilibrio-en-la-vida\/\" target=\"_self\" >Ocio y Alivio del Estr\u00e9s: Encontrar el equilibrio en la vida<\/a><\/h3>\n\n\n<div class=\"wp-block-group has-neutral-color has-text-color is-nowrap is-layout-flex wp-container-core-group-is-layout-9dcc9912 wp-block-group-is-layout-flex\"><div class=\"wp-block-post-author\"><div class=\"wp-block-post-author__content\"><p class=\"wp-block-post-author__name\">Jeronimo Gabande<\/p><\/div><\/div>\n\n\n<p class=\"has-x-small-font-size\">\u00b7<\/p>\n\n\n<div class=\"wp-block-post-date\"><time datetime=\"2024-09-15T02:13:01+02:00\">Sep 15, 2024<\/time><\/div><\/div>\n\n\n<div class=\"wp-block-post-excerpt\"><p class=\"wp-block-post-excerpt__excerpt\">Las actividades de ocio ofrecen un descanso crucial del estr\u00e9s, fomentando el equilibrio y la renovaci\u00f3n. Descubre c\u00f3mo el ocio puede ser una poderosa herramienta para controlar y aliviar el estr\u00e9s.<\/p><p class=\"wp-block-post-excerpt__more-text\"><a class=\"wp-block-post-excerpt__more-link\" href=\"https:\/\/matka.ai\/es\/2024\/09\/15\/ocio-y-alivio-del-estres-encontrar-el-equilibrio-en-la-vida\/\">Sigue leyendo<\/a><\/p><\/div>\n\n\n<hr class=\"wp-block-separator has-text-color has-outline-color has-alpha-channel-opacity has-outline-background-color has-background is-style-wide\" style=\"margin-top:var(--wp--preset--spacing--large)\"\/>\n<\/div>\n\n<\/li><li class=\"wp-block-post post-3473 post type-post status-publish format-standard has-post-thumbnail hentry category-bienestar category-investiga category-ocio category-salud\">\n<figure style=\"height:400px;\" class=\"wp-block-post-featured-image wp-elements-5ce3d63317286bd4b7571770d65dc096\"><a href=\"https:\/\/matka.ai\/es\/2024\/09\/11\/el-papel-de-las-actividades-de-ocio-en-el-envejecimiento-saludable\/\" target=\"_self\"  style=\"height:400px\"><img decoding=\"async\" width=\"1000\" height=\"561\" src=\"https:\/\/matka.ai\/wp-content\/uploads\/2024\/09\/aging_theater.png\" class=\"attachment-post-thumbnail size-post-thumbnail wp-post-image\" alt=\"El papel de las actividades de ocio en el envejecimiento saludable\" style=\"border-radius:8px;height:400px;object-fit:cover;\" srcset=\"https:\/\/matka.ai\/wp-content\/uploads\/2024\/09\/aging_theater.png 1000w, https:\/\/matka.ai\/wp-content\/uploads\/2024\/09\/aging_theater-300x168.png 300w, https:\/\/matka.ai\/wp-content\/uploads\/2024\/09\/aging_theater-768x431.png 768w\" sizes=\"(max-width: 1000px) 100vw, 1000px\" \/><\/a><\/figure>\n\n\n<div class=\"wp-block-group has-global-padding is-layout-constrained wp-container-core-group-is-layout-f9af38f5 wp-block-group-is-layout-constrained\" style=\"padding-top:var(--wp--preset--spacing--xx-small);padding-bottom:var(--wp--preset--spacing--large)\"><div style=\"font-style:normal;font-weight:500\" class=\"taxonomy-category is-style-swt-post-terms-pill wp-block-post-terms\"><a href=\"https:\/\/matka.ai\/es\/category\/bienestar\/\" rel=\"tag\">Bienestar<\/a><span class=\"wp-block-post-terms__separator\">, <\/span><a href=\"https:\/\/matka.ai\/es\/category\/investiga\/\" rel=\"tag\">Investiga<\/a><span class=\"wp-block-post-terms__separator\">, <\/span><a href=\"https:\/\/matka.ai\/es\/category\/ocio\/\" rel=\"tag\">Ocio<\/a><span class=\"wp-block-post-terms__separator\">, <\/span><a href=\"https:\/\/matka.ai\/es\/category\/salud\/\" rel=\"tag\">Salud<\/a><\/div>\n\n<h3 style=\"margin-top:var(--wp--preset--spacing--x-small);\" class=\"wp-block-post-title\"><a href=\"https:\/\/matka.ai\/es\/2024\/09\/11\/el-papel-de-las-actividades-de-ocio-en-el-envejecimiento-saludable\/\" target=\"_self\" >El papel de las actividades de ocio en el envejecimiento saludable<\/a><\/h3>\n\n\n<div class=\"wp-block-group has-neutral-color has-text-color is-nowrap is-layout-flex wp-container-core-group-is-layout-9dcc9912 wp-block-group-is-layout-flex\"><div class=\"wp-block-post-author\"><div class=\"wp-block-post-author__content\"><p class=\"wp-block-post-author__name\">Jeronimo Gabande<\/p><\/div><\/div>\n\n\n<p class=\"has-x-small-font-size\">\u00b7<\/p>\n\n\n<div class=\"wp-block-post-date\"><time datetime=\"2024-09-11T06:02:36+02:00\">Sep 11, 2024<\/time><\/div><\/div>\n\n\n<div class=\"wp-block-post-excerpt\"><p class=\"wp-block-post-excerpt__excerpt\"><\/p><p class=\"wp-block-post-excerpt__more-text\"><a class=\"wp-block-post-excerpt__more-link\" href=\"https:\/\/matka.ai\/es\/2024\/09\/11\/el-papel-de-las-actividades-de-ocio-en-el-envejecimiento-saludable\/\">Sigue leyendo<\/a><\/p><\/div>\n\n\n<hr class=\"wp-block-separator has-text-color has-outline-color has-alpha-channel-opacity has-outline-background-color has-background is-style-wide\" style=\"margin-top:var(--wp--preset--spacing--large)\"\/>\n<\/div>\n\n<\/li><li class=\"wp-block-post post-3465 post type-post status-publish format-standard has-post-thumbnail hentry category-actividades category-carrera-profesional category-investiga category-ocio\">\n<figure style=\"height:400px;\" class=\"wp-block-post-featured-image wp-elements-5ce3d63317286bd4b7571770d65dc096\"><a href=\"https:\/\/matka.ai\/es\/2024\/09\/09\/la-investigacion-lo-demuestra-las-actividades-divertidas-pueden-aumentar-tu-exito-profesional\/\" target=\"_self\"  style=\"height:400px\"><img decoding=\"async\" width=\"1456\" height=\"816\" src=\"https:\/\/matka.ai\/wp-content\/uploads\/2024\/09\/office_fun.jpg\" class=\"attachment-post-thumbnail size-post-thumbnail wp-post-image\" alt=\"La investigaci\u00f3n lo demuestra: Las actividades divertidas pueden aumentar tu \u00e9xito profesional\" style=\"border-radius:8px;height:400px;object-fit:cover;\" srcset=\"https:\/\/matka.ai\/wp-content\/uploads\/2024\/09\/office_fun.jpg 1456w, https:\/\/matka.ai\/wp-content\/uploads\/2024\/09\/office_fun-300x168.jpg 300w, https:\/\/matka.ai\/wp-content\/uploads\/2024\/09\/office_fun-1024x574.jpg 1024w, https:\/\/matka.ai\/wp-content\/uploads\/2024\/09\/office_fun-768x430.jpg 768w\" sizes=\"(max-width: 1456px) 100vw, 1456px\" \/><\/a><\/figure>\n\n\n<div class=\"wp-block-group has-global-padding is-layout-constrained wp-container-core-group-is-layout-f9af38f5 wp-block-group-is-layout-constrained\" style=\"padding-top:var(--wp--preset--spacing--xx-small);padding-bottom:var(--wp--preset--spacing--large)\"><div style=\"font-style:normal;font-weight:500\" class=\"taxonomy-category is-style-swt-post-terms-pill wp-block-post-terms\"><a href=\"https:\/\/matka.ai\/es\/category\/ocio\/actividades\/\" rel=\"tag\">Actividades<\/a><span class=\"wp-block-post-terms__separator\">, <\/span><a href=\"https:\/\/matka.ai\/es\/category\/carrera-profesional\/\" rel=\"tag\">Carrera profesional<\/a><span class=\"wp-block-post-terms__separator\">, <\/span><a href=\"https:\/\/matka.ai\/es\/category\/investiga\/\" rel=\"tag\">Investiga<\/a><span class=\"wp-block-post-terms__separator\">, <\/span><a href=\"https:\/\/matka.ai\/es\/category\/ocio\/\" rel=\"tag\">Ocio<\/a><\/div>\n\n<h3 style=\"margin-top:var(--wp--preset--spacing--x-small);\" class=\"wp-block-post-title\"><a href=\"https:\/\/matka.ai\/es\/2024\/09\/09\/la-investigacion-lo-demuestra-las-actividades-divertidas-pueden-aumentar-tu-exito-profesional\/\" target=\"_self\" >La investigaci\u00f3n lo demuestra: Las actividades divertidas pueden aumentar tu \u00e9xito profesional<\/a><\/h3>\n\n\n<div class=\"wp-block-group has-neutral-color has-text-color is-nowrap is-layout-flex wp-container-core-group-is-layout-9dcc9912 wp-block-group-is-layout-flex\"><div class=\"wp-block-post-author\"><div class=\"wp-block-post-author__content\"><p class=\"wp-block-post-author__name\">Jeronimo Gabande<\/p><\/div><\/div>\n\n\n<p class=\"has-x-small-font-size\">\u00b7<\/p>\n\n\n<div class=\"wp-block-post-date\"><time datetime=\"2024-09-09T23:00:22+02:00\">Sep 9, 2024<\/time><\/div><\/div>\n\n\n<div class=\"wp-block-post-excerpt\"><p class=\"wp-block-post-excerpt__excerpt\">Las investigaciones demuestran que las actividades divertidas pueden impulsar tu \u00e9xito profesional al potenciar recursos psicol\u00f3gicos clave como la resiliencia y la autoeficacia. Tanto si se trata de aficiones serias como de diversi\u00f3n casual, dedicar tiempo a actividades placenteras fomenta el bienestar mental y la gesti\u00f3n proactiva de la carrera profesional. Equilibrar el trabajo con&hellip;<\/p><p class=\"wp-block-post-excerpt__more-text\"><a class=\"wp-block-post-excerpt__more-link\" href=\"https:\/\/matka.ai\/es\/2024\/09\/09\/la-investigacion-lo-demuestra-las-actividades-divertidas-pueden-aumentar-tu-exito-profesional\/\">Sigue leyendo<\/a><\/p><\/div>\n\n\n<hr class=\"wp-block-separator has-text-color has-outline-color has-alpha-channel-opacity has-outline-background-color has-background is-style-wide\" style=\"margin-top:var(--wp--preset--spacing--large)\"\/>\n<\/div>\n\n<\/li><\/ul>\n\n<\/div>\n<\/div>\n","protected":false},"excerpt":{"rendered":"","protected":false},"author":3,"featured_media":0,"parent":0,"menu_order":0,"comment_status":"closed","ping_status":"closed","template":"","meta":{"_uag_custom_page_level_css":"","_swt_meta_header_display":false,"_swt_meta_footer_display":false,"_swt_meta_site_title_display":false,"_swt_meta_sticky_header":false,"_swt_meta_transparent_header":false,"footnotes":""},"class_list":["post-3439","page","type-page","status-publish","hentry"],"yoast_head":"<!-- This site is optimized with the Yoast SEO plugin v27.5 - https:\/\/yoast.com\/product\/yoast-seo-wordpress\/ -->\n<title>Blog - matka<\/title>\n<meta name=\"robots\" content=\"index, follow, max-snippet:-1, max-image-preview:large, max-video-preview:-1\" \/>\n<link rel=\"canonical\" href=\"https:\/\/matka.ai\/es\/blog\/\" \/>\n<meta property=\"og:locale\" content=\"es_ES\" \/>\n<meta property=\"og:type\" content=\"article\" \/>\n<meta property=\"og:title\" content=\"Blog - matka\" \/>\n<meta property=\"og:url\" content=\"https:\/\/matka.ai\/es\/blog\/\" \/>\n<meta property=\"og:site_name\" content=\"matka\" \/>\n<meta property=\"article:publisher\" content=\"https:\/\/www.instagram.com\/matka.experiences\/\" \/>\n<meta property=\"article:modified_time\" content=\"2025-03-18T20:21:39+00:00\" \/>\n<meta name=\"twitter:card\" content=\"summary_large_image\" \/>\n<script type=\"application\/ld+json\" class=\"yoast-schema-graph\">{\"@context\":\"https:\\\/\\\/schema.org\",\"@graph\":[{\"@type\":\"WebPage\",\"@id\":\"https:\\\/\\\/matka.ai\\\/es\\\/blog\\\/\",\"url\":\"https:\\\/\\\/matka.ai\\\/es\\\/blog\\\/\",\"name\":\"Blog - matka\",\"isPartOf\":{\"@id\":\"https:\\\/\\\/matka.ai\\\/es\\\/#website\"},\"datePublished\":\"2024-09-11T15:07:00+00:00\",\"dateModified\":\"2025-03-18T20:21:39+00:00\",\"breadcrumb\":{\"@id\":\"https:\\\/\\\/matka.ai\\\/es\\\/blog\\\/#breadcrumb\"},\"inLanguage\":\"es\",\"potentialAction\":[{\"@type\":\"ReadAction\",\"target\":[\"https:\\\/\\\/matka.ai\\\/es\\\/blog\\\/\"]}]},{\"@type\":\"BreadcrumbList\",\"@id\":\"https:\\\/\\\/matka.ai\\\/es\\\/blog\\\/#breadcrumb\",\"itemListElement\":[{\"@type\":\"ListItem\",\"position\":1,\"name\":\"Home\",\"item\":\"https:\\\/\\\/matka.ai\\\/es\\\/\"},{\"@type\":\"ListItem\",\"position\":2,\"name\":\"Blog\"}]},{\"@type\":\"WebSite\",\"@id\":\"https:\\\/\\\/matka.ai\\\/es\\\/#website\",\"url\":\"https:\\\/\\\/matka.ai\\\/es\\\/\",\"name\":\"matka.ai\",\"description\":\"Your plans, effortless\",\"publisher\":{\"@id\":\"https:\\\/\\\/matka.ai\\\/es\\\/#organization\"},\"alternateName\":\"Experiences\",\"potentialAction\":[{\"@type\":\"SearchAction\",\"target\":{\"@type\":\"EntryPoint\",\"urlTemplate\":\"https:\\\/\\\/matka.ai\\\/es\\\/?s={search_term_string}\"},\"query-input\":{\"@type\":\"PropertyValueSpecification\",\"valueRequired\":true,\"valueName\":\"search_term_string\"}}],\"inLanguage\":\"es\"},{\"@type\":\"Organization\",\"@id\":\"https:\\\/\\\/matka.ai\\\/es\\\/#organization\",\"name\":\"Matka\",\"alternateName\":\"matka.experiences\",\"url\":\"https:\\\/\\\/matka.ai\\\/es\\\/\",\"logo\":{\"@type\":\"ImageObject\",\"inLanguage\":\"es\",\"@id\":\"https:\\\/\\\/matka.ai\\\/es\\\/#\\\/schema\\\/logo\\\/image\\\/\",\"url\":\"https:\\\/\\\/matka.ai\\\/wp-content\\\/uploads\\\/2025\\\/03\\\/matka_logo-1.svg\",\"contentUrl\":\"https:\\\/\\\/matka.ai\\\/wp-content\\\/uploads\\\/2025\\\/03\\\/matka_logo-1.svg\",\"width\":1,\"height\":1,\"caption\":\"Matka\"},\"image\":{\"@id\":\"https:\\\/\\\/matka.ai\\\/es\\\/#\\\/schema\\\/logo\\\/image\\\/\"},\"sameAs\":[\"https:\\\/\\\/www.instagram.com\\\/matka.experiences\\\/\"]}]}<\/script>\n<!-- \/ Yoast SEO plugin. -->","yoast_head_json":{"title":"Blog - matka","robots":{"index":"index","follow":"follow","max-snippet":"max-snippet:-1","max-image-preview":"max-image-preview:large","max-video-preview":"max-video-preview:-1"},"canonical":"https:\/\/matka.ai\/es\/blog\/","og_locale":"es_ES","og_type":"article","og_title":"Blog - matka","og_url":"https:\/\/matka.ai\/es\/blog\/","og_site_name":"matka","article_publisher":"https:\/\/www.instagram.com\/matka.experiences\/","article_modified_time":"2025-03-18T20:21:39+00:00","twitter_card":"summary_large_image","schema":{"@context":"https:\/\/schema.org","@graph":[{"@type":"WebPage","@id":"https:\/\/matka.ai\/es\/blog\/","url":"https:\/\/matka.ai\/es\/blog\/","name":"Blog - matka","isPartOf":{"@id":"https:\/\/matka.ai\/es\/#website"},"datePublished":"2024-09-11T15:07:00+00:00","dateModified":"2025-03-18T20:21:39+00:00","breadcrumb":{"@id":"https:\/\/matka.ai\/es\/blog\/#breadcrumb"},"inLanguage":"es","potentialAction":[{"@type":"ReadAction","target":["https:\/\/matka.ai\/es\/blog\/"]}]},{"@type":"BreadcrumbList","@id":"https:\/\/matka.ai\/es\/blog\/#breadcrumb","itemListElement":[{"@type":"ListItem","position":1,"name":"Home","item":"https:\/\/matka.ai\/es\/"},{"@type":"ListItem","position":2,"name":"Blog"}]},{"@type":"WebSite","@id":"https:\/\/matka.ai\/es\/#website","url":"https:\/\/matka.ai\/es\/","name":"matka.ai","description":"Your plans, effortless","publisher":{"@id":"https:\/\/matka.ai\/es\/#organization"},"alternateName":"Experiences","potentialAction":[{"@type":"SearchAction","target":{"@type":"EntryPoint","urlTemplate":"https:\/\/matka.ai\/es\/?s={search_term_string}"},"query-input":{"@type":"PropertyValueSpecification","valueRequired":true,"valueName":"search_term_string"}}],"inLanguage":"es"},{"@type":"Organization","@id":"https:\/\/matka.ai\/es\/#organization","name":"Matka","alternateName":"matka.experiences","url":"https:\/\/matka.ai\/es\/","logo":{"@type":"ImageObject","inLanguage":"es","@id":"https:\/\/matka.ai\/es\/#\/schema\/logo\/image\/","url":"https:\/\/matka.ai\/wp-content\/uploads\/2025\/03\/matka_logo-1.svg","contentUrl":"https:\/\/matka.ai\/wp-content\/uploads\/2025\/03\/matka_logo-1.svg","width":1,"height":1,"caption":"Matka"},"image":{"@id":"https:\/\/matka.ai\/es\/#\/schema\/logo\/image\/"},"sameAs":["https:\/\/www.instagram.com\/matka.experiences\/"]}]}},"uagb_featured_image_src":{"full":false,"thumbnail":false,"medium":false,"medium_large":false,"large":false,"1536x1536":false,"2048x2048":false},"uagb_author_info":{"display_name":"Jeronimo Gabande","author_link":"https:\/\/matka.ai\/es\/author\/jeronimo\/"},"uagb_comment_info":0,"uagb_excerpt":null,"_links":{"self":[{"href":"https:\/\/matka.ai\/es\/wp-json\/wp\/v2\/pages\/3439","targetHints":{"allow":["GET"]}}],"collection":[{"href":"https:\/\/matka.ai\/es\/wp-json\/wp\/v2\/pages"}],"about":[{"href":"https:\/\/matka.ai\/es\/wp-json\/wp\/v2\/types\/page"}],"author":[{"embeddable":true,"href":"https:\/\/matka.ai\/es\/wp-json\/wp\/v2\/users\/3"}],"replies":[{"embeddable":true,"href":"https:\/\/matka.ai\/es\/wp-json\/wp\/v2\/comments?post=3439"}],"version-history":[{"count":1,"href":"https:\/\/matka.ai\/es\/wp-json\/wp\/v2\/pages\/3439\/revisions"}],"predecessor-version":[{"id":3443,"href":"https:\/\/matka.ai\/es\/wp-json\/wp\/v2\/pages\/3439\/revisions\/3443"}],"wp:attachment":[{"href":"https:\/\/matka.ai\/es\/wp-json\/wp\/v2\/media?parent=3439"}],"curies":[{"name":"wp","href":"https:\/\/api.w.org\/{rel}","templated":true}]}}