{"id":3429,"date":"2024-09-13T17:09:47","date_gmt":"2024-09-13T15:09:47","guid":{"rendered":"https:\/\/matka.ai\/condiciones-generales\/"},"modified":"2025-03-18T21:21:39","modified_gmt":"2025-03-18T20:21:39","slug":"condiciones-generales","status":"publish","type":"page","link":"https:\/\/matka.ai\/es\/condiciones-generales\/","title":{"rendered":"Condiciones generales"},"content":{"rendered":"\n<div style=\"height:25px\" aria-hidden=\"true\" class=\"wp-block-spacer\"><\/div>\n\n<div class=\"wp-block-uagb-container uagb-block-9f6b06c5 alignfull uagb-is-root-container\"><div class=\"uagb-container-inner-blocks-wrap\">\n<h1 class=\"wp-block-heading\">T\u00e9rminos y condiciones<\/h1>\n\n\n\n<p><strong>Fecha de entrada en vigor:<\/strong> 13.09.2024<\/p>\n\n\n\n<p>Bienvenido a <strong>Matka<\/strong>. Estos T\u00e9rminos y Condiciones rigen tu acceso y uso de nuestro sitio web, aplicaciones m\u00f3viles y servicios (colectivamente, los \u00abServicios\u00bb). Al acceder o utilizar nuestros Servicios, aceptas quedar vinculado por estos T\u00e9rminos y Condiciones.  <\/p>\n\n\n\n<p>Lee atentamente estas Condiciones. Si no las aceptas, no puedes utilizar nuestros Servicios. <\/p>\n\n\n\n<hr class=\"wp-block-separator has-alpha-channel-opacity\"\/>\n\n\n\n<h2 class=\"wp-block-heading\"><strong>1. Definiciones<\/strong><\/h2>\n\n\n\n<ul class=\"wp-block-list\">\n<li><strong>\u00abMat<\/strong> ka<strong>\u00ab, \u00abnosotros\u00bb, \u00abnuestro\u00bb o \u00abnos\u00bb<\/strong> se refiere a Matka, incluyendo su sitio web y todos los Servicios relacionados.<\/li>\n\n\n\n<li><strong>\u00abUsuario\u00bb, \u00abt\u00fa\u00bb o \u00abtu\u00bb<\/strong> se refiere a la persona o entidad que utiliza los Servicios de Matka.<\/li>\n<\/ul>\n\n\n\n<hr class=\"wp-block-separator has-alpha-channel-opacity\"\/>\n\n\n\n<h2 class=\"wp-block-heading\"><strong>2. Aceptaci\u00f3n de las Condiciones<\/strong><\/h2>\n\n\n\n<p>Al crear una cuenta o acceder a nuestros Servicios, aceptas cumplir estas Condiciones. Este acuerdo es legalmente vinculante y plenamente exigible. <\/p>\n\n\n\n<hr class=\"wp-block-separator has-alpha-channel-opacity\"\/>\n\n\n\n<h2 class=\"wp-block-heading\"><strong>3. Elegibilidad<\/strong><\/h2>\n\n\n\n<p>Debes tener al menos 18 a\u00f1os para utilizar nuestros Servicios. Al acceder a nuestros Servicios, declaras y garantizas que tienes capacidad legal para aceptar estas Condiciones. <\/p>\n\n\n\n<hr class=\"wp-block-separator has-alpha-channel-opacity\"\/>\n\n\n\n<h2 class=\"wp-block-heading\"><strong>4. Responsabilidades del usuario<\/strong><\/h2>\n\n\n\n<p>Al utilizar los Servicios de Matka, aceptas:<\/p>\n\n\n\n<ul class=\"wp-block-list\">\n<li>Proporciona informaci\u00f3n precisa, actualizada y completa al crear una cuenta.<\/li>\n\n\n\n<li>Utilizar los Servicios con fines personales y no comerciales, a menos que se permita lo contrario.<\/li>\n\n\n\n<li>No participar en ninguna actividad que viole las leyes locales, nacionales o internacionales aplicables.<\/li>\n\n\n\n<li>No proporcionar informaci\u00f3n falsa o enga\u00f1osa.<\/li>\n\n\n\n<li>No reproducir, distribuir o mostrar p\u00fablicamente ning\u00fan contenido de nuestros Servicios sin consentimiento previo por escrito.<\/li>\n<\/ul>\n\n\n\n<hr class=\"wp-block-separator has-alpha-channel-opacity\"\/>\n\n\n\n<h2 class=\"wp-block-heading\"><strong>5. Seguridad de la cuenta<\/strong><\/h2>\n\n\n\n<p>Eres responsable de salvaguardar la contrase\u00f1a que utilizas para acceder a nuestros Servicios y de cualquier actividad que se realice con tu cuenta. Matka no se hace responsable de ninguna p\u00e9rdida o da\u00f1o derivado de que no mantengas la seguridad de tu cuenta. <\/p>\n\n\n\n<hr class=\"wp-block-separator has-alpha-channel-opacity\"\/>\n\n\n\n<h2 class=\"wp-block-heading\"><strong>6. Propiedad intelectual<\/strong><\/h2>\n\n\n\n<p>Todo el contenido, las caracter\u00edsticas y la funcionalidad, incluidos, entre otros, los logotipos, el dise\u00f1o, los gr\u00e1ficos y el c\u00f3digo de los Servicios de Matka, son propiedad exclusiva de Matka o de sus licenciantes. No puedes reproducir, distribuir ni utilizar ning\u00fan contenido con fines comerciales sin nuestro permiso previo por escrito. <\/p>\n\n\n\n<hr class=\"wp-block-separator has-alpha-channel-opacity\"\/>\n\n\n\n<h2 class=\"wp-block-heading\"><strong>7. Pol\u00edtica de privacidad<\/strong><\/h2>\n\n\n\n<p>Matka respeta tu privacidad. Nuestro [Privacy Policy](enlace a la pol\u00edtica de privacidad) detalla c\u00f3mo recogemos, utilizamos y protegemos tu informaci\u00f3n personal. Al utilizar nuestros Servicios, aceptas la recopilaci\u00f3n y el uso de tu informaci\u00f3n tal y como se describe en nuestra Pol\u00edtica de privacidad.  <\/p>\n\n\n\n<hr class=\"wp-block-separator has-alpha-channel-opacity\"\/>\n\n\n\n<h2 class=\"wp-block-heading\"><strong>8. Finalizaci\u00f3n del servicio<\/strong><\/h2>\n\n\n\n<p>Nos reservamos el derecho a suspender o cancelar tu acceso a los Servicios de Matka en cualquier momento y por cualquier motivo, incluidas las infracciones de estas Condiciones. Tras la rescisi\u00f3n, perder\u00e1s inmediatamente todos los derechos de uso de los Servicios. <\/p>\n\n\n\n<hr class=\"wp-block-separator has-alpha-channel-opacity\"\/>\n\n\n\n<h2 class=\"wp-block-heading\"><strong>9. Renuncia de garant\u00edas<\/strong><\/h2>\n\n\n\n<p>Matka proporciona sus Servicios \u00abtal cual\u00bb y \u00abseg\u00fan disponibilidad\u00bb. No ofrecemos garant\u00edas, expresas o impl\u00edcitas, sobre el funcionamiento o la disponibilidad de los Servicios ni sobre su idoneidad, fiabilidad o exactitud para un fin determinado. <\/p>\n\n\n\n<hr class=\"wp-block-separator has-alpha-channel-opacity\"\/>\n\n\n\n<h2 class=\"wp-block-heading\"><strong>10. Limitaci\u00f3n de responsabilidad<\/strong><\/h2>\n\n\n\n<p>En la medida m\u00e1xima permitida por la ley, Matka, sus afiliados, directores, empleados y licenciantes no ser\u00e1n responsables de ning\u00fan da\u00f1o indirecto, incidental o consecuente derivado del uso que hagas de nuestros Servicios.<\/p>\n\n\n\n<hr class=\"wp-block-separator has-alpha-channel-opacity\"\/>\n\n\n\n<h2 class=\"wp-block-heading\"><strong>11. Modificaciones de las Condiciones<\/strong><\/h2>\n\n\n\n<p>Matka se reserva el derecho a modificar estas Condiciones en cualquier momento. Cuando se realicen cambios, actualizaremos la \u00abFecha de entrada en vigor\u00bb en la parte superior de este documento. Te animamos a que revises estas Condiciones peri\u00f3dicamente.  <\/p>\n\n\n\n<hr class=\"wp-block-separator has-alpha-channel-opacity\"\/>\n\n\n\n<h2 class=\"wp-block-heading\"><strong>12. Ley aplicable<\/strong><\/h2>\n\n\n\n<p>Estas Condiciones y tu uso de nuestros Servicios se regir\u00e1n e interpretar\u00e1n de acuerdo con las leyes de Espa\u00f1a. Cualquier disputa estar\u00e1 sujeta a la jurisdicci\u00f3n exclusiva de los tribunales de [Ciudad, Espa\u00f1a]. <\/p>\n\n\n\n<hr class=\"wp-block-separator has-alpha-channel-opacity\"\/>\n\n\n\n<h2 class=\"wp-block-heading\"><strong>13. Resoluci\u00f3n de conflictos<\/strong><\/h2>\n\n\n\n<p>De conformidad con la Ley 7\/2017, de 2 de noviembre, por la que se incorpora la Directiva 2013\/11\/UE, si surgiera alguna controversia en relaci\u00f3n con estas Condiciones, las partes podr\u00e1n someterla a resoluci\u00f3n de conflictos a trav\u00e9s de la plataforma europea de resoluci\u00f3n de litigios en l\u00ednea (RLL) disponible en: <a href=\"https:\/\/ec.europa.eu\/consumers\/odr\/\">https:\/\/ec.europa.eu\/consumers\/odr\/.<\/a><\/p>\n\n\n\n<hr class=\"wp-block-separator has-alpha-channel-opacity\"\/>\n\n\n\n<h2 class=\"wp-block-heading\"><strong>14. Informaci\u00f3n de contacto<\/strong><\/h2>\n\n\n\n<p>Si tienes alguna pregunta o duda sobre estas Condiciones, ponte en contacto con nosotros <a href=\"https:\/\/matka.ai\/es\/ponte-en-contacto-con\/\" data-type=\"page\" data-id=\"144\">aqu\u00ed<\/a>.<\/p>\n\n\n\n<hr class=\"wp-block-separator has-alpha-channel-opacity\"\/>\n\n\n\n<h2 class=\"wp-block-heading\"><strong>15. Idioma de las Condiciones<\/strong><\/h2>\n\n\n\n<p>Estas Condiciones est\u00e1n redactadas en ingl\u00e9s. En caso de conflicto entre las versiones traducidas y la versi\u00f3n inglesa, prevalecer\u00e1 la versi\u00f3n inglesa. <\/p>\n<\/div><\/div>\n\n<div style=\"height:50px\" aria-hidden=\"true\" class=\"wp-block-spacer\"><\/div>\n","protected":false},"excerpt":{"rendered":"<p>T\u00e9rminos y condiciones Fecha de entrada en vigor: 13.09.2024 Bienvenido a Matka. Estos T\u00e9rminos y Condiciones rigen tu acceso y uso de nuestro sitio web, aplicaciones m\u00f3viles y servicios (colectivamente, los \u00abServicios\u00bb). Al acceder o utilizar nuestros Servicios, aceptas quedar vinculado por estos T\u00e9rminos y Condiciones. Lee atentamente estas Condiciones. Si no las aceptas, no [&hellip;]<\/p>\n","protected":false},"author":3,"featured_media":0,"parent":0,"menu_order":0,"comment_status":"closed","ping_status":"closed","template":"","meta":{"_uag_custom_page_level_css":"","_swt_meta_header_display":false,"_swt_meta_footer_display":false,"_swt_meta_site_title_display":false,"_swt_meta_sticky_header":false,"_swt_meta_transparent_header":false,"footnotes":""},"class_list":["post-3429","page","type-page","status-publish","hentry"],"yoast_head":"<!-- This site is optimized with the Yoast SEO plugin v27.5 - https:\/\/yoast.com\/product\/yoast-seo-wordpress\/ -->\n<title>Condiciones generales - matka<\/title>\n<meta name=\"robots\" content=\"index, follow, max-snippet:-1, max-image-preview:large, max-video-preview:-1\" \/>\n<link rel=\"canonical\" href=\"https:\/\/matka.ai\/es\/condiciones-generales\/\" \/>\n<meta property=\"og:locale\" content=\"es_ES\" \/>\n<meta property=\"og:type\" content=\"article\" \/>\n<meta property=\"og:title\" content=\"Condiciones generales - matka\" \/>\n<meta property=\"og:description\" content=\"T\u00e9rminos y condiciones Fecha de entrada en vigor: 13.09.2024 Bienvenido a Matka. Estos T\u00e9rminos y Condiciones rigen tu acceso y uso de nuestro sitio web, aplicaciones m\u00f3viles y servicios (colectivamente, los \u00abServicios\u00bb). Al acceder o utilizar nuestros Servicios, aceptas quedar vinculado por estos T\u00e9rminos y Condiciones. Lee atentamente estas Condiciones. Si no las aceptas, no [&hellip;]\" \/>\n<meta property=\"og:url\" content=\"https:\/\/matka.ai\/es\/condiciones-generales\/\" \/>\n<meta property=\"og:site_name\" content=\"matka\" \/>\n<meta property=\"article:publisher\" content=\"https:\/\/www.instagram.com\/matka.experiences\/\" \/>\n<meta property=\"article:modified_time\" content=\"2025-03-18T20:21:39+00:00\" \/>\n<meta name=\"twitter:card\" content=\"summary_large_image\" \/>\n<meta name=\"twitter:label1\" content=\"Tiempo de lectura\" \/>\n\t<meta name=\"twitter:data1\" content=\"4 minutos\" \/>\n<script type=\"application\/ld+json\" class=\"yoast-schema-graph\">{\"@context\":\"https:\\\/\\\/schema.org\",\"@graph\":[{\"@type\":\"WebPage\",\"@id\":\"https:\\\/\\\/matka.ai\\\/es\\\/condiciones-generales\\\/\",\"url\":\"https:\\\/\\\/matka.ai\\\/es\\\/condiciones-generales\\\/\",\"name\":\"Condiciones generales - matka\",\"isPartOf\":{\"@id\":\"https:\\\/\\\/matka.ai\\\/es\\\/#website\"},\"datePublished\":\"2024-09-13T15:09:47+00:00\",\"dateModified\":\"2025-03-18T20:21:39+00:00\",\"breadcrumb\":{\"@id\":\"https:\\\/\\\/matka.ai\\\/es\\\/condiciones-generales\\\/#breadcrumb\"},\"inLanguage\":\"es\",\"potentialAction\":[{\"@type\":\"ReadAction\",\"target\":[\"https:\\\/\\\/matka.ai\\\/es\\\/condiciones-generales\\\/\"]}]},{\"@type\":\"BreadcrumbList\",\"@id\":\"https:\\\/\\\/matka.ai\\\/es\\\/condiciones-generales\\\/#breadcrumb\",\"itemListElement\":[{\"@type\":\"ListItem\",\"position\":1,\"name\":\"Home\",\"item\":\"https:\\\/\\\/matka.ai\\\/es\\\/\"},{\"@type\":\"ListItem\",\"position\":2,\"name\":\"Condiciones generales\"}]},{\"@type\":\"WebSite\",\"@id\":\"https:\\\/\\\/matka.ai\\\/es\\\/#website\",\"url\":\"https:\\\/\\\/matka.ai\\\/es\\\/\",\"name\":\"matka.ai\",\"description\":\"Your plans, effortless\",\"publisher\":{\"@id\":\"https:\\\/\\\/matka.ai\\\/es\\\/#organization\"},\"alternateName\":\"Experiences\",\"potentialAction\":[{\"@type\":\"SearchAction\",\"target\":{\"@type\":\"EntryPoint\",\"urlTemplate\":\"https:\\\/\\\/matka.ai\\\/es\\\/?s={search_term_string}\"},\"query-input\":{\"@type\":\"PropertyValueSpecification\",\"valueRequired\":true,\"valueName\":\"search_term_string\"}}],\"inLanguage\":\"es\"},{\"@type\":\"Organization\",\"@id\":\"https:\\\/\\\/matka.ai\\\/es\\\/#organization\",\"name\":\"Matka\",\"alternateName\":\"matka.experiences\",\"url\":\"https:\\\/\\\/matka.ai\\\/es\\\/\",\"logo\":{\"@type\":\"ImageObject\",\"inLanguage\":\"es\",\"@id\":\"https:\\\/\\\/matka.ai\\\/es\\\/#\\\/schema\\\/logo\\\/image\\\/\",\"url\":\"https:\\\/\\\/matka.ai\\\/wp-content\\\/uploads\\\/2025\\\/03\\\/matka_logo-1.svg\",\"contentUrl\":\"https:\\\/\\\/matka.ai\\\/wp-content\\\/uploads\\\/2025\\\/03\\\/matka_logo-1.svg\",\"width\":1,\"height\":1,\"caption\":\"Matka\"},\"image\":{\"@id\":\"https:\\\/\\\/matka.ai\\\/es\\\/#\\\/schema\\\/logo\\\/image\\\/\"},\"sameAs\":[\"https:\\\/\\\/www.instagram.com\\\/matka.experiences\\\/\"]}]}<\/script>\n<!-- \/ Yoast SEO plugin. -->","yoast_head_json":{"title":"Condiciones generales - matka","robots":{"index":"index","follow":"follow","max-snippet":"max-snippet:-1","max-image-preview":"max-image-preview:large","max-video-preview":"max-video-preview:-1"},"canonical":"https:\/\/matka.ai\/es\/condiciones-generales\/","og_locale":"es_ES","og_type":"article","og_title":"Condiciones generales - matka","og_description":"T\u00e9rminos y condiciones Fecha de entrada en vigor: 13.09.2024 Bienvenido a Matka. Estos T\u00e9rminos y Condiciones rigen tu acceso y uso de nuestro sitio web, aplicaciones m\u00f3viles y servicios (colectivamente, los \u00abServicios\u00bb). Al acceder o utilizar nuestros Servicios, aceptas quedar vinculado por estos T\u00e9rminos y Condiciones. Lee atentamente estas Condiciones. Si no las aceptas, no [&hellip;]","og_url":"https:\/\/matka.ai\/es\/condiciones-generales\/","og_site_name":"matka","article_publisher":"https:\/\/www.instagram.com\/matka.experiences\/","article_modified_time":"2025-03-18T20:21:39+00:00","twitter_card":"summary_large_image","twitter_misc":{"Tiempo de lectura":"4 minutos"},"schema":{"@context":"https:\/\/schema.org","@graph":[{"@type":"WebPage","@id":"https:\/\/matka.ai\/es\/condiciones-generales\/","url":"https:\/\/matka.ai\/es\/condiciones-generales\/","name":"Condiciones generales - matka","isPartOf":{"@id":"https:\/\/matka.ai\/es\/#website"},"datePublished":"2024-09-13T15:09:47+00:00","dateModified":"2025-03-18T20:21:39+00:00","breadcrumb":{"@id":"https:\/\/matka.ai\/es\/condiciones-generales\/#breadcrumb"},"inLanguage":"es","potentialAction":[{"@type":"ReadAction","target":["https:\/\/matka.ai\/es\/condiciones-generales\/"]}]},{"@type":"BreadcrumbList","@id":"https:\/\/matka.ai\/es\/condiciones-generales\/#breadcrumb","itemListElement":[{"@type":"ListItem","position":1,"name":"Home","item":"https:\/\/matka.ai\/es\/"},{"@type":"ListItem","position":2,"name":"Condiciones generales"}]},{"@type":"WebSite","@id":"https:\/\/matka.ai\/es\/#website","url":"https:\/\/matka.ai\/es\/","name":"matka.ai","description":"Your plans, effortless","publisher":{"@id":"https:\/\/matka.ai\/es\/#organization"},"alternateName":"Experiences","potentialAction":[{"@type":"SearchAction","target":{"@type":"EntryPoint","urlTemplate":"https:\/\/matka.ai\/es\/?s={search_term_string}"},"query-input":{"@type":"PropertyValueSpecification","valueRequired":true,"valueName":"search_term_string"}}],"inLanguage":"es"},{"@type":"Organization","@id":"https:\/\/matka.ai\/es\/#organization","name":"Matka","alternateName":"matka.experiences","url":"https:\/\/matka.ai\/es\/","logo":{"@type":"ImageObject","inLanguage":"es","@id":"https:\/\/matka.ai\/es\/#\/schema\/logo\/image\/","url":"https:\/\/matka.ai\/wp-content\/uploads\/2025\/03\/matka_logo-1.svg","contentUrl":"https:\/\/matka.ai\/wp-content\/uploads\/2025\/03\/matka_logo-1.svg","width":1,"height":1,"caption":"Matka"},"image":{"@id":"https:\/\/matka.ai\/es\/#\/schema\/logo\/image\/"},"sameAs":["https:\/\/www.instagram.com\/matka.experiences\/"]}]}},"uagb_featured_image_src":{"full":false,"thumbnail":false,"medium":false,"medium_large":false,"large":false,"1536x1536":false,"2048x2048":false},"uagb_author_info":{"display_name":"Jeronimo Gabande","author_link":"https:\/\/matka.ai\/es\/author\/jeronimo\/"},"uagb_comment_info":0,"uagb_excerpt":"T\u00e9rminos y condiciones Fecha de entrada en vigor: 13.09.2024 Bienvenido a Matka. Estos T\u00e9rminos y Condiciones rigen tu acceso y uso de nuestro sitio web, aplicaciones m\u00f3viles y servicios (colectivamente, los \u00abServicios\u00bb). Al acceder o utilizar nuestros Servicios, aceptas quedar vinculado por estos T\u00e9rminos y Condiciones. Lee atentamente estas Condiciones. Si no las aceptas, no&hellip;","_links":{"self":[{"href":"https:\/\/matka.ai\/es\/wp-json\/wp\/v2\/pages\/3429","targetHints":{"allow":["GET"]}}],"collection":[{"href":"https:\/\/matka.ai\/es\/wp-json\/wp\/v2\/pages"}],"about":[{"href":"https:\/\/matka.ai\/es\/wp-json\/wp\/v2\/types\/page"}],"author":[{"embeddable":true,"href":"https:\/\/matka.ai\/es\/wp-json\/wp\/v2\/users\/3"}],"replies":[{"embeddable":true,"href":"https:\/\/matka.ai\/es\/wp-json\/wp\/v2\/comments?post=3429"}],"version-history":[{"count":1,"href":"https:\/\/matka.ai\/es\/wp-json\/wp\/v2\/pages\/3429\/revisions"}],"predecessor-version":[{"id":3432,"href":"https:\/\/matka.ai\/es\/wp-json\/wp\/v2\/pages\/3429\/revisions\/3432"}],"wp:attachment":[{"href":"https:\/\/matka.ai\/es\/wp-json\/wp\/v2\/media?parent=3429"}],"curies":[{"name":"wp","href":"https:\/\/api.w.org\/{rel}","templated":true}]}}