{"id":3426,"date":"2024-09-09T23:00:22","date_gmt":"2024-09-09T21:00:22","guid":{"rendered":"https:\/\/matka.ai\/politica-de-privacidad\/"},"modified":"2025-03-18T21:21:39","modified_gmt":"2025-03-18T20:21:39","slug":"politica-de-privacidad","status":"publish","type":"page","link":"https:\/\/matka.ai\/es\/politica-de-privacidad\/","title":{"rendered":"Pol\u00edtica de privacidad"},"content":{"rendered":"\n<div style=\"height:25px\" aria-hidden=\"true\" class=\"wp-block-spacer\"><\/div>\n\n<h1 class=\"wp-block-heading\"><strong>Pol\u00edtica de privacidad<\/strong><\/h1>\n\n<p><strong>Fecha de entrada en vigor:<\/strong> 13.09.2024<\/p>\n\n<p>En <strong>Matka<\/strong>, nos comprometemos a proteger y respetar tu privacidad. Esta Pol\u00edtica de Privacidad describe c\u00f3mo recopilamos, utilizamos, revelamos y salvaguardamos tu informaci\u00f3n cuando utilizas nuestro sitio web, aplicaciones m\u00f3viles y otros servicios (colectivamente, los \u00abServicios\u00bb). Lee atentamente esta pol\u00edtica. Al acceder o utilizar nuestros Servicios, aceptas los t\u00e9rminos de esta Pol\u00edtica de Privacidad.   <\/p>\n\n<hr class=\"wp-block-separator has-alpha-channel-opacity is-style-wide\"\/>\n\n<h2 class=\"wp-block-heading\"><strong>1. Informaci\u00f3n que recogemos<\/strong><\/h2>\n\n<p>Recogemos diferentes tipos de informaci\u00f3n dependiendo de c\u00f3mo utilices nuestros Servicios:<\/p>\n\n<h3 class=\"wp-block-heading\"><strong>a. Datos personales <\/strong><\/h3>\n\n<p>Cuando creas una cuenta, utilizas nuestros Servicios o interact\u00faas con nosotros, podemos recopilar:<\/p>\n\n<ul class=\"wp-block-list\">\n<li><strong>Nombre<\/strong><\/li>\n\n\n\n<li><strong>Direcci\u00f3n de correo electr\u00f3nico<\/strong><\/li>\n\n\n\n<li><strong>Datos de localizaci\u00f3n<\/strong><\/li>\n\n\n\n<li><strong>Utilizar datos hist\u00f3ricos<\/strong><\/li>\n\n\n\n<li><strong>Datos de pago<\/strong><\/li>\n<\/ul>\n\n<h3 class=\"wp-block-heading\"><strong>b. Datos recogidos autom\u00e1ticamente <\/strong><\/h3>\n\n<p>Cuando interact\u00faas con nuestros Servicios, recopilamos autom\u00e1ticamente:<\/p>\n\n<ul class=\"wp-block-list\">\n<li><strong>Direcci\u00f3n IP<\/strong><\/li>\n\n\n\n<li><strong>Informaci\u00f3n del<\/strong> dispositivo (tipo de dispositivo, sistema operativo, tipo de navegador)<\/li>\n\n\n\n<li><strong>Datos de uso<\/strong> (c\u00f3mo interact\u00faas con nuestros Servicios, como las p\u00e1ginas visitadas, el tiempo empleado y las acciones realizadas)<\/li>\n\n\n\n<li><strong>Cookies y tecnolog\u00edas de seguimiento<\/strong> (para m\u00e1s informaci\u00f3n, consulta la Secci\u00f3n 5)<\/li>\n<\/ul>\n\n<h3 class=\"wp-block-heading\"><strong>c. Datos de terceros <\/strong><\/h3>\n\n<p>Tambi\u00e9n podemos recopilar informaci\u00f3n de terceros, como plataformas de redes sociales, si inicias sesi\u00f3n utilizando credenciales de terceros.<\/p>\n\n<hr class=\"wp-block-separator has-alpha-channel-opacity is-style-wide\"\/>\n\n<h2 class=\"wp-block-heading\"><strong>2. C\u00f3mo utilizamos tu informaci\u00f3n<\/strong><\/h2>\n\n<p>Utilizamos tu informaci\u00f3n para diversos fines, entre ellos:<\/p>\n\n<ul class=\"wp-block-list\">\n<li>Para prestar y mantener nuestros Servicios.<\/li>\n\n\n\n<li>Para personalizar tu experiencia y ofrecerte contenidos adaptados a tus preferencias.<\/li>\n\n\n\n<li>Para comunicarnos contigo sobre actualizaciones, ofertas y promociones.<\/li>\n\n\n\n<li>Para procesar transacciones y pagos.<\/li>\n\n\n\n<li>Para mejorar la funcionalidad y el rendimiento de nuestros Servicios.<\/li>\n\n\n\n<li>Para garantizar la seguridad e integridad de nuestros Servicios.<\/li>\n<\/ul>\n\n<hr class=\"wp-block-separator has-alpha-channel-opacity is-style-wide\"\/>\n\n<h2 class=\"wp-block-heading\"><strong>3. Compartir tu informaci\u00f3n<\/strong><\/h2>\n\n<p>No vendemos tu informaci\u00f3n personal. Sin embargo, podemos compartir tu informaci\u00f3n de las siguientes maneras: <\/p>\n\n<h3 class=\"wp-block-heading\"><strong>a. Proveedores de servicios <\/strong><\/h3>\n\n<p>Podemos compartir tu informaci\u00f3n con terceros proveedores de servicios que nos ayudan a prestar los Servicios, como procesadores de pagos, proveedores de alojamiento o servicios de an\u00e1lisis.<\/p>\n\n<h3 class=\"wp-block-heading\"><strong>b. Requisitos legales <\/strong><\/h3>\n\n<p>Podemos revelar tus datos si as\u00ed lo exige la ley o en respuesta a solicitudes legales v\u00e1lidas de autoridades p\u00fablicas, como un tribunal o una agencia gubernamental.<\/p>\n\n<h3 class=\"wp-block-heading\"><strong>c. Traspasos de empresas <\/strong><\/h3>\n\n<p>Si Matka participa en una fusi\u00f3n, adquisici\u00f3n o venta de activos, tu informaci\u00f3n puede ser transferida como parte de esa transacci\u00f3n.<\/p>\n\n<hr class=\"wp-block-separator has-alpha-channel-opacity is-style-wide\"\/>\n\n<h2 class=\"wp-block-heading\"><strong>4. Tus derechos<\/strong><\/h2>\n\n<p>Tienes varios derechos en relaci\u00f3n con tu informaci\u00f3n personal, entre ellos<\/p>\n\n<ul class=\"wp-block-list\">\n<li><strong>Derecho de acceso<\/strong>: Tienes derecho a solicitar una copia de los datos personales que tenemos sobre ti.<\/li>\n\n\n\n<li><strong>Derecho de rectificaci\u00f3n<\/strong>: Puedes solicitar la rectificaci\u00f3n de los datos inexactos o incompletos.<\/li>\n\n\n\n<li><strong>Derecho de supresi\u00f3n<\/strong>: Puedes solicitar la supresi\u00f3n de tus datos personales en determinadas circunstancias.<\/li>\n\n\n\n<li><strong>Derecho a la restricci\u00f3n del tratamiento<\/strong>: Puedes solicitar la restricci\u00f3n del tratamiento de tus datos personales en determinadas condiciones.<\/li>\n\n\n\n<li><strong>Derecho a la portabilidad de datos<\/strong>: Puedes solicitar la transferencia de tus datos a otro proveedor de servicios.<\/li>\n\n\n\n<li><strong>Derecho<\/strong> de <strong>oposici\u00f3n<\/strong>: Tienes derecho a oponerte a determinados tipos de tratamiento de datos, incluido el marketing directo.<\/li>\n<\/ul>\n\n<p>Para ejercer estos derechos, ponte en contacto con nosotros en <strong><a href=\"mailto:hello@matka.ai\">hello@matka.ai<\/a><\/strong>.<\/p>\n\n<hr class=\"wp-block-separator has-alpha-channel-opacity is-style-wide\"\/>\n\n<h2 class=\"wp-block-heading\"><strong>5. Cookies y tecnolog\u00edas de seguimiento<\/strong><\/h2>\n\n<p>Utilizamos cookies y otras tecnolog\u00edas de seguimiento para<\/p>\n\n<ul class=\"wp-block-list\">\n<li>Mejorar el rendimiento y la funcionalidad de nuestros Servicios.<\/li>\n\n\n\n<li>Analiza los patrones de uso y controla el tr\u00e1fico.<\/li>\n\n\n\n<li>Proporcionar anuncios espec\u00edficos basados en tus intereses.<\/li>\n<\/ul>\n\n<p>Puedes controlar la configuraci\u00f3n de las cookies a trav\u00e9s de tu navegador. Para obtener m\u00e1s informaci\u00f3n sobre el uso que hacemos de las cookies, consulta nuestra <strong>p\u00e1gina[Cookie Policy](enlace a la pol\u00edtica de cookies)<\/strong>. <\/p>\n\n<hr class=\"wp-block-separator has-alpha-channel-opacity is-style-wide\"\/>\n\n<h2 class=\"wp-block-heading\"><strong>6. Seguridad de los datos<\/strong><\/h2>\n\n<p>Aplicamos medidas de seguridad apropiadas para proteger tu informaci\u00f3n contra el acceso no autorizado, la alteraci\u00f3n o la destrucci\u00f3n. Sin embargo, ning\u00fan m\u00e9todo de transmisi\u00f3n por Internet o de almacenamiento electr\u00f3nico es seguro al 100%, y no podemos garantizar una seguridad absoluta. <\/p>\n\n<hr class=\"wp-block-separator has-alpha-channel-opacity is-style-wide\"\/>\n\n<h2 class=\"wp-block-heading\"><strong>7. Conservaci\u00f3n de datos<\/strong><\/h2>\n\n<p>Conservamos tus datos personales s\u00f3lo durante el tiempo necesario para cumplir los fines descritos en esta pol\u00edtica, a menos que la ley exija o permita un per\u00edodo de conservaci\u00f3n m\u00e1s largo.<\/p>\n\n<hr class=\"wp-block-separator has-alpha-channel-opacity\"\/>\n\n<h2 class=\"wp-block-heading\"><strong>8. Privacidad de los ni\u00f1os<\/strong><\/h2>\n\n<p>Nuestros Servicios no est\u00e1n destinados a ser utilizados por menores de 18 a\u00f1os. No recopilamos conscientemente datos personales de menores. Si tenemos conocimiento de que hemos recopilado informaci\u00f3n de un ni\u00f1o sin el consentimiento de sus padres, la eliminaremos inmediatamente.  <\/p>\n\n<hr class=\"wp-block-separator has-alpha-channel-opacity is-style-wide\"\/>\n\n<h2 class=\"wp-block-heading\"><strong>9. Transferencias internacionales de datos<\/strong><\/h2>\n\n<p>Tu informaci\u00f3n puede ser transferida y procesada en pa\u00edses fuera del tuyo, incluyendo pa\u00edses que pueden no proporcionar el mismo nivel de protecci\u00f3n de datos. Al transferir tus datos, nos aseguramos de que existen las salvaguardias adecuadas. <\/p>\n\n<hr class=\"wp-block-separator has-alpha-channel-opacity is-style-wide\"\/>\n\n<h2 class=\"wp-block-heading\"><strong>10. Cambios en esta Pol\u00edtica de Privacidad<\/strong><\/h2>\n\n<p>Podemos actualizar esta Pol\u00edtica de Privacidad de vez en cuando. Cuando lo hagamos, revisaremos la \u00abFecha de entrada en vigor\u00bb en la parte superior de este documento y te notificaremos los cambios significativos. Te animamos a que revises esta pol\u00edtica peri\u00f3dicamente para mantenerte informado sobre c\u00f3mo protegemos tu informaci\u00f3n.  <\/p>\n\n<hr class=\"wp-block-separator has-alpha-channel-opacity is-style-wide\"\/>\n\n<h2 class=\"wp-block-heading\"><strong>11. Contacta con nosotros<\/strong><\/h2>\n\n<p>Si tienes alguna pregunta o duda sobre esta Pol\u00edtica de Privacidad o nuestras pr\u00e1cticas de datos, ponte en contacto con nosotros <a href=\"https:\/\/matka.ai\/es\/ponte-en-contacto-con\/\" data-type=\"page\" data-id=\"144\">aqu\u00ed<\/a>.<\/p>\n\n<div style=\"height:50px\" aria-hidden=\"true\" class=\"wp-block-spacer\"><\/div>\n","protected":false},"excerpt":{"rendered":"<p>Pol\u00edtica de privacidad Fecha de entrada en vigor: 13.09.2024 En Matka, nos comprometemos a proteger y respetar tu privacidad. Esta Pol\u00edtica de Privacidad describe c\u00f3mo recopilamos, utilizamos, revelamos y salvaguardamos tu informaci\u00f3n cuando utilizas nuestro sitio web, aplicaciones m\u00f3viles y otros servicios (colectivamente, los \u00abServicios\u00bb). Lee atentamente esta pol\u00edtica. Al acceder o utilizar nuestros Servicios, [&hellip;]<\/p>\n","protected":false},"author":3,"featured_media":0,"parent":0,"menu_order":0,"comment_status":"closed","ping_status":"open","template":"","meta":{"_uag_custom_page_level_css":"","_swt_meta_header_display":false,"_swt_meta_footer_display":false,"_swt_meta_site_title_display":false,"_swt_meta_sticky_header":false,"_swt_meta_transparent_header":false,"footnotes":""},"class_list":["post-3426","page","type-page","status-publish","hentry"],"yoast_head":"<!-- This site is optimized with the Yoast SEO plugin v27.5 - https:\/\/yoast.com\/product\/yoast-seo-wordpress\/ -->\n<title>Pol\u00edtica de privacidad - matka<\/title>\n<meta name=\"robots\" content=\"index, follow, max-snippet:-1, max-image-preview:large, max-video-preview:-1\" \/>\n<link rel=\"canonical\" href=\"https:\/\/matka.ai\/es\/politica-de-privacidad\/\" \/>\n<meta property=\"og:locale\" content=\"es_ES\" \/>\n<meta property=\"og:type\" content=\"article\" \/>\n<meta property=\"og:title\" content=\"Pol\u00edtica de privacidad - matka\" \/>\n<meta property=\"og:description\" content=\"Pol\u00edtica de privacidad Fecha de entrada en vigor: 13.09.2024 En Matka, nos comprometemos a proteger y respetar tu privacidad. Esta Pol\u00edtica de Privacidad describe c\u00f3mo recopilamos, utilizamos, revelamos y salvaguardamos tu informaci\u00f3n cuando utilizas nuestro sitio web, aplicaciones m\u00f3viles y otros servicios (colectivamente, los \u00abServicios\u00bb). Lee atentamente esta pol\u00edtica. Al acceder o utilizar nuestros Servicios, [&hellip;]\" \/>\n<meta property=\"og:url\" content=\"https:\/\/matka.ai\/es\/politica-de-privacidad\/\" \/>\n<meta property=\"og:site_name\" content=\"matka\" \/>\n<meta property=\"article:publisher\" content=\"https:\/\/www.instagram.com\/matka.experiences\/\" \/>\n<meta property=\"article:modified_time\" content=\"2025-03-18T20:21:39+00:00\" \/>\n<meta name=\"twitter:card\" content=\"summary_large_image\" \/>\n<meta name=\"twitter:label1\" content=\"Tiempo de lectura\" \/>\n\t<meta name=\"twitter:data1\" content=\"4 minutos\" \/>\n<script type=\"application\/ld+json\" class=\"yoast-schema-graph\">{\"@context\":\"https:\\\/\\\/schema.org\",\"@graph\":[{\"@type\":\"WebPage\",\"@id\":\"https:\\\/\\\/matka.ai\\\/es\\\/politica-de-privacidad\\\/\",\"url\":\"https:\\\/\\\/matka.ai\\\/es\\\/politica-de-privacidad\\\/\",\"name\":\"Pol\u00edtica de privacidad - matka\",\"isPartOf\":{\"@id\":\"https:\\\/\\\/matka.ai\\\/es\\\/#website\"},\"datePublished\":\"2024-09-09T21:00:22+00:00\",\"dateModified\":\"2025-03-18T20:21:39+00:00\",\"breadcrumb\":{\"@id\":\"https:\\\/\\\/matka.ai\\\/es\\\/politica-de-privacidad\\\/#breadcrumb\"},\"inLanguage\":\"es\",\"potentialAction\":[{\"@type\":\"ReadAction\",\"target\":[\"https:\\\/\\\/matka.ai\\\/es\\\/politica-de-privacidad\\\/\"]}]},{\"@type\":\"BreadcrumbList\",\"@id\":\"https:\\\/\\\/matka.ai\\\/es\\\/politica-de-privacidad\\\/#breadcrumb\",\"itemListElement\":[{\"@type\":\"ListItem\",\"position\":1,\"name\":\"Home\",\"item\":\"https:\\\/\\\/matka.ai\\\/es\\\/\"},{\"@type\":\"ListItem\",\"position\":2,\"name\":\"Pol\u00edtica de privacidad\"}]},{\"@type\":\"WebSite\",\"@id\":\"https:\\\/\\\/matka.ai\\\/es\\\/#website\",\"url\":\"https:\\\/\\\/matka.ai\\\/es\\\/\",\"name\":\"matka.ai\",\"description\":\"Your plans, effortless\",\"publisher\":{\"@id\":\"https:\\\/\\\/matka.ai\\\/es\\\/#organization\"},\"alternateName\":\"Experiences\",\"potentialAction\":[{\"@type\":\"SearchAction\",\"target\":{\"@type\":\"EntryPoint\",\"urlTemplate\":\"https:\\\/\\\/matka.ai\\\/es\\\/?s={search_term_string}\"},\"query-input\":{\"@type\":\"PropertyValueSpecification\",\"valueRequired\":true,\"valueName\":\"search_term_string\"}}],\"inLanguage\":\"es\"},{\"@type\":\"Organization\",\"@id\":\"https:\\\/\\\/matka.ai\\\/es\\\/#organization\",\"name\":\"Matka\",\"alternateName\":\"matka.experiences\",\"url\":\"https:\\\/\\\/matka.ai\\\/es\\\/\",\"logo\":{\"@type\":\"ImageObject\",\"inLanguage\":\"es\",\"@id\":\"https:\\\/\\\/matka.ai\\\/es\\\/#\\\/schema\\\/logo\\\/image\\\/\",\"url\":\"https:\\\/\\\/matka.ai\\\/wp-content\\\/uploads\\\/2025\\\/03\\\/matka_logo-1.svg\",\"contentUrl\":\"https:\\\/\\\/matka.ai\\\/wp-content\\\/uploads\\\/2025\\\/03\\\/matka_logo-1.svg\",\"width\":1,\"height\":1,\"caption\":\"Matka\"},\"image\":{\"@id\":\"https:\\\/\\\/matka.ai\\\/es\\\/#\\\/schema\\\/logo\\\/image\\\/\"},\"sameAs\":[\"https:\\\/\\\/www.instagram.com\\\/matka.experiences\\\/\"]}]}<\/script>\n<!-- \/ Yoast SEO plugin. -->","yoast_head_json":{"title":"Pol\u00edtica de privacidad - matka","robots":{"index":"index","follow":"follow","max-snippet":"max-snippet:-1","max-image-preview":"max-image-preview:large","max-video-preview":"max-video-preview:-1"},"canonical":"https:\/\/matka.ai\/es\/politica-de-privacidad\/","og_locale":"es_ES","og_type":"article","og_title":"Pol\u00edtica de privacidad - matka","og_description":"Pol\u00edtica de privacidad Fecha de entrada en vigor: 13.09.2024 En Matka, nos comprometemos a proteger y respetar tu privacidad. Esta Pol\u00edtica de Privacidad describe c\u00f3mo recopilamos, utilizamos, revelamos y salvaguardamos tu informaci\u00f3n cuando utilizas nuestro sitio web, aplicaciones m\u00f3viles y otros servicios (colectivamente, los \u00abServicios\u00bb). Lee atentamente esta pol\u00edtica. Al acceder o utilizar nuestros Servicios, [&hellip;]","og_url":"https:\/\/matka.ai\/es\/politica-de-privacidad\/","og_site_name":"matka","article_publisher":"https:\/\/www.instagram.com\/matka.experiences\/","article_modified_time":"2025-03-18T20:21:39+00:00","twitter_card":"summary_large_image","twitter_misc":{"Tiempo de lectura":"4 minutos"},"schema":{"@context":"https:\/\/schema.org","@graph":[{"@type":"WebPage","@id":"https:\/\/matka.ai\/es\/politica-de-privacidad\/","url":"https:\/\/matka.ai\/es\/politica-de-privacidad\/","name":"Pol\u00edtica de privacidad - matka","isPartOf":{"@id":"https:\/\/matka.ai\/es\/#website"},"datePublished":"2024-09-09T21:00:22+00:00","dateModified":"2025-03-18T20:21:39+00:00","breadcrumb":{"@id":"https:\/\/matka.ai\/es\/politica-de-privacidad\/#breadcrumb"},"inLanguage":"es","potentialAction":[{"@type":"ReadAction","target":["https:\/\/matka.ai\/es\/politica-de-privacidad\/"]}]},{"@type":"BreadcrumbList","@id":"https:\/\/matka.ai\/es\/politica-de-privacidad\/#breadcrumb","itemListElement":[{"@type":"ListItem","position":1,"name":"Home","item":"https:\/\/matka.ai\/es\/"},{"@type":"ListItem","position":2,"name":"Pol\u00edtica de privacidad"}]},{"@type":"WebSite","@id":"https:\/\/matka.ai\/es\/#website","url":"https:\/\/matka.ai\/es\/","name":"matka.ai","description":"Your plans, effortless","publisher":{"@id":"https:\/\/matka.ai\/es\/#organization"},"alternateName":"Experiences","potentialAction":[{"@type":"SearchAction","target":{"@type":"EntryPoint","urlTemplate":"https:\/\/matka.ai\/es\/?s={search_term_string}"},"query-input":{"@type":"PropertyValueSpecification","valueRequired":true,"valueName":"search_term_string"}}],"inLanguage":"es"},{"@type":"Organization","@id":"https:\/\/matka.ai\/es\/#organization","name":"Matka","alternateName":"matka.experiences","url":"https:\/\/matka.ai\/es\/","logo":{"@type":"ImageObject","inLanguage":"es","@id":"https:\/\/matka.ai\/es\/#\/schema\/logo\/image\/","url":"https:\/\/matka.ai\/wp-content\/uploads\/2025\/03\/matka_logo-1.svg","contentUrl":"https:\/\/matka.ai\/wp-content\/uploads\/2025\/03\/matka_logo-1.svg","width":1,"height":1,"caption":"Matka"},"image":{"@id":"https:\/\/matka.ai\/es\/#\/schema\/logo\/image\/"},"sameAs":["https:\/\/www.instagram.com\/matka.experiences\/"]}]}},"uagb_featured_image_src":{"full":false,"thumbnail":false,"medium":false,"medium_large":false,"large":false,"1536x1536":false,"2048x2048":false},"uagb_author_info":{"display_name":"Jeronimo Gabande","author_link":"https:\/\/matka.ai\/es\/author\/jeronimo\/"},"uagb_comment_info":0,"uagb_excerpt":"Pol\u00edtica de privacidad Fecha de entrada en vigor: 13.09.2024 En Matka, nos comprometemos a proteger y respetar tu privacidad. Esta Pol\u00edtica de Privacidad describe c\u00f3mo recopilamos, utilizamos, revelamos y salvaguardamos tu informaci\u00f3n cuando utilizas nuestro sitio web, aplicaciones m\u00f3viles y otros servicios (colectivamente, los \u00abServicios\u00bb). Lee atentamente esta pol\u00edtica. Al acceder o utilizar nuestros Servicios,&hellip;","_links":{"self":[{"href":"https:\/\/matka.ai\/es\/wp-json\/wp\/v2\/pages\/3426","targetHints":{"allow":["GET"]}}],"collection":[{"href":"https:\/\/matka.ai\/es\/wp-json\/wp\/v2\/pages"}],"about":[{"href":"https:\/\/matka.ai\/es\/wp-json\/wp\/v2\/types\/page"}],"author":[{"embeddable":true,"href":"https:\/\/matka.ai\/es\/wp-json\/wp\/v2\/users\/3"}],"replies":[{"embeddable":true,"href":"https:\/\/matka.ai\/es\/wp-json\/wp\/v2\/comments?post=3426"}],"version-history":[{"count":1,"href":"https:\/\/matka.ai\/es\/wp-json\/wp\/v2\/pages\/3426\/revisions"}],"predecessor-version":[{"id":3431,"href":"https:\/\/matka.ai\/es\/wp-json\/wp\/v2\/pages\/3426\/revisions\/3431"}],"wp:attachment":[{"href":"https:\/\/matka.ai\/es\/wp-json\/wp\/v2\/media?parent=3426"}],"curies":[{"name":"wp","href":"https:\/\/api.w.org\/{rel}","templated":true}]}}