{"id":3447,"date":"2024-09-14T23:08:08","date_gmt":"2024-09-14T21:08:08","guid":{"rendered":"https:\/\/matka.ai\/equip\/"},"modified":"2025-03-25T15:29:32","modified_gmt":"2025-03-25T14:29:32","slug":"equip","status":"publish","type":"page","link":"https:\/\/matka.ai\/ca\/equip\/","title":{"rendered":"Equip"},"content":{"rendered":"\n<div style=\"height:25px\" aria-hidden=\"true\" class=\"wp-block-spacer\"><\/div>\n\n<div class=\"wp-block-uagb-container uagb-block-9495bb42 alignfull uagb-is-root-container\"><div class=\"uagb-container-inner-blocks-wrap\">\n<h1 class=\"wp-block-heading\">Equip<\/h1>\n\n\n\n<p class=\"has-large-font-size\">Matka va n\u00e9ixer quan Jer\u00f3nimo i Miguel, dos enginyers d&#8217;IA amants <strong>de les aventures<\/strong> , es van cansar del despla\u00e7ament sense fi per trobar plans fant\u00e0stics. Van imaginar una aplicaci\u00f3 que <strong>nom\u00e9s et <em>fa servir<\/em><\/strong> : ofereix suggeriments peculiars, oportuns i personalitzats que tamb\u00e9 t&#8217;inspiren a explorar <strong>nous horitzons<\/strong> , tot sense cap mol\u00e8stia. <\/p>\n\n\n\n<p class=\"has-large-font-size\">La Tamara, amb la seva habilitat per al disseny <strong>intu\u00eftiu<\/strong> , s&#8217;assegura que l&#8217;aplicaci\u00f3 se senti com una brisa d&#8217;utilitzar. I en Llu\u00eds? \u00c9s l&#8217; <strong>assistent de dades<\/strong> que assegura que Matka sempre s\u00e0piga qu\u00e8 passa al teu voltant.  <\/p>\n\n\n\n<p class=\"has-large-font-size\">Junts, t&#8217;ajuden a convertir el temps lliure en plans inoblidables.<\/p>\n<\/div><\/div>\n\n<div style=\"height:25px\" aria-hidden=\"true\" class=\"wp-block-spacer\"><\/div>\n\n<div class=\"wp-block-uagb-container uagb-layout-grid uagb-block-ad547dd1 alignfull uagb-is-root-container\"><div class=\"uagb-container-inner-blocks-wrap\">\n<figure class=\"wp-block-image aligncenter size-full has-custom-border is-style-rounded\" style=\"margin-top:0;margin-right:0;margin-bottom:0;margin-left:0\"><img decoding=\"async\" src=\"https:\/\/matka.ai\/wp-content\/uploads\/2025\/03\/jero.webp\" alt=\"\" class=\"wp-image-3252\" style=\"border-radius:30px;aspect-ratio:1;object-fit:cover\"\/><\/figure>\n\n\n\n<div class=\"wp-block-uagb-container uagb-block-8ad9bc01\">\n<div class=\"wp-block-uagb-team uagb-team__image-position-above uagb-team__align-left uagb-team__stack-tablet uagb-block-d33d7e2b\"><div class=\"uagb-team__content\"><h2 class=\"uagb-team__title\">Jer\u00f3nimo Gaband\u00e9<\/h2><span class=\"uagb-team__prefix\">HUSTLER<\/span><p class=\"uagb-team__desc\">Com a l\u00edder de producte de Matka, Jeronimo impulsa la innovaci\u00f3 centrant-se en la creaci\u00f3 dels productes adequats i la cura de les millors activitats. Aprofitant la seva experi\u00e8ncia en el raspat de dades i l&#8217;aprenentatge autom\u00e0tic, garanteix una experi\u00e8ncia d&#8217;usuari personalitzada. La seva passi\u00f3 per la col\u00b7laboraci\u00f3 i la creativitat t\u00e9 un paper clau en convertir Matka en una plataforma l\u00edder per a la planificaci\u00f3 de l&#8217;oci.  <\/p><ul class=\"uagb-team__social-list\"><li class=\"uagb-team__social-icon\"><a href=\"https:\/\/www.linkedin.com\/in\/jgabande\/\" aria-label=\"linkedin-in\" target=\"_self\" title=\"\" rel=\"noopener noreferrer\"><svg xmlns=\"https:\/\/www.w3.org\/2000\/svg\" viewbox=\"0 0 448 512\"><path d=\"M100.3 448H7.4V148.9h92.88zM53.79 108.1C24.09 108.1 0 83.5 0 53.8a53.79 53.79 0 0 1 107.6 0c0 29.7-24.1 54.3-53.79 54.3zM447.9 448h-92.68V302.4c0-34.7-.7-79.2-48.29-79.2-48.29 0-55.69 37.7-55.69 76.7V448h-92.78V148.9h89.08v40.8h1.3c12.4-23.5 42.69-48.3 87.88-48.3 94 0 111.3 61.9 111.3 142.3V448z\"><\/path><\/svg><\/a><\/li><li class=\"uagb-team__social-icon\"><a href=\"https:\/\/www.instagram.com\/go.fly.now\/\" aria-label=\"instagram\" target=\"_self\" title=\"\" rel=\"noopener noreferrer\"><svg xmlns=\"https:\/\/www.w3.org\/2000\/svg\" viewbox=\"0 0 448 512\"><path d=\"M224.1 141c-63.6 0-114.9 51.3-114.9 114.9s51.3 114.9 114.9 114.9S339 319.5 339 255.9 287.7 141 224.1 141zm0 189.6c-41.1 0-74.7-33.5-74.7-74.7s33.5-74.7 74.7-74.7 74.7 33.5 74.7 74.7-33.6 74.7-74.7 74.7zm146.4-194.3c0 14.9-12 26.8-26.8 26.8-14.9 0-26.8-12-26.8-26.8s12-26.8 26.8-26.8 26.8 12 26.8 26.8zm76.1 27.2c-1.7-35.9-9.9-67.7-36.2-93.9-26.2-26.2-58-34.4-93.9-36.2-37-2.1-147.9-2.1-184.9 0-35.8 1.7-67.6 9.9-93.9 36.1s-34.4 58-36.2 93.9c-2.1 37-2.1 147.9 0 184.9 1.7 35.9 9.9 67.7 36.2 93.9s58 34.4 93.9 36.2c37 2.1 147.9 2.1 184.9 0 35.9-1.7 67.7-9.9 93.9-36.2 26.2-26.2 34.4-58 36.2-93.9 2.1-37 2.1-147.8 0-184.8zM398.8 388c-7.8 19.6-22.9 34.7-42.6 42.6-29.5 11.7-99.5 9-132.1 9s-102.7 2.6-132.1-9c-19.6-7.8-34.7-22.9-42.6-42.6-11.7-29.5-9-99.5-9-132.1s-2.6-102.7 9-132.1c7.8-19.6 22.9-34.7 42.6-42.6 29.5-11.7 99.5-9 132.1-9s102.7-2.6 132.1 9c19.6 7.8 34.7 22.9 42.6 42.6 11.7 29.5 9 99.5 9 132.1s2.7 102.7-9 132.1z\"><\/path><\/svg><\/a><\/li><\/ul><\/div><\/div>\n<\/div>\n<\/div><\/div>\n\n<div class=\"wp-block-uagb-container uagb-layout-grid uagb-block-ebf44cad alignfull uagb-is-root-container\"><div class=\"uagb-container-inner-blocks-wrap\"><figure class=\"wp-block-image aligncenter size-full has-custom-border is-style-rounded swt-hide-desktop\"><img decoding=\"async\" src=\"https:\/\/matka.ai\/wp-content\/uploads\/2025\/03\/miguel.webp\" alt=\"\" class=\"wp-image-3258\" style=\"border-radius:30px;aspect-ratio:1;object-fit:cover\"><\/figure>\n\n\n\n<div class=\"wp-block-uagb-container uagb-block-89e00917\">\n<div class=\"wp-block-uagb-team uagb-team__image-position-above uagb-team__align-left uagb-team__stack-tablet uagb-block-65e2f477\"><div class=\"uagb-team__content\"><h3 class=\"uagb-team__title\">Miguel Reyes<\/h3><span class=\"uagb-team__prefix\">HACKER<\/span><p class=\"uagb-team__desc\">Com a expert en aprenentatge autom\u00e0tic de Matka, Miguel s&#8217;especialitza en utilitzar IA per recomanar les millors activitats als usuaris. Amb un doctorat. en Matem\u00e0tiques Aplicades i una \u00e0mplia experi\u00e8ncia en aprenentatge autom\u00e0tic, tradueix dades complexes en suggeriments d&#8217;oci personalitzats. El seu lideratge en solucions basades en IA garanteix que Matka ofereixi recomanacions de primer nivell, millorant les experi\u00e8ncies d&#8217;oci dels usuaris.  <\/p><ul class=\"uagb-team__social-list\"><li class=\"uagb-team__social-icon\"><a href=\"https:\/\/www.linkedin.com\/in\/miguel-reyes-estany-a731b8a6\/\" aria-label=\"linkedin-in\" target=\"_self\" title=\"\" rel=\"noopener noreferrer\"><svg xmlns=\"https:\/\/www.w3.org\/2000\/svg\" viewbox=\"0 0 448 512\"><path d=\"M100.3 448H7.4V148.9h92.88zM53.79 108.1C24.09 108.1 0 83.5 0 53.8a53.79 53.79 0 0 1 107.6 0c0 29.7-24.1 54.3-53.79 54.3zM447.9 448h-92.68V302.4c0-34.7-.7-79.2-48.29-79.2-48.29 0-55.69 37.7-55.69 76.7V448h-92.78V148.9h89.08v40.8h1.3c12.4-23.5 42.69-48.3 87.88-48.3 94 0 111.3 61.9 111.3 142.3V448z\"><\/path><\/svg><\/a><\/li><li class=\"uagb-team__social-icon\"><a href=\"https:\/\/scholar.google.es\/citations?user=2u6zAdgAAAAJ&amp;hl=en\" aria-label=\"google\" target=\"_self\" title=\"\" rel=\"noopener noreferrer\"><svg xmlns=\"https:\/\/www.w3.org\/2000\/svg\" viewbox=\"0 0 488 512\"><path d=\"M488 261.8C488 403.3 391.1 504 248 504 110.8 504 0 393.2 0 256S110.8 8 248 8c66.8 0 123 24.5 166.3 64.9l-67.5 64.9C258.5 52.6 94.3 116.6 94.3 256c0 86.5 69.1 156.6 153.7 156.6 98.2 0 135-70.4 140.8-106.9H248v-85.3h236.1c2.3 12.7 3.9 24.9 3.9 41.4z\"><\/path><\/svg><\/a><\/li><li class=\"uagb-team__social-icon\"><a href=\"https:\/\/www.crunchbase.com\/person\/miguel-reyes-estany\" aria-label=\"money-bill-trend-up\" target=\"_self\" title=\"\" rel=\"noopener noreferrer\"><svg xmlns=\"https:\/\/www.w3.org\/2000\/svg\" viewbox=\"0 0 512 512\"><path d=\"M470.7 9.441C473.7 12.49 476 16 477.6 19.75C479.1 23.5 479.1 27.6 480 31.9V32V128C480 145.7 465.7 160 448 160C430.3 160 416 145.7 416 128V109.3L310.6 214.6C298.8 226.5 279.9 227.2 267.2 216.3L175.1 138.1L84.82 216.3C71.41 227.8 51.2 226.2 39.7 212.8C28.2 199.4 29.76 179.2 43.17 167.7L155.2 71.7C167.2 61.43 184.8 61.43 196.8 71.7L286.3 148.4L370.7 64H352C334.3 64 320 49.67 320 32C320 14.33 334.3 0 352 0H447.1C456.8 0 464.8 3.554 470.6 9.305L470.7 9.441zM0 304C0 277.5 21.49 256 48 256H464C490.5 256 512 277.5 512 304V464C512 490.5 490.5 512 464 512H48C21.49 512 0 490.5 0 464V304zM48 464H96C96 437.5 74.51 416 48 416V464zM48 304V352C74.51 352 96 330.5 96 304H48zM464 416C437.5 416 416 437.5 416 464H464V416zM416 304C416 330.5 437.5 352 464 352V304H416zM256 320C220.7 320 192 348.7 192 384C192 419.3 220.7 448 256 448C291.3 448 320 419.3 320 384C320 348.7 291.3 320 256 320z\"><\/path><\/svg><\/a><\/li><\/ul><\/div><\/div>\n<\/div>\n\n\n<figure class=\"wp-block-image aligncenter size-full has-custom-border is-style-rounded swt-hide-tablet swt-hide-mobile\"><img decoding=\"async\" src=\"https:\/\/matka.ai\/wp-content\/uploads\/2025\/03\/miguel.webp\" alt=\"\" class=\"wp-image-3258\" style=\"border-radius:30px;aspect-ratio:1;object-fit:cover\"><\/figure>\n<\/div><\/div>\n\n<div class=\"wp-block-uagb-container uagb-layout-grid uagb-block-60601f21 alignfull uagb-is-root-container\"><div class=\"uagb-container-inner-blocks-wrap\">\n<figure class=\"wp-block-image aligncenter size-full has-custom-border is-style-rounded\"><img decoding=\"async\" src=\"https:\/\/matka.ai\/wp-content\/uploads\/2025\/03\/luis.webp\" alt=\"\" class=\"wp-image-3255\" style=\"border-radius:30px;aspect-ratio:1;object-fit:cover\"\/><\/figure>\n\n\n\n<div class=\"wp-block-uagb-container uagb-block-f52a91a6\">\n<div class=\"wp-block-uagb-team uagb-team__image-position-above uagb-team__align-left uagb-team__stack-tablet uagb-block-9040f567\"><div class=\"uagb-team__content\"><h3 class=\"uagb-team__title\">Luis Sieira<\/h3><span class=\"uagb-team__prefix\">M\u00c0STER DE DADES<\/span><p class=\"uagb-team__desc\">Com a director de dades de Matka, Luis crea els s\u00f2lids canals de dades que alimenten les nostres recomanacions personalitzades. Amb gaireb\u00e9 una d\u00e8cada d&#8217;experi\u00e8ncia a SAP SuccessFactors i una gran experi\u00e8ncia en ciberseguretat, assegura que la nostra infraestructura de dades \u00e9s segura, escalable i preparada per oferir informaci\u00f3 en temps real. La seva passi\u00f3 per la integritat de les dades i les solucions innovadores ajuden a Matka a mantenir-se al capdavant, mentre es mant\u00e9 segur.  <\/p><ul class=\"uagb-team__social-list\"><li class=\"uagb-team__social-icon\"><a href=\"https:\/\/www.linkedin.com\/in\/luis-sieira-572a0a102\/\" aria-label=\"linkedin-in\" target=\"_self\" title=\"\" rel=\"noopener noreferrer\"><svg xmlns=\"https:\/\/www.w3.org\/2000\/svg\" viewbox=\"0 0 448 512\"><path d=\"M100.3 448H7.4V148.9h92.88zM53.79 108.1C24.09 108.1 0 83.5 0 53.8a53.79 53.79 0 0 1 107.6 0c0 29.7-24.1 54.3-53.79 54.3zM447.9 448h-92.68V302.4c0-34.7-.7-79.2-48.29-79.2-48.29 0-55.69 37.7-55.69 76.7V448h-92.78V148.9h89.08v40.8h1.3c12.4-23.5 42.69-48.3 87.88-48.3 94 0 111.3 61.9 111.3 142.3V448z\"><\/path><\/svg><\/a><\/li><li class=\"uagb-team__social-icon\"><a href=\"https:\/\/github.com\/sieira\" aria-label=\"github-alt\" target=\"_self\" title=\"\" rel=\"noopener noreferrer\"><svg xmlns=\"https:\/\/www.w3.org\/2000\/svg\" viewbox=\"0 0 480 512\"><path d=\"M186.1 328.7c0 20.9-10.9 55.1-36.7 55.1s-36.7-34.2-36.7-55.1 10.9-55.1 36.7-55.1 36.7 34.2 36.7 55.1zM480 278.2c0 31.9-3.2 65.7-17.5 95-37.9 76.6-142.1 74.8-216.7 74.8-75.8 0-186.2 2.7-225.6-74.8-14.6-29-20.2-63.1-20.2-95 0-41.9 13.9-81.5 41.5-113.6-5.2-15.8-7.7-32.4-7.7-48.8 0-21.5 4.9-32.3 14.6-51.8 45.3 0 74.3 9 108.8 36 29-6.9 58.8-10 88.7-10 27 0 54.2 2.9 80.4 9.2 34-26.7 63-35.2 107.8-35.2 9.8 19.5 14.6 30.3 14.6 51.8 0 16.4-2.6 32.7-7.7 48.2 27.5 32.4 39 72.3 39 114.2zm-64.3 50.5c0-43.9-26.7-82.6-73.5-82.6-18.9 0-37 3.4-56 6-14.9 2.3-29.8 3.2-45.1 3.2-15.2 0-30.1-.9-45.1-3.2-18.7-2.6-37-6-56-6-46.8 0-73.5 38.7-73.5 82.6 0 87.8 80.4 101.3 150.4 101.3h48.2c70.3 0 150.6-13.4 150.6-101.3zm-82.6-55.1c-25.8 0-36.7 34.2-36.7 55.1s10.9 55.1 36.7 55.1 36.7-34.2 36.7-55.1-10.9-55.1-36.7-55.1z\"><\/path><\/svg><\/a><\/li><\/ul><\/div><\/div>\n<\/div>\n<\/div><\/div>\n\n<div class=\"wp-block-uagb-container uagb-layout-grid uagb-block-541856ed alignfull uagb-is-root-container\"><div class=\"uagb-container-inner-blocks-wrap\"><figure class=\"wp-block-image aligncenter size-full has-custom-border is-style-rounded swt-hide-desktop swt-hide-tablet\"><img decoding=\"async\" src=\"https:\/\/matka.ai\/wp-content\/uploads\/2025\/03\/tamara.webp\" alt=\"\" class=\"wp-image-3261\" style=\"border-radius:30px;aspect-ratio:1;object-fit:cover\"><\/figure>\n\n\n\n<div class=\"wp-block-uagb-container uagb-block-ccbfac86\">\n<div class=\"wp-block-uagb-team uagb-team__image-position-above uagb-team__align-left uagb-team__stack-tablet uagb-block-4082decf\"><div class=\"uagb-team__content\"><h3 class=\"uagb-team__title\">Tamara Romero<\/h3><span class=\"uagb-team__prefix\">HIPSTER<\/span><p class=\"uagb-team__desc\">Com a dissenyador d&#8217;UX\/UI de Matka, Tam crea experi\u00e8ncies intu\u00eftives i atractives que fan que fins i tot els plans m\u00e9s complexos siguin f\u00e0cils de navegar. Amb una d\u00e8cada d&#8217;experi\u00e8ncia combinant disseny gr\u00e0fic, realitzaci\u00f3 de pel\u00b7l\u00edcules i disseny de producte, aporta una perspectiva \u00fanica i centrada en l&#8217;usuari a cada interacci\u00f3. La seva passi\u00f3 per la comunicaci\u00f3 clara i els fluxos fluids garanteixen que Matka se senti sense esfor\u00e7, tant si els usuaris simplement busquen un lloc per menjar com si planifiquen un dia complet d&#8217;aventura.  <\/p><ul class=\"uagb-team__social-list\"><li class=\"uagb-team__social-icon\"><a href=\"https:\/\/www.linkedin.com\/in\/tamararomero\/\" aria-label=\"linkedin-in\" target=\"_self\" title=\"\" rel=\"noopener noreferrer\"><svg xmlns=\"https:\/\/www.w3.org\/2000\/svg\" viewbox=\"0 0 448 512\"><path d=\"M100.3 448H7.4V148.9h92.88zM53.79 108.1C24.09 108.1 0 83.5 0 53.8a53.79 53.79 0 0 1 107.6 0c0 29.7-24.1 54.3-53.79 54.3zM447.9 448h-92.68V302.4c0-34.7-.7-79.2-48.29-79.2-48.29 0-55.69 37.7-55.69 76.7V448h-92.78V148.9h89.08v40.8h1.3c12.4-23.5 42.69-48.3 87.88-48.3 94 0 111.3 61.9 111.3 142.3V448z\"><\/path><\/svg><\/a><\/li><li class=\"uagb-team__social-icon\"><a href=\"https:\/\/www.instagram.com\/sipi_nopi\/\" aria-label=\"instagram\" target=\"_self\" title=\"\" rel=\"noopener noreferrer\"><svg xmlns=\"https:\/\/www.w3.org\/2000\/svg\" viewbox=\"0 0 448 512\"><path d=\"M224.1 141c-63.6 0-114.9 51.3-114.9 114.9s51.3 114.9 114.9 114.9S339 319.5 339 255.9 287.7 141 224.1 141zm0 189.6c-41.1 0-74.7-33.5-74.7-74.7s33.5-74.7 74.7-74.7 74.7 33.5 74.7 74.7-33.6 74.7-74.7 74.7zm146.4-194.3c0 14.9-12 26.8-26.8 26.8-14.9 0-26.8-12-26.8-26.8s12-26.8 26.8-26.8 26.8 12 26.8 26.8zm76.1 27.2c-1.7-35.9-9.9-67.7-36.2-93.9-26.2-26.2-58-34.4-93.9-36.2-37-2.1-147.9-2.1-184.9 0-35.8 1.7-67.6 9.9-93.9 36.1s-34.4 58-36.2 93.9c-2.1 37-2.1 147.9 0 184.9 1.7 35.9 9.9 67.7 36.2 93.9s58 34.4 93.9 36.2c37 2.1 147.9 2.1 184.9 0 35.9-1.7 67.7-9.9 93.9-36.2 26.2-26.2 34.4-58 36.2-93.9 2.1-37 2.1-147.8 0-184.8zM398.8 388c-7.8 19.6-22.9 34.7-42.6 42.6-29.5 11.7-99.5 9-132.1 9s-102.7 2.6-132.1-9c-19.6-7.8-34.7-22.9-42.6-42.6-11.7-29.5-9-99.5-9-132.1s-2.6-102.7 9-132.1c7.8-19.6 22.9-34.7 42.6-42.6 29.5-11.7 99.5-9 132.1-9s102.7-2.6 132.1 9c19.6 7.8 34.7 22.9 42.6 42.6 11.7 29.5 9 99.5 9 132.1s2.7 102.7-9 132.1z\"><\/path><\/svg><\/a><\/li><\/ul><\/div><\/div>\n<\/div>\n\n\n<figure class=\"wp-block-image aligncenter size-full has-custom-border is-style-rounded swt-hide-mobile\"><img decoding=\"async\" src=\"https:\/\/matka.ai\/wp-content\/uploads\/2025\/03\/tamara.webp\" alt=\"\" class=\"wp-image-3261\" style=\"border-radius:30px;aspect-ratio:1;object-fit:cover\"><\/figure>\n<\/div><\/div>\n\n<div style=\"height:25px\" aria-hidden=\"true\" class=\"wp-block-spacer\"><\/div>\n","protected":false},"excerpt":{"rendered":"<p>Equip Matka va n\u00e9ixer quan Jer\u00f3nimo i Miguel, dos enginyers d&#8217;IA amants de les aventures , es van cansar del despla\u00e7ament sense fi per trobar plans fant\u00e0stics. Van imaginar una aplicaci\u00f3 que nom\u00e9s et fa servir : ofereix suggeriments peculiars, oportuns i personalitzats que tamb\u00e9 t&#8217;inspiren a explorar nous horitzons , tot sense cap mol\u00e8stia. [&hellip;]<\/p>\n","protected":false},"author":3,"featured_media":0,"parent":0,"menu_order":0,"comment_status":"closed","ping_status":"closed","template":"","meta":{"_uag_custom_page_level_css":"","_swt_meta_header_display":false,"_swt_meta_footer_display":false,"_swt_meta_site_title_display":false,"_swt_meta_sticky_header":false,"_swt_meta_transparent_header":false,"footnotes":""},"class_list":["post-3447","page","type-page","status-publish","hentry"],"yoast_head":"<!-- This site is optimized with the Yoast SEO plugin v27.5 - https:\/\/yoast.com\/product\/yoast-seo-wordpress\/ -->\n<title>Equip - matka<\/title>\n<meta name=\"robots\" content=\"index, follow, max-snippet:-1, max-image-preview:large, max-video-preview:-1\" \/>\n<link rel=\"canonical\" href=\"https:\/\/matka.ai\/ca\/equip\/\" \/>\n<meta property=\"og:locale\" content=\"ca_ES\" \/>\n<meta property=\"og:type\" content=\"article\" \/>\n<meta property=\"og:title\" content=\"Equip - matka\" \/>\n<meta property=\"og:description\" content=\"Equip Matka va n\u00e9ixer quan Jer\u00f3nimo i Miguel, dos enginyers d&#8217;IA amants de les aventures , es van cansar del despla\u00e7ament sense fi per trobar plans fant\u00e0stics. Van imaginar una aplicaci\u00f3 que nom\u00e9s et fa servir : ofereix suggeriments peculiars, oportuns i personalitzats que tamb\u00e9 t&#8217;inspiren a explorar nous horitzons , tot sense cap mol\u00e8stia. [&hellip;]\" \/>\n<meta property=\"og:url\" content=\"https:\/\/matka.ai\/ca\/equip\/\" \/>\n<meta property=\"og:site_name\" content=\"matka\" \/>\n<meta property=\"article:publisher\" content=\"https:\/\/www.instagram.com\/matka.experiences\/\" \/>\n<meta property=\"article:modified_time\" content=\"2025-03-25T14:29:32+00:00\" \/>\n<meta name=\"twitter:card\" content=\"summary_large_image\" \/>\n<meta name=\"twitter:label1\" content=\"Temps estimat de lectura\" \/>\n\t<meta name=\"twitter:data1\" content=\"2 minuts\" \/>\n<script type=\"application\/ld+json\" class=\"yoast-schema-graph\">{\"@context\":\"https:\\\/\\\/schema.org\",\"@graph\":[{\"@type\":\"WebPage\",\"@id\":\"https:\\\/\\\/matka.ai\\\/ca\\\/equip\\\/\",\"url\":\"https:\\\/\\\/matka.ai\\\/ca\\\/equip\\\/\",\"name\":\"Equip - matka\",\"isPartOf\":{\"@id\":\"https:\\\/\\\/matka.ai\\\/ca\\\/#website\"},\"primaryImageOfPage\":{\"@id\":\"https:\\\/\\\/matka.ai\\\/ca\\\/equip\\\/#primaryimage\"},\"image\":{\"@id\":\"https:\\\/\\\/matka.ai\\\/ca\\\/equip\\\/#primaryimage\"},\"thumbnailUrl\":\"https:\\\/\\\/matka.ai\\\/wp-content\\\/uploads\\\/2025\\\/03\\\/jero.webp\",\"datePublished\":\"2024-09-14T21:08:08+00:00\",\"dateModified\":\"2025-03-25T14:29:32+00:00\",\"breadcrumb\":{\"@id\":\"https:\\\/\\\/matka.ai\\\/ca\\\/equip\\\/#breadcrumb\"},\"inLanguage\":\"ca\",\"potentialAction\":[{\"@type\":\"ReadAction\",\"target\":[\"https:\\\/\\\/matka.ai\\\/ca\\\/equip\\\/\"]}]},{\"@type\":\"ImageObject\",\"inLanguage\":\"ca\",\"@id\":\"https:\\\/\\\/matka.ai\\\/ca\\\/equip\\\/#primaryimage\",\"url\":\"https:\\\/\\\/matka.ai\\\/wp-content\\\/uploads\\\/2025\\\/03\\\/jero.webp\",\"contentUrl\":\"https:\\\/\\\/matka.ai\\\/wp-content\\\/uploads\\\/2025\\\/03\\\/jero.webp\"},{\"@type\":\"BreadcrumbList\",\"@id\":\"https:\\\/\\\/matka.ai\\\/ca\\\/equip\\\/#breadcrumb\",\"itemListElement\":[{\"@type\":\"ListItem\",\"position\":1,\"name\":\"Home\",\"item\":\"https:\\\/\\\/matka.ai\\\/ca\\\/\"},{\"@type\":\"ListItem\",\"position\":2,\"name\":\"Equip\"}]},{\"@type\":\"WebSite\",\"@id\":\"https:\\\/\\\/matka.ai\\\/ca\\\/#website\",\"url\":\"https:\\\/\\\/matka.ai\\\/ca\\\/\",\"name\":\"matka.ai\",\"description\":\"Your plans, effortless\",\"publisher\":{\"@id\":\"https:\\\/\\\/matka.ai\\\/ca\\\/#organization\"},\"alternateName\":\"Experiences\",\"potentialAction\":[{\"@type\":\"SearchAction\",\"target\":{\"@type\":\"EntryPoint\",\"urlTemplate\":\"https:\\\/\\\/matka.ai\\\/ca\\\/?s={search_term_string}\"},\"query-input\":{\"@type\":\"PropertyValueSpecification\",\"valueRequired\":true,\"valueName\":\"search_term_string\"}}],\"inLanguage\":\"ca\"},{\"@type\":\"Organization\",\"@id\":\"https:\\\/\\\/matka.ai\\\/ca\\\/#organization\",\"name\":\"Matka\",\"alternateName\":\"matka.experiences\",\"url\":\"https:\\\/\\\/matka.ai\\\/ca\\\/\",\"logo\":{\"@type\":\"ImageObject\",\"inLanguage\":\"ca\",\"@id\":\"https:\\\/\\\/matka.ai\\\/ca\\\/#\\\/schema\\\/logo\\\/image\\\/\",\"url\":\"https:\\\/\\\/matka.ai\\\/wp-content\\\/uploads\\\/2025\\\/03\\\/matka_logo-1.svg\",\"contentUrl\":\"https:\\\/\\\/matka.ai\\\/wp-content\\\/uploads\\\/2025\\\/03\\\/matka_logo-1.svg\",\"width\":1,\"height\":1,\"caption\":\"Matka\"},\"image\":{\"@id\":\"https:\\\/\\\/matka.ai\\\/ca\\\/#\\\/schema\\\/logo\\\/image\\\/\"},\"sameAs\":[\"https:\\\/\\\/www.instagram.com\\\/matka.experiences\\\/\"]}]}<\/script>\n<!-- \/ Yoast SEO plugin. -->","yoast_head_json":{"title":"Equip - matka","robots":{"index":"index","follow":"follow","max-snippet":"max-snippet:-1","max-image-preview":"max-image-preview:large","max-video-preview":"max-video-preview:-1"},"canonical":"https:\/\/matka.ai\/ca\/equip\/","og_locale":"ca_ES","og_type":"article","og_title":"Equip - matka","og_description":"Equip Matka va n\u00e9ixer quan Jer\u00f3nimo i Miguel, dos enginyers d&#8217;IA amants de les aventures , es van cansar del despla\u00e7ament sense fi per trobar plans fant\u00e0stics. Van imaginar una aplicaci\u00f3 que nom\u00e9s et fa servir : ofereix suggeriments peculiars, oportuns i personalitzats que tamb\u00e9 t&#8217;inspiren a explorar nous horitzons , tot sense cap mol\u00e8stia. [&hellip;]","og_url":"https:\/\/matka.ai\/ca\/equip\/","og_site_name":"matka","article_publisher":"https:\/\/www.instagram.com\/matka.experiences\/","article_modified_time":"2025-03-25T14:29:32+00:00","twitter_card":"summary_large_image","twitter_misc":{"Temps estimat de lectura":"2 minuts"},"schema":{"@context":"https:\/\/schema.org","@graph":[{"@type":"WebPage","@id":"https:\/\/matka.ai\/ca\/equip\/","url":"https:\/\/matka.ai\/ca\/equip\/","name":"Equip - matka","isPartOf":{"@id":"https:\/\/matka.ai\/ca\/#website"},"primaryImageOfPage":{"@id":"https:\/\/matka.ai\/ca\/equip\/#primaryimage"},"image":{"@id":"https:\/\/matka.ai\/ca\/equip\/#primaryimage"},"thumbnailUrl":"https:\/\/matka.ai\/wp-content\/uploads\/2025\/03\/jero.webp","datePublished":"2024-09-14T21:08:08+00:00","dateModified":"2025-03-25T14:29:32+00:00","breadcrumb":{"@id":"https:\/\/matka.ai\/ca\/equip\/#breadcrumb"},"inLanguage":"ca","potentialAction":[{"@type":"ReadAction","target":["https:\/\/matka.ai\/ca\/equip\/"]}]},{"@type":"ImageObject","inLanguage":"ca","@id":"https:\/\/matka.ai\/ca\/equip\/#primaryimage","url":"https:\/\/matka.ai\/wp-content\/uploads\/2025\/03\/jero.webp","contentUrl":"https:\/\/matka.ai\/wp-content\/uploads\/2025\/03\/jero.webp"},{"@type":"BreadcrumbList","@id":"https:\/\/matka.ai\/ca\/equip\/#breadcrumb","itemListElement":[{"@type":"ListItem","position":1,"name":"Home","item":"https:\/\/matka.ai\/ca\/"},{"@type":"ListItem","position":2,"name":"Equip"}]},{"@type":"WebSite","@id":"https:\/\/matka.ai\/ca\/#website","url":"https:\/\/matka.ai\/ca\/","name":"matka.ai","description":"Your plans, effortless","publisher":{"@id":"https:\/\/matka.ai\/ca\/#organization"},"alternateName":"Experiences","potentialAction":[{"@type":"SearchAction","target":{"@type":"EntryPoint","urlTemplate":"https:\/\/matka.ai\/ca\/?s={search_term_string}"},"query-input":{"@type":"PropertyValueSpecification","valueRequired":true,"valueName":"search_term_string"}}],"inLanguage":"ca"},{"@type":"Organization","@id":"https:\/\/matka.ai\/ca\/#organization","name":"Matka","alternateName":"matka.experiences","url":"https:\/\/matka.ai\/ca\/","logo":{"@type":"ImageObject","inLanguage":"ca","@id":"https:\/\/matka.ai\/ca\/#\/schema\/logo\/image\/","url":"https:\/\/matka.ai\/wp-content\/uploads\/2025\/03\/matka_logo-1.svg","contentUrl":"https:\/\/matka.ai\/wp-content\/uploads\/2025\/03\/matka_logo-1.svg","width":1,"height":1,"caption":"Matka"},"image":{"@id":"https:\/\/matka.ai\/ca\/#\/schema\/logo\/image\/"},"sameAs":["https:\/\/www.instagram.com\/matka.experiences\/"]}]}},"uagb_featured_image_src":{"full":false,"thumbnail":false,"medium":false,"medium_large":false,"large":false,"1536x1536":false,"2048x2048":false},"uagb_author_info":{"display_name":"Jeronimo Gabande","author_link":"https:\/\/matka.ai\/ca\/author\/jeronimo\/"},"uagb_comment_info":0,"uagb_excerpt":"Equip Matka va n\u00e9ixer quan Jer\u00f3nimo i Miguel, dos enginyers d&#8217;IA amants de les aventures , es van cansar del despla\u00e7ament sense fi per trobar plans fant\u00e0stics. Van imaginar una aplicaci\u00f3 que nom\u00e9s et fa servir : ofereix suggeriments peculiars, oportuns i personalitzats que tamb\u00e9 t&#8217;inspiren a explorar nous horitzons , tot sense cap mol\u00e8stia.&hellip;","_links":{"self":[{"href":"https:\/\/matka.ai\/ca\/wp-json\/wp\/v2\/pages\/3447","targetHints":{"allow":["GET"]}}],"collection":[{"href":"https:\/\/matka.ai\/ca\/wp-json\/wp\/v2\/pages"}],"about":[{"href":"https:\/\/matka.ai\/ca\/wp-json\/wp\/v2\/types\/page"}],"author":[{"embeddable":true,"href":"https:\/\/matka.ai\/ca\/wp-json\/wp\/v2\/users\/3"}],"replies":[{"embeddable":true,"href":"https:\/\/matka.ai\/ca\/wp-json\/wp\/v2\/comments?post=3447"}],"version-history":[{"count":5,"href":"https:\/\/matka.ai\/ca\/wp-json\/wp\/v2\/pages\/3447\/revisions"}],"predecessor-version":[{"id":3766,"href":"https:\/\/matka.ai\/ca\/wp-json\/wp\/v2\/pages\/3447\/revisions\/3766"}],"wp:attachment":[{"href":"https:\/\/matka.ai\/ca\/wp-json\/wp\/v2\/media?parent=3447"}],"curies":[{"name":"wp","href":"https:\/\/api.w.org\/{rel}","templated":true}]}}