{"id":3445,"date":"2024-09-11T17:07:00","date_gmt":"2024-09-11T15:07:00","guid":{"rendered":"https:\/\/matka.ai\/bloc\/"},"modified":"2025-03-18T21:21:39","modified_gmt":"2025-03-18T20:21:39","slug":"bloc","status":"publish","type":"page","link":"https:\/\/matka.ai\/ca\/bloc\/","title":{"rendered":"Bloc"},"content":{"rendered":"\n<div class=\"wp-block-group has-global-padding is-layout-constrained wp-container-core-group-is-layout-86fefda5 wp-block-group-is-layout-constrained\" style=\"padding-top:var(--wp--preset--spacing--x-large);padding-bottom:var(--wp--preset--spacing--x-large)\">\n<div class=\"wp-block-query has-global-padding is-layout-constrained wp-block-query-is-layout-constrained\"><ul class=\"has-link-color wp-elements-2361c7d6452f21be91be80c0ce00a67e wp-block-post-template has-text-color has-primary-color is-layout-flow wp-block-post-template-is-layout-flow\"><li class=\"wp-block-post post-3476 post type-post status-publish format-standard has-post-thumbnail hentry category-activitats category-benestar category-oci category-recerca tag-activitats-de-cerca tag-descobrir tag-organitzacio tag-planificacio-de-loci tag-recomanacions-personalitzades\">\n<figure style=\"height:400px;\" class=\"wp-block-post-featured-image wp-elements-2361c7d6452f21be91be80c0ce00a67e\"><a href=\"https:\/\/matka.ai\/ca\/2025\/02\/17\/planificacio-del-temps-lliure-sense-esforc-amb-recomanacions-personalitzades\/\" target=\"_self\"  style=\"height:400px\"><img decoding=\"async\" width=\"1000\" height=\"561\" src=\"https:\/\/matka.ai\/wp-content\/uploads\/2025\/02\/discover_activities.jpg\" class=\"attachment-post-thumbnail size-post-thumbnail wp-post-image\" alt=\"Planificaci\u00f3 del temps lliure sense esfor\u00e7 amb recomanacions personalitzades\" style=\"border-radius:8px;height:400px;object-fit:cover;\" srcset=\"https:\/\/matka.ai\/wp-content\/uploads\/2025\/02\/discover_activities.jpg 1000w, https:\/\/matka.ai\/wp-content\/uploads\/2025\/02\/discover_activities-300x168.jpg 300w, https:\/\/matka.ai\/wp-content\/uploads\/2025\/02\/discover_activities-768x431.jpg 768w\" sizes=\"(max-width: 1000px) 100vw, 1000px\" \/><\/a><\/figure>\n\n\n<div class=\"wp-block-group has-global-padding is-layout-constrained wp-container-core-group-is-layout-f9af38f5 wp-block-group-is-layout-constrained\" style=\"padding-top:var(--wp--preset--spacing--xx-small);padding-bottom:var(--wp--preset--spacing--large)\"><div style=\"font-style:normal;font-weight:500\" class=\"taxonomy-category is-style-swt-post-terms-pill wp-block-post-terms\"><a href=\"https:\/\/matka.ai\/ca\/category\/oci\/activitats\/\" rel=\"tag\">Activitats<\/a><span class=\"wp-block-post-terms__separator\">, <\/span><a href=\"https:\/\/matka.ai\/ca\/category\/benestar\/\" rel=\"tag\">Benestar<\/a><span class=\"wp-block-post-terms__separator\">, <\/span><a href=\"https:\/\/matka.ai\/ca\/category\/oci\/\" rel=\"tag\">Oci<\/a><span class=\"wp-block-post-terms__separator\">, <\/span><a href=\"https:\/\/matka.ai\/ca\/category\/recerca\/\" rel=\"tag\">Recerca<\/a><\/div>\n\n<h3 style=\"margin-top:var(--wp--preset--spacing--x-small);\" class=\"wp-block-post-title\"><a href=\"https:\/\/matka.ai\/ca\/2025\/02\/17\/planificacio-del-temps-lliure-sense-esforc-amb-recomanacions-personalitzades\/\" target=\"_self\" >Planificaci\u00f3 del temps lliure sense esfor\u00e7 amb recomanacions personalitzades<\/a><\/h3>\n\n\n<div class=\"wp-block-group has-neutral-color has-text-color is-nowrap is-layout-flex wp-container-core-group-is-layout-9dcc9912 wp-block-group-is-layout-flex\"><div class=\"wp-block-post-author\"><div class=\"wp-block-post-author__content\"><p class=\"wp-block-post-author__name\">Jeronimo Gabande<\/p><\/div><\/div>\n\n\n<p class=\"has-x-small-font-size\">\u00b7<\/p>\n\n\n<div class=\"wp-block-post-date\"><time datetime=\"2025-02-17T19:49:28+01:00\">febr. 17, 2025<\/time><\/div><\/div>\n\n\n<div class=\"wp-block-post-excerpt\"><p class=\"wp-block-post-excerpt__excerpt\">Trobar activitats divertides pot ser aclaparador amb infinites opcions en l\u00ednia. Descobriu com les recomanacions personalitzades simplifiquen la planificaci\u00f3 de l&#8217;oci, ajudant-vos a dedicar menys temps a buscar ia gaudir m\u00e9s del que us agrada.<\/p><p class=\"wp-block-post-excerpt__more-text\"><a class=\"wp-block-post-excerpt__more-link\" href=\"https:\/\/matka.ai\/ca\/2025\/02\/17\/planificacio-del-temps-lliure-sense-esforc-amb-recomanacions-personalitzades\/\">Llegeix m\u00e9s<\/a><\/p><\/div>\n\n\n<hr class=\"wp-block-separator has-text-color has-outline-color has-alpha-channel-opacity has-outline-background-color has-background is-style-wide\" style=\"margin-top:var(--wp--preset--spacing--large)\"\/>\n<\/div>\n\n<\/li><li class=\"wp-block-post post-3467 post type-post status-publish format-standard has-post-thumbnail hentry category-benestar category-oci category-recerca category-salut tag-estres-ca tag-fer-front tag-oci tag-resiliencia-ca tag-tecniques-de-supervivencia\">\n<figure style=\"height:400px;\" class=\"wp-block-post-featured-image wp-elements-2361c7d6452f21be91be80c0ce00a67e\"><a href=\"https:\/\/matka.ai\/ca\/2024\/09\/15\/oci-i-alleujament-de-lestres-trobar-lequilibri-a-la-vida\/\" target=\"_self\"  style=\"height:400px\"><img decoding=\"async\" width=\"1456\" height=\"816\" src=\"https:\/\/matka.ai\/wp-content\/uploads\/2024\/09\/StockCake-Astronaut-Home-Leisure_1726358295.jpg\" class=\"attachment-post-thumbnail size-post-thumbnail wp-post-image\" alt=\"Oci i alleujament de l&#8217;estr\u00e8s: trobar l&#8217;equilibri a la vida\" style=\"border-radius:8px;height:400px;object-fit:cover;\" srcset=\"https:\/\/matka.ai\/wp-content\/uploads\/2024\/09\/StockCake-Astronaut-Home-Leisure_1726358295.jpg 1456w, https:\/\/matka.ai\/wp-content\/uploads\/2024\/09\/StockCake-Astronaut-Home-Leisure_1726358295-300x168.jpg 300w, https:\/\/matka.ai\/wp-content\/uploads\/2024\/09\/StockCake-Astronaut-Home-Leisure_1726358295-1024x574.jpg 1024w, https:\/\/matka.ai\/wp-content\/uploads\/2024\/09\/StockCake-Astronaut-Home-Leisure_1726358295-768x430.jpg 768w\" sizes=\"(max-width: 1456px) 100vw, 1456px\" \/><\/a><\/figure>\n\n\n<div class=\"wp-block-group has-global-padding is-layout-constrained wp-container-core-group-is-layout-f9af38f5 wp-block-group-is-layout-constrained\" style=\"padding-top:var(--wp--preset--spacing--xx-small);padding-bottom:var(--wp--preset--spacing--large)\"><div style=\"font-style:normal;font-weight:500\" class=\"taxonomy-category is-style-swt-post-terms-pill wp-block-post-terms\"><a href=\"https:\/\/matka.ai\/ca\/category\/benestar\/\" rel=\"tag\">Benestar<\/a><span class=\"wp-block-post-terms__separator\">, <\/span><a href=\"https:\/\/matka.ai\/ca\/category\/oci\/\" rel=\"tag\">Oci<\/a><span class=\"wp-block-post-terms__separator\">, <\/span><a href=\"https:\/\/matka.ai\/ca\/category\/recerca\/\" rel=\"tag\">Recerca<\/a><span class=\"wp-block-post-terms__separator\">, <\/span><a href=\"https:\/\/matka.ai\/ca\/category\/salut\/\" rel=\"tag\">Salut<\/a><\/div>\n\n<h3 style=\"margin-top:var(--wp--preset--spacing--x-small);\" class=\"wp-block-post-title\"><a href=\"https:\/\/matka.ai\/ca\/2024\/09\/15\/oci-i-alleujament-de-lestres-trobar-lequilibri-a-la-vida\/\" target=\"_self\" >Oci i alleujament de l&#8217;estr\u00e8s: trobar l&#8217;equilibri a la vida<\/a><\/h3>\n\n\n<div class=\"wp-block-group has-neutral-color has-text-color is-nowrap is-layout-flex wp-container-core-group-is-layout-9dcc9912 wp-block-group-is-layout-flex\"><div class=\"wp-block-post-author\"><div class=\"wp-block-post-author__content\"><p class=\"wp-block-post-author__name\">Jeronimo Gabande<\/p><\/div><\/div>\n\n\n<p class=\"has-x-small-font-size\">\u00b7<\/p>\n\n\n<div class=\"wp-block-post-date\"><time datetime=\"2024-09-15T02:13:01+02:00\">set. 15, 2024<\/time><\/div><\/div>\n\n\n<div class=\"wp-block-post-excerpt\"><p class=\"wp-block-post-excerpt__excerpt\">Les activitats de lleure ofereixen un descans crucial de l&#8217;estr\u00e8s, afavorint l&#8217;equilibri i la renovaci\u00f3. Descobriu com l&#8217;oci pot ser una eina poderosa per gestionar i alleujar l&#8217;estr\u00e8s.<\/p><p class=\"wp-block-post-excerpt__more-text\"><a class=\"wp-block-post-excerpt__more-link\" href=\"https:\/\/matka.ai\/ca\/2024\/09\/15\/oci-i-alleujament-de-lestres-trobar-lequilibri-a-la-vida\/\">Llegeix m\u00e9s<\/a><\/p><\/div>\n\n\n<hr class=\"wp-block-separator has-text-color has-outline-color has-alpha-channel-opacity has-outline-background-color has-background is-style-wide\" style=\"margin-top:var(--wp--preset--spacing--large)\"\/>\n<\/div>\n\n<\/li><li class=\"wp-block-post post-3458 post type-post status-publish format-standard has-post-thumbnail hentry category-benestar category-oci category-recerca category-salut\">\n<figure style=\"height:400px;\" class=\"wp-block-post-featured-image wp-elements-2361c7d6452f21be91be80c0ce00a67e\"><a href=\"https:\/\/matka.ai\/ca\/2024\/09\/11\/el-paper-de-les-activitats-doci-en-lenvelliment-saludable\/\" target=\"_self\"  style=\"height:400px\"><img decoding=\"async\" width=\"1000\" height=\"561\" src=\"https:\/\/matka.ai\/wp-content\/uploads\/2024\/09\/aging_theater.png\" class=\"attachment-post-thumbnail size-post-thumbnail wp-post-image\" alt=\"El paper de les activitats d&#8217;oci en l&#8217;envelliment saludable\" style=\"border-radius:8px;height:400px;object-fit:cover;\" srcset=\"https:\/\/matka.ai\/wp-content\/uploads\/2024\/09\/aging_theater.png 1000w, https:\/\/matka.ai\/wp-content\/uploads\/2024\/09\/aging_theater-300x168.png 300w, https:\/\/matka.ai\/wp-content\/uploads\/2024\/09\/aging_theater-768x431.png 768w\" sizes=\"(max-width: 1000px) 100vw, 1000px\" \/><\/a><\/figure>\n\n\n<div class=\"wp-block-group has-global-padding is-layout-constrained wp-container-core-group-is-layout-f9af38f5 wp-block-group-is-layout-constrained\" style=\"padding-top:var(--wp--preset--spacing--xx-small);padding-bottom:var(--wp--preset--spacing--large)\"><div style=\"font-style:normal;font-weight:500\" class=\"taxonomy-category is-style-swt-post-terms-pill wp-block-post-terms\"><a href=\"https:\/\/matka.ai\/ca\/category\/benestar\/\" rel=\"tag\">Benestar<\/a><span class=\"wp-block-post-terms__separator\">, <\/span><a href=\"https:\/\/matka.ai\/ca\/category\/oci\/\" rel=\"tag\">Oci<\/a><span class=\"wp-block-post-terms__separator\">, <\/span><a href=\"https:\/\/matka.ai\/ca\/category\/recerca\/\" rel=\"tag\">Recerca<\/a><span class=\"wp-block-post-terms__separator\">, <\/span><a href=\"https:\/\/matka.ai\/ca\/category\/salut\/\" rel=\"tag\">Salut<\/a><\/div>\n\n<h3 style=\"margin-top:var(--wp--preset--spacing--x-small);\" class=\"wp-block-post-title\"><a href=\"https:\/\/matka.ai\/ca\/2024\/09\/11\/el-paper-de-les-activitats-doci-en-lenvelliment-saludable\/\" target=\"_self\" >El paper de les activitats d&#8217;oci en l&#8217;envelliment saludable<\/a><\/h3>\n\n\n<div class=\"wp-block-group has-neutral-color has-text-color is-nowrap is-layout-flex wp-container-core-group-is-layout-9dcc9912 wp-block-group-is-layout-flex\"><div class=\"wp-block-post-author\"><div class=\"wp-block-post-author__content\"><p class=\"wp-block-post-author__name\">Jeronimo Gabande<\/p><\/div><\/div>\n\n\n<p class=\"has-x-small-font-size\">\u00b7<\/p>\n\n\n<div class=\"wp-block-post-date\"><time datetime=\"2024-09-11T06:02:36+02:00\">set. 11, 2024<\/time><\/div><\/div>\n\n\n<div class=\"wp-block-post-excerpt\"><p class=\"wp-block-post-excerpt__excerpt\">El paper de les activitats d&#8217;oci en l&#8217;envelliment saludable L&#8217;oci promou un envelliment saludable mantenint el benestar f\u00edsic i mental de la gent gran. Les investigacions mostren, de nou , que participar en una s\u00e8rie d&#8217;activitats ajuda a millorar la funci\u00f3 cognitiva, la resili\u00e8ncia emocional i la salut f\u00edsica. Tant si es tracta de fer<\/p><p class=\"wp-block-post-excerpt__more-text\"><a class=\"wp-block-post-excerpt__more-link\" href=\"https:\/\/matka.ai\/ca\/2024\/09\/11\/el-paper-de-les-activitats-doci-en-lenvelliment-saludable\/\">Llegeix m\u00e9s<\/a><\/p><\/div>\n\n\n<hr class=\"wp-block-separator has-text-color has-outline-color has-alpha-channel-opacity has-outline-background-color has-background is-style-wide\" style=\"margin-top:var(--wp--preset--spacing--large)\"\/>\n<\/div>\n\n<\/li><li class=\"wp-block-post post-3469 post type-post status-publish format-standard has-post-thumbnail hentry category-activitats category-carrera category-oci category-recerca\">\n<figure style=\"height:400px;\" class=\"wp-block-post-featured-image wp-elements-2361c7d6452f21be91be80c0ce00a67e\"><a href=\"https:\/\/matka.ai\/ca\/2024\/09\/09\/la-investigacio-demostra-les-activitats-divertides-poden-augmentar-lexit-professional\/\" target=\"_self\"  style=\"height:400px\"><img decoding=\"async\" width=\"1456\" height=\"816\" src=\"https:\/\/matka.ai\/wp-content\/uploads\/2024\/09\/office_fun.jpg\" class=\"attachment-post-thumbnail size-post-thumbnail wp-post-image\" alt=\"La investigaci\u00f3 demostra: les activitats divertides poden augmentar l&#8217;\u00e8xit professional\" style=\"border-radius:8px;height:400px;object-fit:cover;\" srcset=\"https:\/\/matka.ai\/wp-content\/uploads\/2024\/09\/office_fun.jpg 1456w, https:\/\/matka.ai\/wp-content\/uploads\/2024\/09\/office_fun-300x168.jpg 300w, https:\/\/matka.ai\/wp-content\/uploads\/2024\/09\/office_fun-1024x574.jpg 1024w, https:\/\/matka.ai\/wp-content\/uploads\/2024\/09\/office_fun-768x430.jpg 768w\" sizes=\"(max-width: 1456px) 100vw, 1456px\" \/><\/a><\/figure>\n\n\n<div class=\"wp-block-group has-global-padding is-layout-constrained wp-container-core-group-is-layout-f9af38f5 wp-block-group-is-layout-constrained\" style=\"padding-top:var(--wp--preset--spacing--xx-small);padding-bottom:var(--wp--preset--spacing--large)\"><div style=\"font-style:normal;font-weight:500\" class=\"taxonomy-category is-style-swt-post-terms-pill wp-block-post-terms\"><a href=\"https:\/\/matka.ai\/ca\/category\/oci\/activitats\/\" rel=\"tag\">Activitats<\/a><span class=\"wp-block-post-terms__separator\">, <\/span><a href=\"https:\/\/matka.ai\/ca\/category\/carrera\/\" rel=\"tag\">Carrera<\/a><span class=\"wp-block-post-terms__separator\">, <\/span><a href=\"https:\/\/matka.ai\/ca\/category\/oci\/\" rel=\"tag\">Oci<\/a><span class=\"wp-block-post-terms__separator\">, <\/span><a href=\"https:\/\/matka.ai\/ca\/category\/recerca\/\" rel=\"tag\">Recerca<\/a><\/div>\n\n<h3 style=\"margin-top:var(--wp--preset--spacing--x-small);\" class=\"wp-block-post-title\"><a href=\"https:\/\/matka.ai\/ca\/2024\/09\/09\/la-investigacio-demostra-les-activitats-divertides-poden-augmentar-lexit-professional\/\" target=\"_self\" >La investigaci\u00f3 demostra: les activitats divertides poden augmentar l&#8217;\u00e8xit professional<\/a><\/h3>\n\n\n<div class=\"wp-block-group has-neutral-color has-text-color is-nowrap is-layout-flex wp-container-core-group-is-layout-9dcc9912 wp-block-group-is-layout-flex\"><div class=\"wp-block-post-author\"><div class=\"wp-block-post-author__content\"><p class=\"wp-block-post-author__name\">Jeronimo Gabande<\/p><\/div><\/div>\n\n\n<p class=\"has-x-small-font-size\">\u00b7<\/p>\n\n\n<div class=\"wp-block-post-date\"><time datetime=\"2024-09-09T23:00:22+02:00\">set. 9, 2024<\/time><\/div><\/div>\n\n\n<div class=\"wp-block-post-excerpt\"><p class=\"wp-block-post-excerpt__excerpt\">Les investigacions mostren que les activitats divertides poden augmentar l&#8217;\u00e8xit professional millorant els recursos psicol\u00f2gics clau com la resili\u00e8ncia i l&#8217;autoefic\u00e0cia. Tant si es tracta d&#8217;aficions serioses com de diversi\u00f3 casual, dedicar temps a activitats agradables promou el benestar mental i la gesti\u00f3 proactiva de la carrera. Equilibrar el treball amb la diversi\u00f3 no \u00e9s&hellip;<\/p><p class=\"wp-block-post-excerpt__more-text\"><a class=\"wp-block-post-excerpt__more-link\" href=\"https:\/\/matka.ai\/ca\/2024\/09\/09\/la-investigacio-demostra-les-activitats-divertides-poden-augmentar-lexit-professional\/\">Llegeix m\u00e9s<\/a><\/p><\/div>\n\n\n<hr class=\"wp-block-separator has-text-color has-outline-color has-alpha-channel-opacity has-outline-background-color has-background is-style-wide\" style=\"margin-top:var(--wp--preset--spacing--large)\"\/>\n<\/div>\n\n<\/li><\/ul>\n\n<\/div>\n<\/div>\n","protected":false},"excerpt":{"rendered":"","protected":false},"author":3,"featured_media":0,"parent":0,"menu_order":0,"comment_status":"closed","ping_status":"closed","template":"","meta":{"_uag_custom_page_level_css":"","_swt_meta_header_display":false,"_swt_meta_footer_display":false,"_swt_meta_site_title_display":false,"_swt_meta_sticky_header":false,"_swt_meta_transparent_header":false,"footnotes":""},"class_list":["post-3445","page","type-page","status-publish","hentry"],"yoast_head":"<!-- This site is optimized with the Yoast SEO plugin v27.5 - https:\/\/yoast.com\/product\/yoast-seo-wordpress\/ -->\n<title>Bloc - matka<\/title>\n<meta name=\"robots\" content=\"index, follow, max-snippet:-1, max-image-preview:large, max-video-preview:-1\" \/>\n<link rel=\"canonical\" href=\"https:\/\/matka.ai\/ca\/bloc\/\" \/>\n<meta property=\"og:locale\" content=\"ca_ES\" \/>\n<meta property=\"og:type\" content=\"article\" \/>\n<meta property=\"og:title\" content=\"Bloc - matka\" \/>\n<meta property=\"og:url\" content=\"https:\/\/matka.ai\/ca\/bloc\/\" \/>\n<meta property=\"og:site_name\" content=\"matka\" \/>\n<meta property=\"article:publisher\" content=\"https:\/\/www.instagram.com\/matka.experiences\/\" \/>\n<meta property=\"article:modified_time\" content=\"2025-03-18T20:21:39+00:00\" \/>\n<meta name=\"twitter:card\" content=\"summary_large_image\" \/>\n<script type=\"application\/ld+json\" class=\"yoast-schema-graph\">{\"@context\":\"https:\\\/\\\/schema.org\",\"@graph\":[{\"@type\":\"WebPage\",\"@id\":\"https:\\\/\\\/matka.ai\\\/ca\\\/bloc\\\/\",\"url\":\"https:\\\/\\\/matka.ai\\\/ca\\\/bloc\\\/\",\"name\":\"Bloc - matka\",\"isPartOf\":{\"@id\":\"https:\\\/\\\/matka.ai\\\/ca\\\/#website\"},\"datePublished\":\"2024-09-11T15:07:00+00:00\",\"dateModified\":\"2025-03-18T20:21:39+00:00\",\"breadcrumb\":{\"@id\":\"https:\\\/\\\/matka.ai\\\/ca\\\/bloc\\\/#breadcrumb\"},\"inLanguage\":\"ca\",\"potentialAction\":[{\"@type\":\"ReadAction\",\"target\":[\"https:\\\/\\\/matka.ai\\\/ca\\\/bloc\\\/\"]}]},{\"@type\":\"BreadcrumbList\",\"@id\":\"https:\\\/\\\/matka.ai\\\/ca\\\/bloc\\\/#breadcrumb\",\"itemListElement\":[{\"@type\":\"ListItem\",\"position\":1,\"name\":\"Home\",\"item\":\"https:\\\/\\\/matka.ai\\\/ca\\\/\"},{\"@type\":\"ListItem\",\"position\":2,\"name\":\"Bloc\"}]},{\"@type\":\"WebSite\",\"@id\":\"https:\\\/\\\/matka.ai\\\/ca\\\/#website\",\"url\":\"https:\\\/\\\/matka.ai\\\/ca\\\/\",\"name\":\"matka.ai\",\"description\":\"Your plans, effortless\",\"publisher\":{\"@id\":\"https:\\\/\\\/matka.ai\\\/ca\\\/#organization\"},\"alternateName\":\"Experiences\",\"potentialAction\":[{\"@type\":\"SearchAction\",\"target\":{\"@type\":\"EntryPoint\",\"urlTemplate\":\"https:\\\/\\\/matka.ai\\\/ca\\\/?s={search_term_string}\"},\"query-input\":{\"@type\":\"PropertyValueSpecification\",\"valueRequired\":true,\"valueName\":\"search_term_string\"}}],\"inLanguage\":\"ca\"},{\"@type\":\"Organization\",\"@id\":\"https:\\\/\\\/matka.ai\\\/ca\\\/#organization\",\"name\":\"Matka\",\"alternateName\":\"matka.experiences\",\"url\":\"https:\\\/\\\/matka.ai\\\/ca\\\/\",\"logo\":{\"@type\":\"ImageObject\",\"inLanguage\":\"ca\",\"@id\":\"https:\\\/\\\/matka.ai\\\/ca\\\/#\\\/schema\\\/logo\\\/image\\\/\",\"url\":\"https:\\\/\\\/matka.ai\\\/wp-content\\\/uploads\\\/2025\\\/03\\\/matka_logo-1.svg\",\"contentUrl\":\"https:\\\/\\\/matka.ai\\\/wp-content\\\/uploads\\\/2025\\\/03\\\/matka_logo-1.svg\",\"width\":1,\"height\":1,\"caption\":\"Matka\"},\"image\":{\"@id\":\"https:\\\/\\\/matka.ai\\\/ca\\\/#\\\/schema\\\/logo\\\/image\\\/\"},\"sameAs\":[\"https:\\\/\\\/www.instagram.com\\\/matka.experiences\\\/\"]}]}<\/script>\n<!-- \/ Yoast SEO plugin. -->","yoast_head_json":{"title":"Bloc - matka","robots":{"index":"index","follow":"follow","max-snippet":"max-snippet:-1","max-image-preview":"max-image-preview:large","max-video-preview":"max-video-preview:-1"},"canonical":"https:\/\/matka.ai\/ca\/bloc\/","og_locale":"ca_ES","og_type":"article","og_title":"Bloc - matka","og_url":"https:\/\/matka.ai\/ca\/bloc\/","og_site_name":"matka","article_publisher":"https:\/\/www.instagram.com\/matka.experiences\/","article_modified_time":"2025-03-18T20:21:39+00:00","twitter_card":"summary_large_image","schema":{"@context":"https:\/\/schema.org","@graph":[{"@type":"WebPage","@id":"https:\/\/matka.ai\/ca\/bloc\/","url":"https:\/\/matka.ai\/ca\/bloc\/","name":"Bloc - matka","isPartOf":{"@id":"https:\/\/matka.ai\/ca\/#website"},"datePublished":"2024-09-11T15:07:00+00:00","dateModified":"2025-03-18T20:21:39+00:00","breadcrumb":{"@id":"https:\/\/matka.ai\/ca\/bloc\/#breadcrumb"},"inLanguage":"ca","potentialAction":[{"@type":"ReadAction","target":["https:\/\/matka.ai\/ca\/bloc\/"]}]},{"@type":"BreadcrumbList","@id":"https:\/\/matka.ai\/ca\/bloc\/#breadcrumb","itemListElement":[{"@type":"ListItem","position":1,"name":"Home","item":"https:\/\/matka.ai\/ca\/"},{"@type":"ListItem","position":2,"name":"Bloc"}]},{"@type":"WebSite","@id":"https:\/\/matka.ai\/ca\/#website","url":"https:\/\/matka.ai\/ca\/","name":"matka.ai","description":"Your plans, effortless","publisher":{"@id":"https:\/\/matka.ai\/ca\/#organization"},"alternateName":"Experiences","potentialAction":[{"@type":"SearchAction","target":{"@type":"EntryPoint","urlTemplate":"https:\/\/matka.ai\/ca\/?s={search_term_string}"},"query-input":{"@type":"PropertyValueSpecification","valueRequired":true,"valueName":"search_term_string"}}],"inLanguage":"ca"},{"@type":"Organization","@id":"https:\/\/matka.ai\/ca\/#organization","name":"Matka","alternateName":"matka.experiences","url":"https:\/\/matka.ai\/ca\/","logo":{"@type":"ImageObject","inLanguage":"ca","@id":"https:\/\/matka.ai\/ca\/#\/schema\/logo\/image\/","url":"https:\/\/matka.ai\/wp-content\/uploads\/2025\/03\/matka_logo-1.svg","contentUrl":"https:\/\/matka.ai\/wp-content\/uploads\/2025\/03\/matka_logo-1.svg","width":1,"height":1,"caption":"Matka"},"image":{"@id":"https:\/\/matka.ai\/ca\/#\/schema\/logo\/image\/"},"sameAs":["https:\/\/www.instagram.com\/matka.experiences\/"]}]}},"uagb_featured_image_src":{"full":false,"thumbnail":false,"medium":false,"medium_large":false,"large":false,"1536x1536":false,"2048x2048":false},"uagb_author_info":{"display_name":"Jeronimo Gabande","author_link":"https:\/\/matka.ai\/ca\/author\/jeronimo\/"},"uagb_comment_info":0,"uagb_excerpt":null,"_links":{"self":[{"href":"https:\/\/matka.ai\/ca\/wp-json\/wp\/v2\/pages\/3445","targetHints":{"allow":["GET"]}}],"collection":[{"href":"https:\/\/matka.ai\/ca\/wp-json\/wp\/v2\/pages"}],"about":[{"href":"https:\/\/matka.ai\/ca\/wp-json\/wp\/v2\/types\/page"}],"author":[{"embeddable":true,"href":"https:\/\/matka.ai\/ca\/wp-json\/wp\/v2\/users\/3"}],"replies":[{"embeddable":true,"href":"https:\/\/matka.ai\/ca\/wp-json\/wp\/v2\/comments?post=3445"}],"version-history":[{"count":1,"href":"https:\/\/matka.ai\/ca\/wp-json\/wp\/v2\/pages\/3445\/revisions"}],"predecessor-version":[{"id":3449,"href":"https:\/\/matka.ai\/ca\/wp-json\/wp\/v2\/pages\/3445\/revisions\/3449"}],"wp:attachment":[{"href":"https:\/\/matka.ai\/ca\/wp-json\/wp\/v2\/media?parent=3445"}],"curies":[{"name":"wp","href":"https:\/\/api.w.org\/{rel}","templated":true}]}}