{"id":3435,"date":"2024-09-13T17:09:47","date_gmt":"2024-09-13T15:09:47","guid":{"rendered":"https:\/\/matka.ai\/termes-i-condicions\/"},"modified":"2025-03-18T21:21:39","modified_gmt":"2025-03-18T20:21:39","slug":"termes-i-condicions","status":"publish","type":"page","link":"https:\/\/matka.ai\/ca\/termes-i-condicions\/","title":{"rendered":"Termes i condicions"},"content":{"rendered":"\n<div style=\"height:25px\" aria-hidden=\"true\" class=\"wp-block-spacer\"><\/div>\n\n<div class=\"wp-block-uagb-container uagb-block-9f6b06c5 alignfull uagb-is-root-container\"><div class=\"uagb-container-inner-blocks-wrap\">\n<h1 class=\"wp-block-heading\">Termes i condicions<\/h1>\n\n\n\n<p><strong>Data d&#8217;entrada en vigor:<\/strong> 13.09.2024<\/p>\n\n\n\n<p>Benvingut a <strong>Matka<\/strong> . Aquests Termes i Condicions regeixen el vostre acc\u00e9s i \u00fas del nostre lloc web, aplicacions m\u00f2bils i serveis (col\u00b7lectivament, els &#8220;Serveis&#8221;). En accedir o utilitzar els nostres Serveis, accepteu estar subjecte a aquests Termes i Condicions.  <\/p>\n\n\n\n<p>Si us plau, llegiu atentament aquestes Condicions. Si no hi est\u00e0s d&#8217;acord, no podr\u00e0s utilitzar els nostres Serveis. <\/p>\n\n\n\n<hr class=\"wp-block-separator has-alpha-channel-opacity\"\/>\n\n\n\n<h2 class=\"wp-block-heading\"><strong>1. Definicions<\/strong><\/h2>\n\n\n\n<ul class=\"wp-block-list\">\n<li><strong>&#8220;Matka&#8221;, &#8220;nosaltres&#8221;, &#8220;el nostre&#8221; o &#8220;nosaltres&#8221;<\/strong> es refereixen a Matka, incl\u00f2s el seu lloc web i tots els Serveis relacionats.<\/li>\n\n\n\n<li><strong>&#8220;Usuari&#8221;, &#8220;tu&#8221; o &#8220;el teu&#8221;<\/strong> es refereix a la persona o entitat que utilitza els Serveis de Matka.<\/li>\n<\/ul>\n\n\n\n<hr class=\"wp-block-separator has-alpha-channel-opacity\"\/>\n\n\n\n<h2 class=\"wp-block-heading\"><strong>2. Acceptaci\u00f3 de les Condicions<\/strong><\/h2>\n\n\n\n<p>En crear un compte o accedir als nostres Serveis, accepteu complir aquestes Condicions. Aquest acord \u00e9s legalment vinculant i plenament exigible. <\/p>\n\n\n\n<hr class=\"wp-block-separator has-alpha-channel-opacity\"\/>\n\n\n\n<h2 class=\"wp-block-heading\"><strong>3. Elegibilitat<\/strong><\/h2>\n\n\n\n<p>Heu de tenir com a m\u00ednim 18 anys per utilitzar els nostres Serveis. En accedir als nostres Serveis, vost\u00e8 declara i garanteix que t\u00e9 la capacitat legal per acceptar aquestes Condicions. <\/p>\n\n\n\n<hr class=\"wp-block-separator has-alpha-channel-opacity\"\/>\n\n\n\n<h2 class=\"wp-block-heading\"><strong>4. Responsabilitats de l&#8217;usuari<\/strong><\/h2>\n\n\n\n<p>Quan utilitzeu els serveis de Matka, accepteu:<\/p>\n\n\n\n<ul class=\"wp-block-list\">\n<li>Proporcioneu informaci\u00f3 precisa, actualitzada i completa en crear un compte.<\/li>\n\n\n\n<li>Utilitzeu els Serveis per a finalitats personals i no comercials tret que es permeti el contrari.<\/li>\n\n\n\n<li>No participar en cap activitat que infringeixi les lleis locals, nacionals o internacionals aplicables.<\/li>\n\n\n\n<li>No proporcionar informaci\u00f3 falsa o enganyosa.<\/li>\n\n\n\n<li>No reproduir, distribuir ni mostrar p\u00fablicament cap contingut dels nostres Serveis sense el consentiment previ per escrit.<\/li>\n<\/ul>\n\n\n\n<hr class=\"wp-block-separator has-alpha-channel-opacity\"\/>\n\n\n\n<h2 class=\"wp-block-heading\"><strong>5. Seguretat del compte<\/strong><\/h2>\n\n\n\n<p>Sou responsable de protegir la contrasenya que utilitzeu per accedir als nostres Serveis i de qualsevol activitat amb el vostre compte. Matka no es fa responsable de cap p\u00e8rdua o dany derivat de la manca de manteniment de la seguretat del vostre compte. <\/p>\n\n\n\n<hr class=\"wp-block-separator has-alpha-channel-opacity\"\/>\n\n\n\n<h2 class=\"wp-block-heading\"><strong>6. Propietat intel\u00b7lectual<\/strong><\/h2>\n\n\n\n<p>Tot el contingut, les caracter\u00edstiques i la funcionalitat, inclosos, entre d&#8217;altres, els logotips, el disseny, els gr\u00e0fics i el codi dels Serveis de Matka, s\u00f3n propietat exclusiva de Matka o dels seus llicenciants. No podeu reproduir, distribuir ni utilitzar cap contingut amb finalitats comercials sense el nostre perm\u00eds previ per escrit. <\/p>\n\n\n\n<hr class=\"wp-block-separator has-alpha-channel-opacity\"\/>\n\n\n\n<h2 class=\"wp-block-heading\"><strong>7. Pol\u00edtica de privadesa<\/strong><\/h2>\n\n\n\n<p>Matka respecta la teva privadesa. El nostre[Privacy Policy] (enlla\u00e7 a la pol\u00edtica de privadesa) detalla com recopilem, utilitzem i protegim la vostra informaci\u00f3 personal. En utilitzar els nostres Serveis, accepteu la recollida i l&#8217;\u00fas de la vostra informaci\u00f3 tal com es descriu a la nostra Pol\u00edtica de privadesa.  <\/p>\n\n\n\n<hr class=\"wp-block-separator has-alpha-channel-opacity\"\/>\n\n\n\n<h2 class=\"wp-block-heading\"><strong>8. Finalitzaci\u00f3 del servei<\/strong><\/h2>\n\n\n\n<p>Ens reservem el dret de suspendre o cancel\u00b7lar el vostre acc\u00e9s als Serveis de Matka en qualsevol moment, per qualsevol motiu, incloses les violacions d&#8217;aquestes Condicions. En finalitzar-lo, perdr\u00e0s tots els drets per utilitzar els Serveis immediatament. <\/p>\n\n\n\n<hr class=\"wp-block-separator has-alpha-channel-opacity\"\/>\n\n\n\n<h2 class=\"wp-block-heading\"><strong>9. Exempci\u00f3 de garanties<\/strong><\/h2>\n\n\n\n<p>Matka ofereix els seus Serveis &#8220;tal com estan&#8221; i &#8220;segons estan disponibles&#8221;. No donem cap garantia, expressa o impl\u00edcita, pel que fa al funcionament o disponibilitat dels Serveis o la seva idone\u00eftat, fiabilitat o precisi\u00f3 per a cap prop\u00f2sit particular. <\/p>\n\n\n\n<hr class=\"wp-block-separator has-alpha-channel-opacity\"\/>\n\n\n\n<h2 class=\"wp-block-heading\"><strong>10. Limitaci\u00f3 de responsabilitat<\/strong><\/h2>\n\n\n\n<p>En la mesura m\u00e0xima permesa per la llei, Matka, els seus afiliats, directors, empleats i llicenciants no seran responsables de cap dany indirecte, incidental o conseg\u00fcent derivat de l&#8217;\u00fas que feu dels nostres Serveis.<\/p>\n\n\n\n<hr class=\"wp-block-separator has-alpha-channel-opacity\"\/>\n\n\n\n<h2 class=\"wp-block-heading\"><strong>11. Modificacions a les Condicions<\/strong><\/h2>\n\n\n\n<p>Matka es reserva el dret de modificar aquestes Condicions en qualsevol moment. Quan es facin canvis, actualitzarem la &#8220;Data d&#8217;entrada en vigor&#8221; a la part superior d&#8217;aquest document. Us animem a revisar aquestes Condicions peri\u00f2dicament.  <\/p>\n\n\n\n<hr class=\"wp-block-separator has-alpha-channel-opacity\"\/>\n\n\n\n<h2 class=\"wp-block-heading\"><strong>12. Llei aplicable<\/strong><\/h2>\n\n\n\n<p>Aquestes Condicions i el vostre \u00fas dels nostres Serveis es regiran i interpretaran d&#8217;acord amb les lleis d&#8217;Espanya. Qualsevol controv\u00e8rsia ser\u00e0 sotmesa a la jurisdicci\u00f3 exclusiva dels tribunals de [Ciutat, Espanya]. <\/p>\n\n\n\n<hr class=\"wp-block-separator has-alpha-channel-opacity\"\/>\n\n\n\n<h2 class=\"wp-block-heading\"><strong>13. Resoluci\u00f3 de controv\u00e8rsies<\/strong><\/h2>\n\n\n\n<p>D&#8217;acord amb la Llei 7\/2017, de 2 de novembre, que incorpora la Directiva 2013\/11\/UE, si sorgeix qualsevol controv\u00e8rsia en relaci\u00f3 amb aquestes Condicions, les parts podran sotmetre&#8217;l a la resoluci\u00f3 de controv\u00e8rsies a trav\u00e9s de la plataforma de resoluci\u00f3 de controv\u00e8rsies en l\u00ednia europea (ODR) disponible a: <a href=\"https:\/\/ec.europa.eu\/consumers\/odr\/\">https:\/\/ec.europa.eu\/consumers\/odr\/<\/a> .<\/p>\n\n\n\n<hr class=\"wp-block-separator has-alpha-channel-opacity\"\/>\n\n\n\n<h2 class=\"wp-block-heading\"><strong>14. Informaci\u00f3 de contacte<\/strong><\/h2>\n\n\n\n<p>Si teniu cap pregunta o dubte sobre aquestes Condicions, poseu-vos en contacte amb nosaltres <a href=\"https:\/\/matka.ai\/ca\/contacte\/\" data-type=\"page\" data-id=\"144\">aqu\u00ed<\/a> .<\/p>\n\n\n\n<hr class=\"wp-block-separator has-alpha-channel-opacity\"\/>\n\n\n\n<h2 class=\"wp-block-heading\"><strong>15. Idioma de les Condicions<\/strong><\/h2>\n\n\n\n<p>Aquestes Condicions estan escrites en angl\u00e8s. En cas de conflicte entre les versions tradu\u00efdes i la versi\u00f3 anglesa, prevaldr\u00e0 la versi\u00f3 anglesa. <\/p>\n<\/div><\/div>\n\n<div style=\"height:50px\" aria-hidden=\"true\" class=\"wp-block-spacer\"><\/div>\n","protected":false},"excerpt":{"rendered":"<p>Termes i condicions Data d&#8217;entrada en vigor: 13.09.2024 Benvingut a Matka . Aquests Termes i Condicions regeixen el vostre acc\u00e9s i \u00fas del nostre lloc web, aplicacions m\u00f2bils i serveis (col\u00b7lectivament, els &#8220;Serveis&#8221;). En accedir o utilitzar els nostres Serveis, accepteu estar subjecte a aquests Termes i Condicions. Si us plau, llegiu atentament aquestes Condicions. [&hellip;]<\/p>\n","protected":false},"author":3,"featured_media":0,"parent":0,"menu_order":0,"comment_status":"closed","ping_status":"closed","template":"","meta":{"_uag_custom_page_level_css":"","_swt_meta_header_display":false,"_swt_meta_footer_display":false,"_swt_meta_site_title_display":false,"_swt_meta_sticky_header":false,"_swt_meta_transparent_header":false,"footnotes":""},"class_list":["post-3435","page","type-page","status-publish","hentry"],"yoast_head":"<!-- This site is optimized with the Yoast SEO plugin v27.5 - https:\/\/yoast.com\/product\/yoast-seo-wordpress\/ -->\n<title>Termes i condicions - matka<\/title>\n<meta name=\"robots\" content=\"index, follow, max-snippet:-1, max-image-preview:large, max-video-preview:-1\" \/>\n<link rel=\"canonical\" href=\"https:\/\/matka.ai\/ca\/termes-i-condicions\/\" \/>\n<meta property=\"og:locale\" content=\"ca_ES\" \/>\n<meta property=\"og:type\" content=\"article\" \/>\n<meta property=\"og:title\" content=\"Termes i condicions - matka\" \/>\n<meta property=\"og:description\" content=\"Termes i condicions Data d&#8217;entrada en vigor: 13.09.2024 Benvingut a Matka . Aquests Termes i Condicions regeixen el vostre acc\u00e9s i \u00fas del nostre lloc web, aplicacions m\u00f2bils i serveis (col\u00b7lectivament, els &#8220;Serveis&#8221;). En accedir o utilitzar els nostres Serveis, accepteu estar subjecte a aquests Termes i Condicions. Si us plau, llegiu atentament aquestes Condicions. [&hellip;]\" \/>\n<meta property=\"og:url\" content=\"https:\/\/matka.ai\/ca\/termes-i-condicions\/\" \/>\n<meta property=\"og:site_name\" content=\"matka\" \/>\n<meta property=\"article:publisher\" content=\"https:\/\/www.instagram.com\/matka.experiences\/\" \/>\n<meta property=\"article:modified_time\" content=\"2025-03-18T20:21:39+00:00\" \/>\n<meta name=\"twitter:card\" content=\"summary_large_image\" \/>\n<meta name=\"twitter:label1\" content=\"Temps estimat de lectura\" \/>\n\t<meta name=\"twitter:data1\" content=\"4 minuts\" \/>\n<script type=\"application\/ld+json\" class=\"yoast-schema-graph\">{\"@context\":\"https:\\\/\\\/schema.org\",\"@graph\":[{\"@type\":\"WebPage\",\"@id\":\"https:\\\/\\\/matka.ai\\\/ca\\\/termes-i-condicions\\\/\",\"url\":\"https:\\\/\\\/matka.ai\\\/ca\\\/termes-i-condicions\\\/\",\"name\":\"Termes i condicions - matka\",\"isPartOf\":{\"@id\":\"https:\\\/\\\/matka.ai\\\/ca\\\/#website\"},\"datePublished\":\"2024-09-13T15:09:47+00:00\",\"dateModified\":\"2025-03-18T20:21:39+00:00\",\"breadcrumb\":{\"@id\":\"https:\\\/\\\/matka.ai\\\/ca\\\/termes-i-condicions\\\/#breadcrumb\"},\"inLanguage\":\"ca\",\"potentialAction\":[{\"@type\":\"ReadAction\",\"target\":[\"https:\\\/\\\/matka.ai\\\/ca\\\/termes-i-condicions\\\/\"]}]},{\"@type\":\"BreadcrumbList\",\"@id\":\"https:\\\/\\\/matka.ai\\\/ca\\\/termes-i-condicions\\\/#breadcrumb\",\"itemListElement\":[{\"@type\":\"ListItem\",\"position\":1,\"name\":\"Home\",\"item\":\"https:\\\/\\\/matka.ai\\\/ca\\\/\"},{\"@type\":\"ListItem\",\"position\":2,\"name\":\"Termes i condicions\"}]},{\"@type\":\"WebSite\",\"@id\":\"https:\\\/\\\/matka.ai\\\/ca\\\/#website\",\"url\":\"https:\\\/\\\/matka.ai\\\/ca\\\/\",\"name\":\"matka.ai\",\"description\":\"Your plans, effortless\",\"publisher\":{\"@id\":\"https:\\\/\\\/matka.ai\\\/ca\\\/#organization\"},\"alternateName\":\"Experiences\",\"potentialAction\":[{\"@type\":\"SearchAction\",\"target\":{\"@type\":\"EntryPoint\",\"urlTemplate\":\"https:\\\/\\\/matka.ai\\\/ca\\\/?s={search_term_string}\"},\"query-input\":{\"@type\":\"PropertyValueSpecification\",\"valueRequired\":true,\"valueName\":\"search_term_string\"}}],\"inLanguage\":\"ca\"},{\"@type\":\"Organization\",\"@id\":\"https:\\\/\\\/matka.ai\\\/ca\\\/#organization\",\"name\":\"Matka\",\"alternateName\":\"matka.experiences\",\"url\":\"https:\\\/\\\/matka.ai\\\/ca\\\/\",\"logo\":{\"@type\":\"ImageObject\",\"inLanguage\":\"ca\",\"@id\":\"https:\\\/\\\/matka.ai\\\/ca\\\/#\\\/schema\\\/logo\\\/image\\\/\",\"url\":\"https:\\\/\\\/matka.ai\\\/wp-content\\\/uploads\\\/2025\\\/03\\\/matka_logo-1.svg\",\"contentUrl\":\"https:\\\/\\\/matka.ai\\\/wp-content\\\/uploads\\\/2025\\\/03\\\/matka_logo-1.svg\",\"width\":1,\"height\":1,\"caption\":\"Matka\"},\"image\":{\"@id\":\"https:\\\/\\\/matka.ai\\\/ca\\\/#\\\/schema\\\/logo\\\/image\\\/\"},\"sameAs\":[\"https:\\\/\\\/www.instagram.com\\\/matka.experiences\\\/\"]}]}<\/script>\n<!-- \/ Yoast SEO plugin. -->","yoast_head_json":{"title":"Termes i condicions - matka","robots":{"index":"index","follow":"follow","max-snippet":"max-snippet:-1","max-image-preview":"max-image-preview:large","max-video-preview":"max-video-preview:-1"},"canonical":"https:\/\/matka.ai\/ca\/termes-i-condicions\/","og_locale":"ca_ES","og_type":"article","og_title":"Termes i condicions - matka","og_description":"Termes i condicions Data d&#8217;entrada en vigor: 13.09.2024 Benvingut a Matka . Aquests Termes i Condicions regeixen el vostre acc\u00e9s i \u00fas del nostre lloc web, aplicacions m\u00f2bils i serveis (col\u00b7lectivament, els &#8220;Serveis&#8221;). En accedir o utilitzar els nostres Serveis, accepteu estar subjecte a aquests Termes i Condicions. Si us plau, llegiu atentament aquestes Condicions. [&hellip;]","og_url":"https:\/\/matka.ai\/ca\/termes-i-condicions\/","og_site_name":"matka","article_publisher":"https:\/\/www.instagram.com\/matka.experiences\/","article_modified_time":"2025-03-18T20:21:39+00:00","twitter_card":"summary_large_image","twitter_misc":{"Temps estimat de lectura":"4 minuts"},"schema":{"@context":"https:\/\/schema.org","@graph":[{"@type":"WebPage","@id":"https:\/\/matka.ai\/ca\/termes-i-condicions\/","url":"https:\/\/matka.ai\/ca\/termes-i-condicions\/","name":"Termes i condicions - matka","isPartOf":{"@id":"https:\/\/matka.ai\/ca\/#website"},"datePublished":"2024-09-13T15:09:47+00:00","dateModified":"2025-03-18T20:21:39+00:00","breadcrumb":{"@id":"https:\/\/matka.ai\/ca\/termes-i-condicions\/#breadcrumb"},"inLanguage":"ca","potentialAction":[{"@type":"ReadAction","target":["https:\/\/matka.ai\/ca\/termes-i-condicions\/"]}]},{"@type":"BreadcrumbList","@id":"https:\/\/matka.ai\/ca\/termes-i-condicions\/#breadcrumb","itemListElement":[{"@type":"ListItem","position":1,"name":"Home","item":"https:\/\/matka.ai\/ca\/"},{"@type":"ListItem","position":2,"name":"Termes i condicions"}]},{"@type":"WebSite","@id":"https:\/\/matka.ai\/ca\/#website","url":"https:\/\/matka.ai\/ca\/","name":"matka.ai","description":"Your plans, effortless","publisher":{"@id":"https:\/\/matka.ai\/ca\/#organization"},"alternateName":"Experiences","potentialAction":[{"@type":"SearchAction","target":{"@type":"EntryPoint","urlTemplate":"https:\/\/matka.ai\/ca\/?s={search_term_string}"},"query-input":{"@type":"PropertyValueSpecification","valueRequired":true,"valueName":"search_term_string"}}],"inLanguage":"ca"},{"@type":"Organization","@id":"https:\/\/matka.ai\/ca\/#organization","name":"Matka","alternateName":"matka.experiences","url":"https:\/\/matka.ai\/ca\/","logo":{"@type":"ImageObject","inLanguage":"ca","@id":"https:\/\/matka.ai\/ca\/#\/schema\/logo\/image\/","url":"https:\/\/matka.ai\/wp-content\/uploads\/2025\/03\/matka_logo-1.svg","contentUrl":"https:\/\/matka.ai\/wp-content\/uploads\/2025\/03\/matka_logo-1.svg","width":1,"height":1,"caption":"Matka"},"image":{"@id":"https:\/\/matka.ai\/ca\/#\/schema\/logo\/image\/"},"sameAs":["https:\/\/www.instagram.com\/matka.experiences\/"]}]}},"uagb_featured_image_src":{"full":false,"thumbnail":false,"medium":false,"medium_large":false,"large":false,"1536x1536":false,"2048x2048":false},"uagb_author_info":{"display_name":"Jeronimo Gabande","author_link":"https:\/\/matka.ai\/ca\/author\/jeronimo\/"},"uagb_comment_info":0,"uagb_excerpt":"Termes i condicions Data d&#8217;entrada en vigor: 13.09.2024 Benvingut a Matka . Aquests Termes i Condicions regeixen el vostre acc\u00e9s i \u00fas del nostre lloc web, aplicacions m\u00f2bils i serveis (col\u00b7lectivament, els &#8220;Serveis&#8221;). En accedir o utilitzar els nostres Serveis, accepteu estar subjecte a aquests Termes i Condicions. Si us plau, llegiu atentament aquestes Condicions.&hellip;","_links":{"self":[{"href":"https:\/\/matka.ai\/ca\/wp-json\/wp\/v2\/pages\/3435","targetHints":{"allow":["GET"]}}],"collection":[{"href":"https:\/\/matka.ai\/ca\/wp-json\/wp\/v2\/pages"}],"about":[{"href":"https:\/\/matka.ai\/ca\/wp-json\/wp\/v2\/types\/page"}],"author":[{"embeddable":true,"href":"https:\/\/matka.ai\/ca\/wp-json\/wp\/v2\/users\/3"}],"replies":[{"embeddable":true,"href":"https:\/\/matka.ai\/ca\/wp-json\/wp\/v2\/comments?post=3435"}],"version-history":[{"count":1,"href":"https:\/\/matka.ai\/ca\/wp-json\/wp\/v2\/pages\/3435\/revisions"}],"predecessor-version":[{"id":3438,"href":"https:\/\/matka.ai\/ca\/wp-json\/wp\/v2\/pages\/3435\/revisions\/3438"}],"wp:attachment":[{"href":"https:\/\/matka.ai\/ca\/wp-json\/wp\/v2\/media?parent=3435"}],"curies":[{"name":"wp","href":"https:\/\/api.w.org\/{rel}","templated":true}]}}