{"id":3433,"date":"2024-09-09T23:00:22","date_gmt":"2024-09-09T21:00:22","guid":{"rendered":"https:\/\/matka.ai\/politica-de-privadesa\/"},"modified":"2025-03-18T21:21:39","modified_gmt":"2025-03-18T20:21:39","slug":"politica-de-privadesa","status":"publish","type":"page","link":"https:\/\/matka.ai\/ca\/politica-de-privadesa\/","title":{"rendered":"Pol\u00edtica de privadesa"},"content":{"rendered":"\n<div style=\"height:25px\" aria-hidden=\"true\" class=\"wp-block-spacer\"><\/div>\n\n<h1 class=\"wp-block-heading\"><strong>Pol\u00edtica de privadesa<\/strong><\/h1>\n\n<p><strong>Data d&#8217;entrada en vigor:<\/strong> 13.09.2024<\/p>\n\n<p>A <strong>Matka<\/strong> , ens comprometem a protegir i respectar la vostra privadesa. Aquesta Pol\u00edtica de privadesa descriu com recopilem, utilitzem, divulgem i protegim la vostra informaci\u00f3 quan utilitzeu el nostre lloc web, les aplicacions m\u00f2bils i altres serveis (col\u00b7lectivament, els &#8220;Serveis&#8221;). Si us plau, llegiu atentament aquesta pol\u00edtica. En accedir o utilitzar els nostres Serveis, accepteu els termes d&#8217;aquesta Pol\u00edtica de privadesa.   <\/p>\n\n<hr class=\"wp-block-separator has-alpha-channel-opacity is-style-wide\"\/>\n\n<h2 class=\"wp-block-heading\"><strong>1. Informaci\u00f3 que recollim<\/strong><\/h2>\n\n<p>Recopilem diferents tipus d&#8217;informaci\u00f3 en funci\u00f3 de com utilitzeu els nostres Serveis:<\/p>\n\n<h3 class=\"wp-block-heading\"><strong>a. Dades personals <\/strong><\/h3>\n\n<p>Quan creeu un compte, utilitzeu els nostres Serveis o interactueu amb nosaltres, podem recopilar:<\/p>\n\n<ul class=\"wp-block-list\">\n<li><strong>Nom<\/strong><\/li>\n\n\n\n<li><strong>Adre\u00e7a de correu electr\u00f2nic<\/strong><\/li>\n\n\n\n<li><strong>Dades d&#8217;ubicaci\u00f3<\/strong><\/li>\n\n\n\n<li><strong>Utilitzeu dades hist\u00f2riques<\/strong><\/li>\n\n\n\n<li><strong>Detalls de pagament<\/strong><\/li>\n<\/ul>\n\n<h3 class=\"wp-block-heading\"><strong>b. Dades recollides autom\u00e0ticament <\/strong><\/h3>\n\n<p>Quan interactueu amb els nostres Serveis, recopilem autom\u00e0ticament:<\/p>\n\n<ul class=\"wp-block-list\">\n<li><strong>adre\u00e7a IP<\/strong><\/li>\n\n\n\n<li><strong>Informaci\u00f3 del dispositiu<\/strong> (tipus de dispositiu, sistema operatiu, tipus de navegador)<\/li>\n\n\n\n<li><strong>Dades d&#8217;\u00fas<\/strong> (com interactueu amb els nostres Serveis, com ara les p\u00e0gines visitades, el temps dedicat i les accions realitzades)<\/li>\n\n\n\n<li><strong>Cookies i tecnologies de seguiment<\/strong> (vegeu la secci\u00f3 5 per obtenir m\u00e9s informaci\u00f3)<\/li>\n<\/ul>\n\n<h3 class=\"wp-block-heading\"><strong>c. Dades de tercers <\/strong><\/h3>\n\n<p>Tamb\u00e9 podem recopilar informaci\u00f3 de tercers, com ara plataformes de xarxes socials, si inicieu sessi\u00f3 amb credencials de tercers.<\/p>\n\n<hr class=\"wp-block-separator has-alpha-channel-opacity is-style-wide\"\/>\n\n<h2 class=\"wp-block-heading\"><strong>2. Com fem servir la teva informaci\u00f3<\/strong><\/h2>\n\n<p>Utilitzem la teva informaci\u00f3 per a una varietat de finalitats, com ara:<\/p>\n\n<ul class=\"wp-block-list\">\n<li>Per proporcionar i mantenir els nostres Serveis.<\/li>\n\n\n\n<li>Per personalitzar la vostra experi\u00e8ncia i oferir contingut adaptat a les vostres prefer\u00e8ncies.<\/li>\n\n\n\n<li>Per comunicar-nos amb vost\u00e8 sobre actualitzacions, ofertes i promocions.<\/li>\n\n\n\n<li>Per processar transaccions i pagaments.<\/li>\n\n\n\n<li>Per millorar la funcionalitat i el rendiment dels nostres Serveis.<\/li>\n\n\n\n<li>Per garantir la seguretat i integritat dels nostres Serveis.<\/li>\n<\/ul>\n\n<hr class=\"wp-block-separator has-alpha-channel-opacity is-style-wide\"\/>\n\n<h2 class=\"wp-block-heading\"><strong>3. Compartir la teva informaci\u00f3<\/strong><\/h2>\n\n<p>No venem la teva informaci\u00f3 personal. Tanmateix, podem compartir la vostra informaci\u00f3 de les maneres seg\u00fcents: <\/p>\n\n<h3 class=\"wp-block-heading\"><strong>a. Prove\u00efdors de serveis <\/strong><\/h3>\n\n<p>Podem compartir la vostra informaci\u00f3 amb prove\u00efdors de serveis de tercers que ens ajudin a oferir els Serveis, com ara processadors de pagaments, prove\u00efdors d&#8217;allotjament o serveis d&#8217;an\u00e0lisi.<\/p>\n\n<h3 class=\"wp-block-heading\"><strong>b. Requisits legals <\/strong><\/h3>\n\n<p>Podem revelar la vostra informaci\u00f3 si aix\u00ed ho requereix la llei o en resposta a sol\u00b7licituds legals v\u00e0lides de les autoritats p\u00fabliques, com ara un tribunal o una ag\u00e8ncia governamental.<\/p>\n\n<h3 class=\"wp-block-heading\"><strong>c. Transfer\u00e8ncies empresarials <\/strong><\/h3>\n\n<p>Si Matka participa en una fusi\u00f3, adquisici\u00f3 o venda d&#8217;actius, la vostra informaci\u00f3 es pot transferir com a part d&#8217;aquesta transacci\u00f3.<\/p>\n\n<hr class=\"wp-block-separator has-alpha-channel-opacity is-style-wide\"\/>\n\n<h2 class=\"wp-block-heading\"><strong>4. Els teus drets<\/strong><\/h2>\n\n<p>Teniu diversos drets sobre la vostra informaci\u00f3 personal, com ara:<\/p>\n\n<ul class=\"wp-block-list\">\n<li><strong>Dret d&#8217;acc\u00e9s<\/strong> : tens dret a sol\u00b7licitar una c\u00f2pia de les dades personals que tenim sobre tu.<\/li>\n\n\n\n<li><strong>Dret de rectificaci\u00f3<\/strong> : podeu sol\u00b7licitar la correcci\u00f3 de dades inexactes o incompletes.<\/li>\n\n\n\n<li><strong>Dret d&#8217;esborrat<\/strong> : pots sol\u00b7licitar la supressi\u00f3 de les teves dades personals en determinades circumst\u00e0ncies.<\/li>\n\n\n\n<li><strong>Dret a la limitaci\u00f3 del tractament<\/strong> : podeu sol\u00b7licitar la limitaci\u00f3 del tractament de les vostres dades personals en condicions espec\u00edfiques.<\/li>\n\n\n\n<li><strong>Dret a la portabilitat de les dades<\/strong> : pots sol\u00b7licitar la transfer\u00e8ncia de les teves dades a un altre prove\u00efdor de serveis.<\/li>\n\n\n\n<li><strong>Dret d&#8217;oposici\u00f3<\/strong> : teniu dret a oposar-vos a determinats tipus de tractament de dades, incl\u00f2s el m\u00e0rqueting directe.<\/li>\n<\/ul>\n\n<p>Per exercir aquests drets, poseu-vos en contacte amb nosaltres a <strong><a href=\"mailto:hello@matka.ai\">hello@matka.ai<\/a><\/strong> .<\/p>\n\n<hr class=\"wp-block-separator has-alpha-channel-opacity is-style-wide\"\/>\n\n<h2 class=\"wp-block-heading\"><strong>5. Cookies i tecnologies de seguiment<\/strong><\/h2>\n\n<p>Utilitzem cookies i altres tecnologies de seguiment per:<\/p>\n\n<ul class=\"wp-block-list\">\n<li>Millorar el rendiment i la funcionalitat dels nostres Serveis.<\/li>\n\n\n\n<li>Analitzar els patrons d&#8217;\u00fas i controlar el tr\u00e0nsit.<\/li>\n\n\n\n<li>Proporcioneu anuncis orientats en funci\u00f3 dels vostres interessos.<\/li>\n<\/ul>\n\n<p>Podeu controlar la configuraci\u00f3 de les galetes mitjan\u00e7ant el vostre navegador. Per obtenir m\u00e9s informaci\u00f3 sobre el nostre \u00fas de galetes, consulteu el nostre <strong>[Cookie Policy](enlla\u00e7 a la pol\u00edtica de cookies)<\/strong> . <\/p>\n\n<hr class=\"wp-block-separator has-alpha-channel-opacity is-style-wide\"\/>\n\n<h2 class=\"wp-block-heading\"><strong>6. Seguretat de les dades<\/strong><\/h2>\n\n<p>Implementem mesures de seguretat adequades per protegir la vostra informaci\u00f3 d&#8217;acc\u00e9s, alteraci\u00f3 o destrucci\u00f3 no autoritzats. Tanmateix, cap m\u00e8tode de transmissi\u00f3 per Internet o emmagatzematge electr\u00f2nic \u00e9s 100% segur i no podem garantir una seguretat absoluta. <\/p>\n\n<hr class=\"wp-block-separator has-alpha-channel-opacity is-style-wide\"\/>\n\n<h2 class=\"wp-block-heading\"><strong>7. Conservaci\u00f3 de dades<\/strong><\/h2>\n\n<p>Conservem les vostres dades personals nom\u00e9s durant el temps necessari per complir amb les finalitats descrites en aquesta pol\u00edtica, tret que la llei requereixi o permeti un per\u00edode de conservaci\u00f3 m\u00e9s llarg.<\/p>\n\n<hr class=\"wp-block-separator has-alpha-channel-opacity\"\/>\n\n<h2 class=\"wp-block-heading\"><strong>8. Privacitat dels nens<\/strong><\/h2>\n\n<p>Els nostres Serveis no estan destinats a ser utilitzats per persones menors de 18 anys. No recollim conscientment dades personals dels nens. Si ens assabentem que hem recollit informaci\u00f3 d&#8217;un nen sense el consentiment dels pares, l&#8217;eliminarem de seguida.  <\/p>\n\n<hr class=\"wp-block-separator has-alpha-channel-opacity is-style-wide\"\/>\n\n<h2 class=\"wp-block-heading\"><strong>9. Transfer\u00e8ncies internacionals de dades<\/strong><\/h2>\n\n<p>La vostra informaci\u00f3 es pot transferir i processar a pa\u00efsos aliens al vostre, inclosos pa\u00efsos que poden no oferir el mateix nivell de protecci\u00f3 de dades. En transferir les vostres dades, ens assegurem que hi ha les garanties adequades. <\/p>\n\n<hr class=\"wp-block-separator has-alpha-channel-opacity is-style-wide\"\/>\n\n<h2 class=\"wp-block-heading\"><strong>10. Canvis a aquesta Pol\u00edtica de privadesa<\/strong><\/h2>\n\n<p>\u00c9s possible que actualitzem aquesta Pol\u00edtica de privadesa de tant en tant. Quan ho fem, revisarem la &#8220;Data d&#8217;entrada en vigor&#8221; a la part superior d&#8217;aquest document i us notificarem els canvis significatius. Us animem a revisar aquesta pol\u00edtica peri\u00f2dicament per mantenir-vos informat sobre com protegim la vostra informaci\u00f3.  <\/p>\n\n<hr class=\"wp-block-separator has-alpha-channel-opacity is-style-wide\"\/>\n\n<h2 class=\"wp-block-heading\"><strong>11. Contacta amb nosaltres<\/strong><\/h2>\n\n<p>Si teniu cap pregunta o dubte sobre aquesta Pol\u00edtica de privadesa o les nostres pr\u00e0ctiques de dades, poseu-vos en contacte amb nosaltres <a href=\"https:\/\/matka.ai\/ca\/contacte\/\" data-type=\"page\" data-id=\"144\">aqu\u00ed<\/a> .<\/p>\n\n<div style=\"height:50px\" aria-hidden=\"true\" class=\"wp-block-spacer\"><\/div>\n","protected":false},"excerpt":{"rendered":"<p>Pol\u00edtica de privadesa Data d&#8217;entrada en vigor: 13.09.2024 A Matka , ens comprometem a protegir i respectar la vostra privadesa. Aquesta Pol\u00edtica de privadesa descriu com recopilem, utilitzem, divulgem i protegim la vostra informaci\u00f3 quan utilitzeu el nostre lloc web, les aplicacions m\u00f2bils i altres serveis (col\u00b7lectivament, els &#8220;Serveis&#8221;). Si us plau, llegiu atentament aquesta [&hellip;]<\/p>\n","protected":false},"author":3,"featured_media":0,"parent":0,"menu_order":0,"comment_status":"closed","ping_status":"open","template":"","meta":{"_uag_custom_page_level_css":"","_swt_meta_header_display":false,"_swt_meta_footer_display":false,"_swt_meta_site_title_display":false,"_swt_meta_sticky_header":false,"_swt_meta_transparent_header":false,"footnotes":""},"class_list":["post-3433","page","type-page","status-publish","hentry"],"yoast_head":"<!-- This site is optimized with the Yoast SEO plugin v27.5 - https:\/\/yoast.com\/product\/yoast-seo-wordpress\/ -->\n<title>Pol\u00edtica de privadesa - matka<\/title>\n<meta name=\"robots\" content=\"index, follow, max-snippet:-1, max-image-preview:large, max-video-preview:-1\" \/>\n<link rel=\"canonical\" href=\"https:\/\/matka.ai\/ca\/politica-de-privadesa\/\" \/>\n<meta property=\"og:locale\" content=\"ca_ES\" \/>\n<meta property=\"og:type\" content=\"article\" \/>\n<meta property=\"og:title\" content=\"Pol\u00edtica de privadesa - matka\" \/>\n<meta property=\"og:description\" content=\"Pol\u00edtica de privadesa Data d&#8217;entrada en vigor: 13.09.2024 A Matka , ens comprometem a protegir i respectar la vostra privadesa. Aquesta Pol\u00edtica de privadesa descriu com recopilem, utilitzem, divulgem i protegim la vostra informaci\u00f3 quan utilitzeu el nostre lloc web, les aplicacions m\u00f2bils i altres serveis (col\u00b7lectivament, els &#8220;Serveis&#8221;). Si us plau, llegiu atentament aquesta [&hellip;]\" \/>\n<meta property=\"og:url\" content=\"https:\/\/matka.ai\/ca\/politica-de-privadesa\/\" \/>\n<meta property=\"og:site_name\" content=\"matka\" \/>\n<meta property=\"article:publisher\" content=\"https:\/\/www.instagram.com\/matka.experiences\/\" \/>\n<meta property=\"article:modified_time\" content=\"2025-03-18T20:21:39+00:00\" \/>\n<meta name=\"twitter:card\" content=\"summary_large_image\" \/>\n<meta name=\"twitter:label1\" content=\"Temps estimat de lectura\" \/>\n\t<meta name=\"twitter:data1\" content=\"4 minuts\" \/>\n<script type=\"application\/ld+json\" class=\"yoast-schema-graph\">{\"@context\":\"https:\\\/\\\/schema.org\",\"@graph\":[{\"@type\":\"WebPage\",\"@id\":\"https:\\\/\\\/matka.ai\\\/ca\\\/politica-de-privadesa\\\/\",\"url\":\"https:\\\/\\\/matka.ai\\\/ca\\\/politica-de-privadesa\\\/\",\"name\":\"Pol\u00edtica de privadesa - matka\",\"isPartOf\":{\"@id\":\"https:\\\/\\\/matka.ai\\\/ca\\\/#website\"},\"datePublished\":\"2024-09-09T21:00:22+00:00\",\"dateModified\":\"2025-03-18T20:21:39+00:00\",\"breadcrumb\":{\"@id\":\"https:\\\/\\\/matka.ai\\\/ca\\\/politica-de-privadesa\\\/#breadcrumb\"},\"inLanguage\":\"ca\",\"potentialAction\":[{\"@type\":\"ReadAction\",\"target\":[\"https:\\\/\\\/matka.ai\\\/ca\\\/politica-de-privadesa\\\/\"]}]},{\"@type\":\"BreadcrumbList\",\"@id\":\"https:\\\/\\\/matka.ai\\\/ca\\\/politica-de-privadesa\\\/#breadcrumb\",\"itemListElement\":[{\"@type\":\"ListItem\",\"position\":1,\"name\":\"Home\",\"item\":\"https:\\\/\\\/matka.ai\\\/ca\\\/\"},{\"@type\":\"ListItem\",\"position\":2,\"name\":\"Pol\u00edtica de privadesa\"}]},{\"@type\":\"WebSite\",\"@id\":\"https:\\\/\\\/matka.ai\\\/ca\\\/#website\",\"url\":\"https:\\\/\\\/matka.ai\\\/ca\\\/\",\"name\":\"matka.ai\",\"description\":\"Your plans, effortless\",\"publisher\":{\"@id\":\"https:\\\/\\\/matka.ai\\\/ca\\\/#organization\"},\"alternateName\":\"Experiences\",\"potentialAction\":[{\"@type\":\"SearchAction\",\"target\":{\"@type\":\"EntryPoint\",\"urlTemplate\":\"https:\\\/\\\/matka.ai\\\/ca\\\/?s={search_term_string}\"},\"query-input\":{\"@type\":\"PropertyValueSpecification\",\"valueRequired\":true,\"valueName\":\"search_term_string\"}}],\"inLanguage\":\"ca\"},{\"@type\":\"Organization\",\"@id\":\"https:\\\/\\\/matka.ai\\\/ca\\\/#organization\",\"name\":\"Matka\",\"alternateName\":\"matka.experiences\",\"url\":\"https:\\\/\\\/matka.ai\\\/ca\\\/\",\"logo\":{\"@type\":\"ImageObject\",\"inLanguage\":\"ca\",\"@id\":\"https:\\\/\\\/matka.ai\\\/ca\\\/#\\\/schema\\\/logo\\\/image\\\/\",\"url\":\"https:\\\/\\\/matka.ai\\\/wp-content\\\/uploads\\\/2025\\\/03\\\/matka_logo-1.svg\",\"contentUrl\":\"https:\\\/\\\/matka.ai\\\/wp-content\\\/uploads\\\/2025\\\/03\\\/matka_logo-1.svg\",\"width\":1,\"height\":1,\"caption\":\"Matka\"},\"image\":{\"@id\":\"https:\\\/\\\/matka.ai\\\/ca\\\/#\\\/schema\\\/logo\\\/image\\\/\"},\"sameAs\":[\"https:\\\/\\\/www.instagram.com\\\/matka.experiences\\\/\"]}]}<\/script>\n<!-- \/ Yoast SEO plugin. -->","yoast_head_json":{"title":"Pol\u00edtica de privadesa - matka","robots":{"index":"index","follow":"follow","max-snippet":"max-snippet:-1","max-image-preview":"max-image-preview:large","max-video-preview":"max-video-preview:-1"},"canonical":"https:\/\/matka.ai\/ca\/politica-de-privadesa\/","og_locale":"ca_ES","og_type":"article","og_title":"Pol\u00edtica de privadesa - matka","og_description":"Pol\u00edtica de privadesa Data d&#8217;entrada en vigor: 13.09.2024 A Matka , ens comprometem a protegir i respectar la vostra privadesa. Aquesta Pol\u00edtica de privadesa descriu com recopilem, utilitzem, divulgem i protegim la vostra informaci\u00f3 quan utilitzeu el nostre lloc web, les aplicacions m\u00f2bils i altres serveis (col\u00b7lectivament, els &#8220;Serveis&#8221;). Si us plau, llegiu atentament aquesta [&hellip;]","og_url":"https:\/\/matka.ai\/ca\/politica-de-privadesa\/","og_site_name":"matka","article_publisher":"https:\/\/www.instagram.com\/matka.experiences\/","article_modified_time":"2025-03-18T20:21:39+00:00","twitter_card":"summary_large_image","twitter_misc":{"Temps estimat de lectura":"4 minuts"},"schema":{"@context":"https:\/\/schema.org","@graph":[{"@type":"WebPage","@id":"https:\/\/matka.ai\/ca\/politica-de-privadesa\/","url":"https:\/\/matka.ai\/ca\/politica-de-privadesa\/","name":"Pol\u00edtica de privadesa - matka","isPartOf":{"@id":"https:\/\/matka.ai\/ca\/#website"},"datePublished":"2024-09-09T21:00:22+00:00","dateModified":"2025-03-18T20:21:39+00:00","breadcrumb":{"@id":"https:\/\/matka.ai\/ca\/politica-de-privadesa\/#breadcrumb"},"inLanguage":"ca","potentialAction":[{"@type":"ReadAction","target":["https:\/\/matka.ai\/ca\/politica-de-privadesa\/"]}]},{"@type":"BreadcrumbList","@id":"https:\/\/matka.ai\/ca\/politica-de-privadesa\/#breadcrumb","itemListElement":[{"@type":"ListItem","position":1,"name":"Home","item":"https:\/\/matka.ai\/ca\/"},{"@type":"ListItem","position":2,"name":"Pol\u00edtica de privadesa"}]},{"@type":"WebSite","@id":"https:\/\/matka.ai\/ca\/#website","url":"https:\/\/matka.ai\/ca\/","name":"matka.ai","description":"Your plans, effortless","publisher":{"@id":"https:\/\/matka.ai\/ca\/#organization"},"alternateName":"Experiences","potentialAction":[{"@type":"SearchAction","target":{"@type":"EntryPoint","urlTemplate":"https:\/\/matka.ai\/ca\/?s={search_term_string}"},"query-input":{"@type":"PropertyValueSpecification","valueRequired":true,"valueName":"search_term_string"}}],"inLanguage":"ca"},{"@type":"Organization","@id":"https:\/\/matka.ai\/ca\/#organization","name":"Matka","alternateName":"matka.experiences","url":"https:\/\/matka.ai\/ca\/","logo":{"@type":"ImageObject","inLanguage":"ca","@id":"https:\/\/matka.ai\/ca\/#\/schema\/logo\/image\/","url":"https:\/\/matka.ai\/wp-content\/uploads\/2025\/03\/matka_logo-1.svg","contentUrl":"https:\/\/matka.ai\/wp-content\/uploads\/2025\/03\/matka_logo-1.svg","width":1,"height":1,"caption":"Matka"},"image":{"@id":"https:\/\/matka.ai\/ca\/#\/schema\/logo\/image\/"},"sameAs":["https:\/\/www.instagram.com\/matka.experiences\/"]}]}},"uagb_featured_image_src":{"full":false,"thumbnail":false,"medium":false,"medium_large":false,"large":false,"1536x1536":false,"2048x2048":false},"uagb_author_info":{"display_name":"Jeronimo Gabande","author_link":"https:\/\/matka.ai\/ca\/author\/jeronimo\/"},"uagb_comment_info":0,"uagb_excerpt":"Pol\u00edtica de privadesa Data d&#8217;entrada en vigor: 13.09.2024 A Matka , ens comprometem a protegir i respectar la vostra privadesa. Aquesta Pol\u00edtica de privadesa descriu com recopilem, utilitzem, divulgem i protegim la vostra informaci\u00f3 quan utilitzeu el nostre lloc web, les aplicacions m\u00f2bils i altres serveis (col\u00b7lectivament, els &#8220;Serveis&#8221;). Si us plau, llegiu atentament aquesta&hellip;","_links":{"self":[{"href":"https:\/\/matka.ai\/ca\/wp-json\/wp\/v2\/pages\/3433","targetHints":{"allow":["GET"]}}],"collection":[{"href":"https:\/\/matka.ai\/ca\/wp-json\/wp\/v2\/pages"}],"about":[{"href":"https:\/\/matka.ai\/ca\/wp-json\/wp\/v2\/types\/page"}],"author":[{"embeddable":true,"href":"https:\/\/matka.ai\/ca\/wp-json\/wp\/v2\/users\/3"}],"replies":[{"embeddable":true,"href":"https:\/\/matka.ai\/ca\/wp-json\/wp\/v2\/comments?post=3433"}],"version-history":[{"count":1,"href":"https:\/\/matka.ai\/ca\/wp-json\/wp\/v2\/pages\/3433\/revisions"}],"predecessor-version":[{"id":3437,"href":"https:\/\/matka.ai\/ca\/wp-json\/wp\/v2\/pages\/3433\/revisions\/3437"}],"wp:attachment":[{"href":"https:\/\/matka.ai\/ca\/wp-json\/wp\/v2\/media?parent=3433"}],"curies":[{"name":"wp","href":"https:\/\/api.w.org\/{rel}","templated":true}]}}