{"id":3424,"date":"2024-09-12T05:05:22","date_gmt":"2024-09-12T03:05:22","guid":{"rendered":"https:\/\/matka.ai\/pmf\/"},"modified":"2025-03-18T21:21:39","modified_gmt":"2025-03-18T20:21:39","slug":"pmf","status":"publish","type":"page","link":"https:\/\/matka.ai\/ca\/pmf\/","title":{"rendered":"PMF"},"content":{"rendered":"\n<div style=\"height:25px\" aria-hidden=\"true\" class=\"wp-block-spacer\"><\/div>\n\n<div class=\"wp-block-uagb-container uagb-block-0e33d223 alignwide uagb-is-root-container\">\n<h2 class=\"wp-block-heading has-large-font-size\">Tens preguntes?<\/h2>\n\n\n<div class=\"guten-accordions\"><div class=\"accordion-heading\"><div class=\"accordion-icon\"><span class=\"accordion-icon-open\"><i aria-hidden=\"true\" class=\"fas fa-minus\"><\/i><\/span><span class=\"accordion-icon-closed\"><i aria-hidden=\"true\" class=\"fas fa-plus\"><\/i><\/span><\/div><span class=\"accordion-text\"><\/span><\/div><div class=\"accordion-body\"><div class=\"accordion-content\">\n<p class=\"has-large-font-size\">Estem treballant dur per expandir-nos a m\u00e9s ciutats! Estigueu atents perqu\u00e8 aviat portem Matka a la vostra zona. <\/p>\n<\/div><\/div><div class=\"accordion-heading\"><div class=\"accordion-icon\"><span class=\"accordion-icon-open\"><i aria-hidden=\"true\" class=\"fas fa-minus\"><\/i><\/span><span class=\"accordion-icon-closed\"><i aria-hidden=\"true\" class=\"fas fa-plus\"><\/i><\/span><\/div><span class=\"accordion-text\"><\/span><\/div><div class=\"accordion-body\"><div class=\"accordion-content\">\n<p class=\"has-large-font-size\">Matka est\u00e0 actualment en desenvolupament i estem treballant per llan\u00e7ar-lo aviat. Inscriu-te per rebre actualitzacions i sigues el primer en saber-ho! <\/p>\n<\/div><\/div><div class=\"accordion-heading\"><div class=\"accordion-icon\"><span class=\"accordion-icon-open\"><i aria-hidden=\"true\" class=\"fas fa-minus\"><\/i><\/span><span class=\"accordion-icon-closed\"><i aria-hidden=\"true\" class=\"fas fa-plus\"><\/i><\/span><\/div><span class=\"accordion-text\"><\/span><\/div><div class=\"accordion-body\"><div class=\"accordion-content\">\n<p class=\"has-large-font-size\">Matka estar\u00e0 disponible tant a Android com a iOS un cop es publiqui l&#8217;aplicaci\u00f3.<\/p>\n<\/div><\/div><div class=\"accordion-heading\"><div class=\"accordion-icon\"><span class=\"accordion-icon-open\"><i aria-hidden=\"true\" class=\"fas fa-minus\"><\/i><\/span><span class=\"accordion-icon-closed\"><i aria-hidden=\"true\" class=\"fas fa-plus\"><\/i><\/span><\/div><span class=\"accordion-text\"><\/span><\/div><div class=\"accordion-body\"><div class=\"accordion-content\">\n<p class=\"has-large-font-size\">Utilitzem t\u00e8cniques avan\u00e7ades de rastreig de dades per recopilar informaci\u00f3 p\u00fablica d&#8217;Internet, garantint-vos que obtingueu les experi\u00e8ncies m\u00e9s actualitzades. Despr\u00e9s fem servir els LLM per entendre aquesta informaci\u00f3 i organitzar-la. Finalment, fem servir recomanadors avan\u00e7ats que fan la concordan\u00e7a entre el vostre gust i les experi\u00e8ncies disponibles.  <\/p>\n<\/div><\/div><div class=\"accordion-heading\"><div class=\"accordion-icon\"><span class=\"accordion-icon-open\"><i aria-hidden=\"true\" class=\"fas fa-minus\"><\/i><\/span><span class=\"accordion-icon-closed\"><i aria-hidden=\"true\" class=\"fas fa-plus\"><\/i><\/span><\/div><span class=\"accordion-text\"><\/span><\/div><div class=\"accordion-body\"><div class=\"accordion-content\">\n<p class=\"has-large-font-size\">Els nostres algorismes d&#8217;aprenentatge autom\u00e0tic analitzen les vostres prefer\u00e8ncies i comportaments per suggerir-vos les millors activitats adaptades als vostres gustos.<\/p>\n<\/div><\/div><div class=\"accordion-heading\"><div class=\"accordion-icon\"><span class=\"accordion-icon-open\"><i aria-hidden=\"true\" class=\"fas fa-minus\"><\/i><\/span><span class=\"accordion-icon-closed\"><i aria-hidden=\"true\" class=\"fas fa-plus\"><\/i><\/span><\/div><span class=\"accordion-text\"><\/span><\/div><div class=\"accordion-body\"><div class=\"accordion-content\">\n<p class=\"has-large-font-size\">No, ens prenem seriosament la privadesa i no venem ni compartim les vostres dades personals amb tercers.<\/p>\n<\/div><\/div><div class=\"accordion-heading\"><div class=\"accordion-icon\"><span class=\"accordion-icon-open\"><i aria-hidden=\"true\" class=\"fas fa-minus\"><\/i><\/span><span class=\"accordion-icon-closed\"><i aria-hidden=\"true\" class=\"fas fa-plus\"><\/i><\/span><\/div><span class=\"accordion-text\"><\/span><\/div><div class=\"accordion-body\"><div class=\"accordion-content\">\n<p class=\"has-large-font-size\">Matka ofereix una \u00e0mplia gamma d&#8217;activitats, des de concerts i esdeveniments culturals fins a aventures a l&#8217;aire lliure i experi\u00e8ncies de benestar, en funci\u00f3 dels vostres interessos. Si hi ha algun tipus d&#8217;activitat no incl\u00f2s, feu-nos-ho saber aqu\u00ed i l&#8217;afegirem! <\/p>\n<\/div><\/div><div class=\"accordion-heading\"><div class=\"accordion-icon\"><span class=\"accordion-icon-open\"><i aria-hidden=\"true\" class=\"fas fa-minus\"><\/i><\/span><span class=\"accordion-icon-closed\"><i aria-hidden=\"true\" class=\"fas fa-plus\"><\/i><\/span><\/div><span class=\"accordion-text\"><\/span><\/div><div class=\"accordion-body\"><div class=\"accordion-content\">\n<p class=\"has-large-font-size\">Actualment, Matka se centra a oferir les millors recomanacions, per\u00f2 estem explorant maneres d&#8217;integrar i automatitzar les reserves en futures actualitzacions.<\/p>\n<\/div><\/div><\/div>\n\n\n<p class=\"has-large-font-size\">Si encara tens dubtes, no dubtis en contactar amb nosaltres mitjan\u00e7ant el formulari <a href=\"https:\/\/matka.ai\/ca\/contacte\/\" data-type=\"page\" data-id=\"144\">aqu\u00ed<\/a> , o a <a href=\"https:\/\/www.instagram.com\/matka.experiences\/\">les xarxes socials<\/a> .<\/p>\n<\/div>\n\n<div style=\"height:25px\" aria-hidden=\"true\" class=\"wp-block-spacer\"><\/div>\n","protected":false},"excerpt":{"rendered":"<p>Tens preguntes? Si encara tens dubtes, no dubtis en contactar amb nosaltres mitjan\u00e7ant el formulari aqu\u00ed , o a les xarxes socials .<\/p>\n","protected":false},"author":3,"featured_media":0,"parent":0,"menu_order":0,"comment_status":"closed","ping_status":"closed","template":"","meta":{"_uag_custom_page_level_css":"","_swt_meta_header_display":false,"_swt_meta_footer_display":false,"_swt_meta_site_title_display":false,"_swt_meta_sticky_header":false,"_swt_meta_transparent_header":false,"footnotes":""},"class_list":["post-3424","page","type-page","status-publish","hentry"],"yoast_head":"<!-- This site is optimized with the Yoast SEO plugin v27.5 - https:\/\/yoast.com\/product\/yoast-seo-wordpress\/ -->\n<title>PMF - matka<\/title>\n<meta name=\"robots\" content=\"index, follow, max-snippet:-1, max-image-preview:large, max-video-preview:-1\" \/>\n<link rel=\"canonical\" href=\"https:\/\/matka.ai\/ca\/pmf\/\" \/>\n<meta property=\"og:locale\" content=\"ca_ES\" \/>\n<meta property=\"og:type\" content=\"article\" \/>\n<meta property=\"og:title\" content=\"PMF - matka\" \/>\n<meta property=\"og:description\" content=\"Tens preguntes? Si encara tens dubtes, no dubtis en contactar amb nosaltres mitjan\u00e7ant el formulari aqu\u00ed , o a les xarxes socials .\" \/>\n<meta property=\"og:url\" content=\"https:\/\/matka.ai\/ca\/pmf\/\" \/>\n<meta property=\"og:site_name\" content=\"matka\" \/>\n<meta property=\"article:publisher\" content=\"https:\/\/www.instagram.com\/matka.experiences\/\" \/>\n<meta property=\"article:modified_time\" content=\"2025-03-18T20:21:39+00:00\" \/>\n<meta name=\"twitter:card\" content=\"summary_large_image\" \/>\n<meta name=\"twitter:label1\" content=\"Temps estimat de lectura\" \/>\n\t<meta name=\"twitter:data1\" content=\"1 minut\" \/>\n<script type=\"application\/ld+json\" class=\"yoast-schema-graph\">{\"@context\":\"https:\\\/\\\/schema.org\",\"@graph\":[{\"@type\":\"WebPage\",\"@id\":\"https:\\\/\\\/matka.ai\\\/ca\\\/pmf\\\/\",\"url\":\"https:\\\/\\\/matka.ai\\\/ca\\\/pmf\\\/\",\"name\":\"PMF - matka\",\"isPartOf\":{\"@id\":\"https:\\\/\\\/matka.ai\\\/ca\\\/#website\"},\"datePublished\":\"2024-09-12T03:05:22+00:00\",\"dateModified\":\"2025-03-18T20:21:39+00:00\",\"breadcrumb\":{\"@id\":\"https:\\\/\\\/matka.ai\\\/ca\\\/pmf\\\/#breadcrumb\"},\"inLanguage\":\"ca\",\"potentialAction\":[{\"@type\":\"ReadAction\",\"target\":[\"https:\\\/\\\/matka.ai\\\/ca\\\/pmf\\\/\"]}]},{\"@type\":\"BreadcrumbList\",\"@id\":\"https:\\\/\\\/matka.ai\\\/ca\\\/pmf\\\/#breadcrumb\",\"itemListElement\":[{\"@type\":\"ListItem\",\"position\":1,\"name\":\"Home\",\"item\":\"https:\\\/\\\/matka.ai\\\/ca\\\/\"},{\"@type\":\"ListItem\",\"position\":2,\"name\":\"PMF\"}]},{\"@type\":\"WebSite\",\"@id\":\"https:\\\/\\\/matka.ai\\\/ca\\\/#website\",\"url\":\"https:\\\/\\\/matka.ai\\\/ca\\\/\",\"name\":\"matka.ai\",\"description\":\"Your plans, effortless\",\"publisher\":{\"@id\":\"https:\\\/\\\/matka.ai\\\/ca\\\/#organization\"},\"alternateName\":\"Experiences\",\"potentialAction\":[{\"@type\":\"SearchAction\",\"target\":{\"@type\":\"EntryPoint\",\"urlTemplate\":\"https:\\\/\\\/matka.ai\\\/ca\\\/?s={search_term_string}\"},\"query-input\":{\"@type\":\"PropertyValueSpecification\",\"valueRequired\":true,\"valueName\":\"search_term_string\"}}],\"inLanguage\":\"ca\"},{\"@type\":\"Organization\",\"@id\":\"https:\\\/\\\/matka.ai\\\/ca\\\/#organization\",\"name\":\"Matka\",\"alternateName\":\"matka.experiences\",\"url\":\"https:\\\/\\\/matka.ai\\\/ca\\\/\",\"logo\":{\"@type\":\"ImageObject\",\"inLanguage\":\"ca\",\"@id\":\"https:\\\/\\\/matka.ai\\\/ca\\\/#\\\/schema\\\/logo\\\/image\\\/\",\"url\":\"https:\\\/\\\/matka.ai\\\/wp-content\\\/uploads\\\/2025\\\/03\\\/matka_logo-1.svg\",\"contentUrl\":\"https:\\\/\\\/matka.ai\\\/wp-content\\\/uploads\\\/2025\\\/03\\\/matka_logo-1.svg\",\"width\":1,\"height\":1,\"caption\":\"Matka\"},\"image\":{\"@id\":\"https:\\\/\\\/matka.ai\\\/ca\\\/#\\\/schema\\\/logo\\\/image\\\/\"},\"sameAs\":[\"https:\\\/\\\/www.instagram.com\\\/matka.experiences\\\/\"]}]}<\/script>\n<!-- \/ Yoast SEO plugin. -->","yoast_head_json":{"title":"PMF - matka","robots":{"index":"index","follow":"follow","max-snippet":"max-snippet:-1","max-image-preview":"max-image-preview:large","max-video-preview":"max-video-preview:-1"},"canonical":"https:\/\/matka.ai\/ca\/pmf\/","og_locale":"ca_ES","og_type":"article","og_title":"PMF - matka","og_description":"Tens preguntes? Si encara tens dubtes, no dubtis en contactar amb nosaltres mitjan\u00e7ant el formulari aqu\u00ed , o a les xarxes socials .","og_url":"https:\/\/matka.ai\/ca\/pmf\/","og_site_name":"matka","article_publisher":"https:\/\/www.instagram.com\/matka.experiences\/","article_modified_time":"2025-03-18T20:21:39+00:00","twitter_card":"summary_large_image","twitter_misc":{"Temps estimat de lectura":"1 minut"},"schema":{"@context":"https:\/\/schema.org","@graph":[{"@type":"WebPage","@id":"https:\/\/matka.ai\/ca\/pmf\/","url":"https:\/\/matka.ai\/ca\/pmf\/","name":"PMF - matka","isPartOf":{"@id":"https:\/\/matka.ai\/ca\/#website"},"datePublished":"2024-09-12T03:05:22+00:00","dateModified":"2025-03-18T20:21:39+00:00","breadcrumb":{"@id":"https:\/\/matka.ai\/ca\/pmf\/#breadcrumb"},"inLanguage":"ca","potentialAction":[{"@type":"ReadAction","target":["https:\/\/matka.ai\/ca\/pmf\/"]}]},{"@type":"BreadcrumbList","@id":"https:\/\/matka.ai\/ca\/pmf\/#breadcrumb","itemListElement":[{"@type":"ListItem","position":1,"name":"Home","item":"https:\/\/matka.ai\/ca\/"},{"@type":"ListItem","position":2,"name":"PMF"}]},{"@type":"WebSite","@id":"https:\/\/matka.ai\/ca\/#website","url":"https:\/\/matka.ai\/ca\/","name":"matka.ai","description":"Your plans, effortless","publisher":{"@id":"https:\/\/matka.ai\/ca\/#organization"},"alternateName":"Experiences","potentialAction":[{"@type":"SearchAction","target":{"@type":"EntryPoint","urlTemplate":"https:\/\/matka.ai\/ca\/?s={search_term_string}"},"query-input":{"@type":"PropertyValueSpecification","valueRequired":true,"valueName":"search_term_string"}}],"inLanguage":"ca"},{"@type":"Organization","@id":"https:\/\/matka.ai\/ca\/#organization","name":"Matka","alternateName":"matka.experiences","url":"https:\/\/matka.ai\/ca\/","logo":{"@type":"ImageObject","inLanguage":"ca","@id":"https:\/\/matka.ai\/ca\/#\/schema\/logo\/image\/","url":"https:\/\/matka.ai\/wp-content\/uploads\/2025\/03\/matka_logo-1.svg","contentUrl":"https:\/\/matka.ai\/wp-content\/uploads\/2025\/03\/matka_logo-1.svg","width":1,"height":1,"caption":"Matka"},"image":{"@id":"https:\/\/matka.ai\/ca\/#\/schema\/logo\/image\/"},"sameAs":["https:\/\/www.instagram.com\/matka.experiences\/"]}]}},"uagb_featured_image_src":{"full":false,"thumbnail":false,"medium":false,"medium_large":false,"large":false,"1536x1536":false,"2048x2048":false},"uagb_author_info":{"display_name":"Jeronimo Gabande","author_link":"https:\/\/matka.ai\/ca\/author\/jeronimo\/"},"uagb_comment_info":0,"uagb_excerpt":"Tens preguntes? Si encara tens dubtes, no dubtis en contactar amb nosaltres mitjan\u00e7ant el formulari aqu\u00ed , o a les xarxes socials .","_links":{"self":[{"href":"https:\/\/matka.ai\/ca\/wp-json\/wp\/v2\/pages\/3424","targetHints":{"allow":["GET"]}}],"collection":[{"href":"https:\/\/matka.ai\/ca\/wp-json\/wp\/v2\/pages"}],"about":[{"href":"https:\/\/matka.ai\/ca\/wp-json\/wp\/v2\/types\/page"}],"author":[{"embeddable":true,"href":"https:\/\/matka.ai\/ca\/wp-json\/wp\/v2\/users\/3"}],"replies":[{"embeddable":true,"href":"https:\/\/matka.ai\/ca\/wp-json\/wp\/v2\/comments?post=3424"}],"version-history":[{"count":1,"href":"https:\/\/matka.ai\/ca\/wp-json\/wp\/v2\/pages\/3424\/revisions"}],"predecessor-version":[{"id":3428,"href":"https:\/\/matka.ai\/ca\/wp-json\/wp\/v2\/pages\/3424\/revisions\/3428"}],"wp:attachment":[{"href":"https:\/\/matka.ai\/ca\/wp-json\/wp\/v2\/media?parent=3424"}],"curies":[{"name":"wp","href":"https:\/\/api.w.org\/{rel}","templated":true}]}}